{"id":174373,"date":"2025-08-01T03:07:05","date_gmt":"2025-08-01T01:07:05","guid":{"rendered":"https:\/\/www.budream.com\/shop\/barneys-farm-gmo-fem-disponible-dans-la-limite-des-stocks-disponibles\/"},"modified":"2026-04-17T08:36:46","modified_gmt":"2026-04-17T06:36:46","slug":"barneys-farm-gmo-fem-disponible-dans-la-limite-des-stocks-disponibles","status":"publish","type":"product","link":"https:\/\/www.budream.com\/fr\/shop\/barneys-farm-gmo-fem-disponible-dans-la-limite-des-stocks-disponibles\/","title":{"rendered":"BARNEY&rsquo;S FARM &#8211; GMO FEM Disponible dans la limite des stocks disponibles"},"content":{"rendered":"<div style=\"text-align: justify\">\u00cates-vous pr\u00eat \u00e0 vivre l&rsquo;exp\u00e9rience ultime ? Pr\u00e9parez-vous \u00e0 succomber \u00e0 l&rsquo;attrait envo\u00fbtant de la GMO, une vari\u00e9t\u00e9 qui vous laissera sous le charme. Avec sa combinaison de g\u00e9n\u00e9tique Chemdowg et de Girl Scout Cookies, la GMO s\u00e9duit par sa complexit\u00e9 indescriptible et son caract\u00e8re unique.<\/div>\n<p><\/p>\n<h2><strong>Caract\u00e9ristiques GMO Fem :<\/strong><\/h2>\n<ul style=\"list-style-type: disc\">\n<li><strong>Genre :<\/strong> F\u00e9minis\u00e9e<\/li>\n<li><strong>G\u00e9notype :<\/strong> 90% Indica \/ 10% Sativa<\/li>\n<li><strong>G\u00e9n\u00e9tique :<\/strong> Chemdawg Strain x Girl Scout Cookies Strain<\/li>\n<li>Jours de<strong>floraison<\/strong><strong>:<\/strong> 75 &#8211; 80 jours<\/li>\n<\/ul>\n<p><\/p>\n<div style=\"text-align: justify\"><span style=\"font-size: 11pt\"><em><strong>ATTENTION :<\/strong> Les graines de chanvre sont exclues de la notion l\u00e9gale de Cannabis, ce qui signifie qu&rsquo;elles ne doivent pas \u00eatre consid\u00e9r\u00e9es comme une substance stup\u00e9fiante (L. 412 de 1974, art. 1, alin\u00e9a 1, lettre B ; Convention unique sur les stup\u00e9fiants de New York de 1961 et tableau II du d\u00e9cret minist\u00e9riel 27\/7\/1992). En Italie, la culture du chanvre est interdite (articles 28 et 73 du d\u00e9cret pr\u00e9sidentiel 309\/90), sauf autorisation sp\u00e9ciale (article 17 du d\u00e9cret pr\u00e9sidentiel 309\/90). En l&rsquo;absence d&rsquo;autorisation, les semences ne peuvent \u00eatre utilis\u00e9es qu&rsquo;\u00e0 d&rsquo;autres fins (zootechniques, de collection, etc.). Les semences sont vendues sous r\u00e9serve qu&rsquo;elles ne soient pas utilis\u00e9es par des tiers en contradiction avec la loi.<\/em><\/span><\/div>\n","protected":false},"excerpt":{"rendered":"<p>\u00cates-vous pr\u00eat \u00e0 vivre l&rsquo;exp\u00e9rience ultime ? Pr\u00e9parez-vous \u00e0 succomber \u00e0 l&rsquo;attrait envo\u00fbtant de la GMO, une vari\u00e9t\u00e9 qui vous<\/p>\n","protected":false},"featured_media":174363,"comment_status":"open","ping_status":"closed","template":"","meta":[],"product_brand":[],"product_cat":[7951],"product_tag":[],"class_list":{"0":"post-174373","1":"product","2":"type-product","3":"status-publish","4":"has-post-thumbnail","6":"product_cat-magasin-de-graines","8":"first","9":"outofstock","10":"sale","11":"taxable","12":"shipping-taxable","13":"purchasable","14":"product-type-variable"},"_links":{"self":[{"href":"https:\/\/www.budream.com\/fr\/wp-json\/wp\/v2\/product\/174373","targetHints":{"allow":["GET"]}}],"collection":[{"href":"https:\/\/www.budream.com\/fr\/wp-json\/wp\/v2\/product"}],"about":[{"href":"https:\/\/www.budream.com\/fr\/wp-json\/wp\/v2\/types\/product"}],"replies":[{"embeddable":true,"href":"https:\/\/www.budream.com\/fr\/wp-json\/wp\/v2\/comments?post=174373"}],"version-history":[{"count":1,"href":"https:\/\/www.budream.com\/fr\/wp-json\/wp\/v2\/product\/174373\/revisions"}],"predecessor-version":[{"id":263163,"href":"https:\/\/www.budream.com\/fr\/wp-json\/wp\/v2\/product\/174373\/revisions\/263163"}],"wp:featuredmedia":[{"embeddable":true,"href":"https:\/\/www.budream.com\/fr\/wp-json\/wp\/v2\/media\/174363"}],"wp:attachment":[{"href":"https:\/\/www.budream.com\/fr\/wp-json\/wp\/v2\/media?parent=174373"}],"wp:term":[{"taxonomy":"product_brand","embeddable":true,"href":"https:\/\/www.budream.com\/fr\/wp-json\/wp\/v2\/product_brand?post=174373"},{"taxonomy":"product_cat","embeddable":true,"href":"https:\/\/www.budream.com\/fr\/wp-json\/wp\/v2\/product_cat?post=174373"},{"taxonomy":"product_tag","embeddable":true,"href":"https:\/\/www.budream.com\/fr\/wp-json\/wp\/v2\/product_tag?post=174373"}],"curies":[{"name":"wp","href":"https:\/\/api.w.org\/{rel}","templated":true}]}}