{"id":174408,"date":"2025-08-01T03:08:27","date_gmt":"2025-08-01T01:08:27","guid":{"rendered":"https:\/\/www.budream.com\/shop\/barneys-farm-fem-ice-cream\/"},"modified":"2026-03-25T15:19:16","modified_gmt":"2026-03-25T13:19:16","slug":"barneys-farm-fem-ice-cream","status":"publish","type":"product","link":"https:\/\/www.budream.com\/fr\/shop\/barneys-farm-fem-ice-cream\/","title":{"rendered":"BARNEY&rsquo;S FARM &#8211; FEM ICE CREAM"},"content":{"rendered":"<div style=\"text-align: justify\">Vous \u00eates \u00e0 la recherche d&rsquo;une vari\u00e9t\u00e9 qui vous emportera et vous laissera enferm\u00e9 dans un monde de pur bonheur ?<br \/>Ne cherchez pas plus loin que Gelato, la vari\u00e9t\u00e9 s\u00e9duisante et irr\u00e9sistible qui vous emm\u00e8nera dans un voyage sensoriel sans pareil.<br \/>Avec un profil g\u00e9n\u00e9tique combinant l&rsquo;all\u00e9chant Blue Sunset Sherbet et le Thin Mint Girl Scout Cookies, la vari\u00e9t\u00e9 Gelato est la tentation ultime.<\/div>\n<p><\/p>\n<h2><strong>Caract\u00e9ristiques Gelato Fem :<\/strong><\/h2>\n<ul style=\"list-style-type: disc\">\n<li><strong>Genre :<\/strong> F\u00e9minis\u00e9e<\/li>\n<li><strong>G\u00e9notype :<\/strong> 60% Indica \/ 40% Sativa<\/li>\n<li><strong>G\u00e9n\u00e9tique : <\/strong>Blue Sunset Sherbert Strain x Thin Mint Girl Scout Cookies Strai<\/li>\n<li>Jours de<strong>floraison<\/strong><strong>:<\/strong> 65 &#8211; 70 jours<\/li>\n<\/ul>\n<p><\/p>\n<div style=\"text-align: justify\"><span style=\"font-size: 11pt\"><em><strong>ATTENTION :<\/strong> Les graines de chanvre sont exclues de la notion l\u00e9gale de Cannabis, ce qui signifie qu&rsquo;elles ne doivent pas \u00eatre consid\u00e9r\u00e9es comme une substance stup\u00e9fiante (L. 412 de 1974, art. 1, paragraphe 1, lettre B ; Convention unique sur les stup\u00e9fiants de New York de 1961 et tableau II du d\u00e9cret minist\u00e9riel 27\/7\/1992). En Italie, la culture du chanvre est interdite (articles 28 et 73 du d\u00e9cret pr\u00e9sidentiel 309\/90), sauf autorisation sp\u00e9ciale (article 17 du d\u00e9cret pr\u00e9sidentiel 309\/90). En l&rsquo;absence d&rsquo;autorisation, les semences ne peuvent \u00eatre utilis\u00e9es qu&rsquo;\u00e0 d&rsquo;autres fins (zootechniques, de collection, etc.). Les semences sont vendues sous r\u00e9serve qu&rsquo;elles ne soient pas utilis\u00e9es par des tiers en contradiction avec la loi.<\/em><\/span><\/div>\n","protected":false},"excerpt":{"rendered":"<p>Vous \u00eates \u00e0 la recherche d&rsquo;une vari\u00e9t\u00e9 qui vous emportera et vous laissera enferm\u00e9 dans un monde de pur bonheur<\/p>\n","protected":false},"featured_media":174398,"comment_status":"open","ping_status":"closed","template":"","meta":[],"product_brand":[],"product_cat":[7951],"product_tag":[],"class_list":{"0":"post-174408","1":"product","2":"type-product","3":"status-publish","4":"has-post-thumbnail","6":"product_cat-magasin-de-graines","8":"first","9":"instock","10":"taxable","11":"shipping-taxable","12":"purchasable","13":"product-type-variable"},"aioseo_notices":[],"_links":{"self":[{"href":"https:\/\/www.budream.com\/fr\/wp-json\/wp\/v2\/product\/174408","targetHints":{"allow":["GET"]}}],"collection":[{"href":"https:\/\/www.budream.com\/fr\/wp-json\/wp\/v2\/product"}],"about":[{"href":"https:\/\/www.budream.com\/fr\/wp-json\/wp\/v2\/types\/product"}],"replies":[{"embeddable":true,"href":"https:\/\/www.budream.com\/fr\/wp-json\/wp\/v2\/comments?post=174408"}],"version-history":[{"count":0,"href":"https:\/\/www.budream.com\/fr\/wp-json\/wp\/v2\/product\/174408\/revisions"}],"wp:featuredmedia":[{"embeddable":true,"href":"https:\/\/www.budream.com\/fr\/wp-json\/wp\/v2\/media\/174398"}],"wp:attachment":[{"href":"https:\/\/www.budream.com\/fr\/wp-json\/wp\/v2\/media?parent=174408"}],"wp:term":[{"taxonomy":"product_brand","embeddable":true,"href":"https:\/\/www.budream.com\/fr\/wp-json\/wp\/v2\/product_brand?post=174408"},{"taxonomy":"product_cat","embeddable":true,"href":"https:\/\/www.budream.com\/fr\/wp-json\/wp\/v2\/product_cat?post=174408"},{"taxonomy":"product_tag","embeddable":true,"href":"https:\/\/www.budream.com\/fr\/wp-json\/wp\/v2\/product_tag?post=174408"}],"curies":[{"name":"wp","href":"https:\/\/api.w.org\/{rel}","templated":true}]}}