{"id":174610,"date":"2025-08-01T03:16:42","date_gmt":"2025-08-01T01:16:42","guid":{"rendered":"https:\/\/www.budream.com\/shop\/barneys-farm-gmo-auto-fem-disponible-dans-la-limite-des-stocks-disponibles\/"},"modified":"2026-03-24T14:59:38","modified_gmt":"2026-03-24T12:59:38","slug":"barneys-farm-gmo-auto-fem-disponible-dans-la-limite-des-stocks-disponibles","status":"publish","type":"product","link":"https:\/\/www.budream.com\/fr\/shop\/barneys-farm-gmo-auto-fem-disponible-dans-la-limite-des-stocks-disponibles\/","title":{"rendered":"BARNEY&rsquo;S FARM &#8211; GMO AUTO FEM Disponible dans la limite des stocks disponibles"},"content":{"rendered":"<div style=\"text-align: justify\">Cette vari\u00e9t\u00e9 extraordinaire est le r\u00e9sultat d&rsquo;une combinaison passionn\u00e9e et attrayante des g\u00e9n\u00e9tiques exceptionnelles de GMO Strain et de BF Super Auto #1.<\/div>\n<p><\/p>\n<h2><strong>Caract\u00e9ristiques GMO Auto Fem :<\/strong><\/h2>\n<ul style=\"list-style-type: disc\">\n<li><strong>Genre :<\/strong> Autofloraison F\u00e9minis\u00e9e<\/li>\n<li><strong>G\u00e9notype :<\/strong> 80% Indica \/ 20% Sativa<\/li>\n<li><strong>G\u00e9n\u00e9tique : <\/strong>GMO Strain x BF Super Auto #1<\/li>\n<li><strong>Jours<\/strong><strong>:<\/strong> 70-75 jours<\/li>\n<\/ul>\n<p><\/p>\n<div style=\"text-align: justify\"><span style=\"font-size: 11pt\"><em><strong>ATTENTION :<\/strong> Les graines de chanvre sont exclues de la notion l\u00e9gale de Cannabis, ce qui signifie qu&rsquo;elles ne doivent pas \u00eatre consid\u00e9r\u00e9es comme une substance stup\u00e9fiante (L. 412 de 1974, art. 1, alin\u00e9a 1, lettre B ; Convention unique sur les stup\u00e9fiants de New York de 1961 et tableau II du d\u00e9cret minist\u00e9riel 27\/7\/1992). En Italie, la culture du chanvre est interdite (articles 28 et 73 du d\u00e9cret pr\u00e9sidentiel 309\/90), sauf autorisation sp\u00e9ciale (article 17 du d\u00e9cret pr\u00e9sidentiel 309\/90). En l&rsquo;absence d&rsquo;autorisation, les semences ne peuvent \u00eatre utilis\u00e9es qu&rsquo;\u00e0 d&rsquo;autres fins (zootechniques, de collection, etc.). Les semences sont vendues sous r\u00e9serve qu&rsquo;elles ne soient pas utilis\u00e9es par des tiers en contradiction avec la loi.<\/em><\/span><\/div>\n","protected":false},"excerpt":{"rendered":"<p>Cette vari\u00e9t\u00e9 extraordinaire est le r\u00e9sultat d&rsquo;une combinaison passionn\u00e9e et attrayante des g\u00e9n\u00e9tiques exceptionnelles de GMO Strain et de BF<\/p>\n","protected":false},"featured_media":174599,"comment_status":"open","ping_status":"closed","template":"","meta":[],"product_brand":[],"product_cat":[7951],"product_tag":[],"class_list":{"0":"post-174610","1":"product","2":"type-product","3":"status-publish","4":"has-post-thumbnail","6":"product_cat-magasin-de-graines","8":"first","9":"outofstock","10":"taxable","11":"shipping-taxable","12":"product-type-variable"},"aioseo_notices":[],"_links":{"self":[{"href":"https:\/\/www.budream.com\/fr\/wp-json\/wp\/v2\/product\/174610","targetHints":{"allow":["GET"]}}],"collection":[{"href":"https:\/\/www.budream.com\/fr\/wp-json\/wp\/v2\/product"}],"about":[{"href":"https:\/\/www.budream.com\/fr\/wp-json\/wp\/v2\/types\/product"}],"replies":[{"embeddable":true,"href":"https:\/\/www.budream.com\/fr\/wp-json\/wp\/v2\/comments?post=174610"}],"version-history":[{"count":0,"href":"https:\/\/www.budream.com\/fr\/wp-json\/wp\/v2\/product\/174610\/revisions"}],"wp:featuredmedia":[{"embeddable":true,"href":"https:\/\/www.budream.com\/fr\/wp-json\/wp\/v2\/media\/174599"}],"wp:attachment":[{"href":"https:\/\/www.budream.com\/fr\/wp-json\/wp\/v2\/media?parent=174610"}],"wp:term":[{"taxonomy":"product_brand","embeddable":true,"href":"https:\/\/www.budream.com\/fr\/wp-json\/wp\/v2\/product_brand?post=174610"},{"taxonomy":"product_cat","embeddable":true,"href":"https:\/\/www.budream.com\/fr\/wp-json\/wp\/v2\/product_cat?post=174610"},{"taxonomy":"product_tag","embeddable":true,"href":"https:\/\/www.budream.com\/fr\/wp-json\/wp\/v2\/product_tag?post=174610"}],"curies":[{"name":"wp","href":"https:\/\/api.w.org\/{rel}","templated":true}]}}