{"id":174841,"date":"2025-08-01T03:25:46","date_gmt":"2025-08-01T01:25:46","guid":{"rendered":"https:\/\/www.budream.com\/shop\/dutch-passion-auto-sfv-og-fem\/"},"modified":"2025-12-22T12:29:42","modified_gmt":"2025-12-22T10:29:42","slug":"dutch-passion-auto-sfv-og-fem","status":"publish","type":"product","link":"https:\/\/www.budream.com\/fr\/shop\/dutch-passion-auto-sfv-og-fem\/","title":{"rendered":"DUTCH PASSION &#8211; AUTO SFV OG FEM"},"content":{"rendered":"<div style=\"text-align: justify\">La derni\u00e8re nouveaut\u00e9 de notre gamme am\u00e9ricaine est un cultivar \u00e0 autofloraison \u00e0 ne pas manquer. Il s&rsquo;agit d&rsquo;un croisement de la nouvelle \u00e9cole qui se targue d&rsquo;un profil terp\u00e9nique. Ces graines f\u00e9minis\u00e9es \u00e0 autofloraison ont \u00e9t\u00e9 d\u00e9velopp\u00e9es en croisant la c\u00e9l\u00e8bre coupe San Fernando Valley OG avec l&rsquo;une de nos vari\u00e9t\u00e9s \u00e0 autofloraison les plus populaires et les plus appr\u00e9ci\u00e9es, l&rsquo;Auto Glueberry OG. Ce double croisement OG est la combinaison parfaite !<\/div>\n<p><\/p>\n<h2><strong>Caract\u00e9ristiques : Auto SFV OG Fem Dutch Passion :<\/strong><\/h2>\n<ul style=\"list-style-type: disc\">\n<li><strong>Genre :<\/strong> Autofloraison f\u00e9minis\u00e9e<\/li>\n<li><strong>G\u00e9notype :<\/strong> Hybride Indica\/Sativa<\/li>\n<li><strong>G\u00e9n\u00e9tique : <\/strong>San Fernando Valley OG x Auto Glueberry OG<\/li>\n<li><strong>Jours :<\/strong> 70-84 jours<\/li>\n<\/ul>\n<p><\/p>\n<div style=\"text-align: justify\"><span style=\"font-size: 11pt\"><em><strong>ATTENTION :<\/strong> Les graines de chanvre sont exclues de la notion l\u00e9gale de Cannabis, ce qui signifie qu&rsquo;elles ne doivent pas \u00eatre consid\u00e9r\u00e9es comme une substance stup\u00e9fiante (L. 412 de 1974, art. 1, alin\u00e9a 1, lettre B ; Convention unique sur les stup\u00e9fiants de New York de 1961 et tableau II du d\u00e9cret minist\u00e9riel 27\/7\/1992). En Italie, la culture du chanvre est interdite (articles 28 et 73 du d\u00e9cret pr\u00e9sidentiel 309\/90), sauf autorisation sp\u00e9ciale (article 17 du d\u00e9cret pr\u00e9sidentiel 309\/90). En l&rsquo;absence d&rsquo;autorisation, les semences ne peuvent \u00eatre utilis\u00e9es qu&rsquo;\u00e0 d&rsquo;autres fins (zootechniques, de collection, etc.). Les semences sont vendues sous r\u00e9serve qu&rsquo;elles ne soient pas utilis\u00e9es par des tiers en contradiction avec la loi.<\/em><\/span><\/div>\n","protected":false},"excerpt":{"rendered":"<p>La derni\u00e8re nouveaut\u00e9 de notre gamme am\u00e9ricaine est un cultivar \u00e0 autofloraison \u00e0 ne pas manquer. Il s&rsquo;agit d&rsquo;un croisement<\/p>\n","protected":false},"featured_media":174830,"comment_status":"open","ping_status":"closed","template":"","meta":[],"product_brand":[],"product_cat":[7951],"product_tag":[],"class_list":{"0":"post-174841","1":"product","2":"type-product","3":"status-publish","4":"has-post-thumbnail","6":"product_cat-magasin-de-graines","8":"first","9":"instock","10":"sale","11":"taxable","12":"shipping-taxable","13":"purchasable","14":"product-type-variable"},"aioseo_notices":[],"_links":{"self":[{"href":"https:\/\/www.budream.com\/fr\/wp-json\/wp\/v2\/product\/174841","targetHints":{"allow":["GET"]}}],"collection":[{"href":"https:\/\/www.budream.com\/fr\/wp-json\/wp\/v2\/product"}],"about":[{"href":"https:\/\/www.budream.com\/fr\/wp-json\/wp\/v2\/types\/product"}],"replies":[{"embeddable":true,"href":"https:\/\/www.budream.com\/fr\/wp-json\/wp\/v2\/comments?post=174841"}],"version-history":[{"count":0,"href":"https:\/\/www.budream.com\/fr\/wp-json\/wp\/v2\/product\/174841\/revisions"}],"wp:featuredmedia":[{"embeddable":true,"href":"https:\/\/www.budream.com\/fr\/wp-json\/wp\/v2\/media\/174830"}],"wp:attachment":[{"href":"https:\/\/www.budream.com\/fr\/wp-json\/wp\/v2\/media?parent=174841"}],"wp:term":[{"taxonomy":"product_brand","embeddable":true,"href":"https:\/\/www.budream.com\/fr\/wp-json\/wp\/v2\/product_brand?post=174841"},{"taxonomy":"product_cat","embeddable":true,"href":"https:\/\/www.budream.com\/fr\/wp-json\/wp\/v2\/product_cat?post=174841"},{"taxonomy":"product_tag","embeddable":true,"href":"https:\/\/www.budream.com\/fr\/wp-json\/wp\/v2\/product_tag?post=174841"}],"curies":[{"name":"wp","href":"https:\/\/api.w.org\/{rel}","templated":true}]}}