{"id":174882,"date":"2025-08-01T03:27:29","date_gmt":"2025-08-01T01:27:29","guid":{"rendered":"https:\/\/www.budream.com\/shop\/barneys-farm-sour-strawberry-fem\/"},"modified":"2026-03-17T14:51:41","modified_gmt":"2026-03-17T12:51:41","slug":"barneys-farm-sour-strawberry-fem","status":"publish","type":"product","link":"https:\/\/www.budream.com\/fr\/shop\/barneys-farm-sour-strawberry-fem\/","title":{"rendered":"BARNEY&rsquo;S FARM &#8211; SOUR STRAWBERRY FEM"},"content":{"rendered":"<div style=\"text-align: justify\">Sour Strawberry est le r\u00e9sultat d&rsquo;un croisement g\u00e9n\u00e9tique entre la l\u00e9gendaire Strawberry Kush et la c\u00e9l\u00e8bre Sour Diesel, ce qui donne une vari\u00e9t\u00e9 hybride bien \u00e9quilibr\u00e9e avec une l\u00e9g\u00e8re dominance sativa.<\/div>\n<p><\/p>\n<h2><strong>Caract\u00e9ristiques Sour Strawberry Fem :<\/strong><\/h2>\n<ul style=\"list-style-type: disc\">\n<li><strong>Genre :<\/strong> F\u00e9minis\u00e9e<\/li>\n<li><strong>G\u00e9notype :<\/strong> 40% Indica \/ 60% Sativa<\/li>\n<li><strong>G\u00e9n\u00e9tique :<\/strong> Strawberry Kush Strain x Sour Diesel Strain<\/li>\n<li><strong>Jours <\/strong><strong>: 65-70 <\/strong>jours<\/li>\n<\/ul>\n<p><\/p>\n<div style=\"text-align: justify\"><span style=\"font-size: 11pt\"><em><strong>ATTENTION :<\/strong> Les graines de chanvre sont exclues de la notion l\u00e9gale de Cannabis, ce qui signifie qu&rsquo;elles ne doivent pas \u00eatre consid\u00e9r\u00e9es comme une substance stup\u00e9fiante (L. 412 de 1974, art. 1, paragraphe 1, lettre B ; Convention unique sur les stup\u00e9fiants de New York de 1961 et tableau II du d\u00e9cret minist\u00e9riel 27\/7\/1992). En Italie, la culture du chanvre est interdite (articles 28 et 73 du d\u00e9cret pr\u00e9sidentiel 309\/90), sauf autorisation sp\u00e9ciale (article 17 du d\u00e9cret pr\u00e9sidentiel 309\/90). En l&rsquo;absence d&rsquo;autorisation, les semences ne peuvent \u00eatre utilis\u00e9es qu&rsquo;\u00e0 d&rsquo;autres fins (zootechniques, de collection, etc.). Les semences sont vendues sous r\u00e9serve qu&rsquo;elles ne soient pas utilis\u00e9es par des tiers en contradiction avec la loi.<\/em><\/span><\/div>\n","protected":false},"excerpt":{"rendered":"<p>Sour Strawberry est le r\u00e9sultat d&rsquo;un croisement g\u00e9n\u00e9tique entre la l\u00e9gendaire Strawberry Kush et la c\u00e9l\u00e8bre Sour Diesel, ce qui<\/p>\n","protected":false},"featured_media":174871,"comment_status":"open","ping_status":"closed","template":"","meta":[],"product_brand":[],"product_cat":[7951],"product_tag":[],"class_list":{"0":"post-174882","1":"product","2":"type-product","3":"status-publish","4":"has-post-thumbnail","6":"product_cat-magasin-de-graines","8":"first","9":"outofstock","10":"sale","11":"taxable","12":"shipping-taxable","13":"purchasable","14":"product-type-variable"},"aioseo_notices":[],"_links":{"self":[{"href":"https:\/\/www.budream.com\/fr\/wp-json\/wp\/v2\/product\/174882","targetHints":{"allow":["GET"]}}],"collection":[{"href":"https:\/\/www.budream.com\/fr\/wp-json\/wp\/v2\/product"}],"about":[{"href":"https:\/\/www.budream.com\/fr\/wp-json\/wp\/v2\/types\/product"}],"replies":[{"embeddable":true,"href":"https:\/\/www.budream.com\/fr\/wp-json\/wp\/v2\/comments?post=174882"}],"version-history":[{"count":0,"href":"https:\/\/www.budream.com\/fr\/wp-json\/wp\/v2\/product\/174882\/revisions"}],"wp:featuredmedia":[{"embeddable":true,"href":"https:\/\/www.budream.com\/fr\/wp-json\/wp\/v2\/media\/174871"}],"wp:attachment":[{"href":"https:\/\/www.budream.com\/fr\/wp-json\/wp\/v2\/media?parent=174882"}],"wp:term":[{"taxonomy":"product_brand","embeddable":true,"href":"https:\/\/www.budream.com\/fr\/wp-json\/wp\/v2\/product_brand?post=174882"},{"taxonomy":"product_cat","embeddable":true,"href":"https:\/\/www.budream.com\/fr\/wp-json\/wp\/v2\/product_cat?post=174882"},{"taxonomy":"product_tag","embeddable":true,"href":"https:\/\/www.budream.com\/fr\/wp-json\/wp\/v2\/product_tag?post=174882"}],"curies":[{"name":"wp","href":"https:\/\/api.w.org\/{rel}","templated":true}]}}