{"id":174991,"date":"2025-08-01T03:32:43","date_gmt":"2025-08-01T01:32:43","guid":{"rendered":"https:\/\/www.budream.com\/shop\/barneys-farm-cheese-auto-fem-disponible-dans-la-limite-des-stocks-disponibles\/"},"modified":"2026-04-27T14:46:37","modified_gmt":"2026-04-27T12:46:37","slug":"barneys-farm-cheese-auto-fem-disponible-dans-la-limite-des-stocks-disponibles","status":"publish","type":"product","link":"https:\/\/www.budream.com\/fr\/shop\/barneys-farm-cheese-auto-fem-disponible-dans-la-limite-des-stocks-disponibles\/","title":{"rendered":"BARNEY&rsquo;S FARM &#8211; CHEESE AUTO FEM Disponible dans la limite des stocks disponibles"},"content":{"rendered":"<div style=\"text-align: justify\">La c\u00e9l\u00e8bre vari\u00e9t\u00e9 Cheese est une \u00e9volution de la g\u00e9n\u00e9tique autoflorissante de la Barneys Farm. Cette vari\u00e9t\u00e9 exceptionnelle est la cr\u00e8me de la cr\u00e8me, offrant aux amateurs avertis une exp\u00e9rience inoubliable. Cette vari\u00e9t\u00e9 exceptionnelle est la cr&egrave;me de la cr&egrave;me, offrant aux amateurs exigeants une exp\u00e9rience inoubliable. Cet hybride \u00e0 dominance indica est le r\u00e9sultat d&rsquo;une combinaison s\u00e9duisante des g\u00e9n\u00e9tiques Cheese et Super Auto #1.<\/div>\n<p><\/p>\n<h2><strong>Caract\u00e9ristiques Cheese Auto Fem :<\/strong><\/h2>\n<ul style=\"list-style-type: disc\">\n<li><strong>Genre :<\/strong> Autofloraison F\u00e9minis\u00e9e<\/li>\n<li><strong>G\u00e9notype :<\/strong> 70% Indica \/ 30% Sativa<\/li>\n<li><strong>G\u00e9n\u00e9tique :<\/strong> Cheese x BF Super Auto #1<\/li>\n<li><strong>Jours<\/strong><strong>:<\/strong> 65-70 jours<\/li>\n<\/ul>\n<p><\/p>\n<div style=\"text-align: justify\"><span style=\"font-size: 11pt\"><em><strong>ATTENTION :<\/strong> Les graines de chanvre sont exclues de la notion l\u00e9gale de Cannabis, ce qui signifie qu&rsquo;elles ne doivent pas \u00eatre consid\u00e9r\u00e9es comme une substance stup\u00e9fiante (L. 412 de 1974, art. 1, virgule 1, lett. B ; Convention unique sur les stup\u00e9fiants de New York de 1961 et tableau II du d\u00e9cret minist\u00e9riel 27\/7\/1992). En Italie, la culture du chanvre est interdite (articles 28 et 73 du d\u00e9cret pr\u00e9sidentiel 309\/90), sauf autorisation sp\u00e9ciale (article 17 du d\u00e9cret pr\u00e9sidentiel 309\/90). En l&rsquo;absence d&rsquo;autorisation, les semences ne peuvent \u00eatre utilis\u00e9es qu&rsquo;\u00e0 d&rsquo;autres fins (zootechniques, de collection, etc.). Les semences sont vendues sous r\u00e9serve qu&rsquo;elles ne soient pas utilis\u00e9es par des tiers en contradiction avec la loi.<\/em><\/span><\/div>\n","protected":false},"excerpt":{"rendered":"<p>La c\u00e9l\u00e8bre vari\u00e9t\u00e9 Cheese est une \u00e9volution de la g\u00e9n\u00e9tique autoflorissante de la Barneys Farm. Cette vari\u00e9t\u00e9 exceptionnelle est la<\/p>\n","protected":false},"featured_media":174981,"comment_status":"open","ping_status":"closed","template":"","meta":[],"product_brand":[],"product_cat":[1175],"product_tag":[],"class_list":{"0":"post-174991","1":"product","2":"type-product","3":"status-publish","4":"has-post-thumbnail","6":"product_cat-seedshop","8":"first","9":"outofstock","10":"taxable","11":"shipping-taxable","12":"purchasable","13":"product-type-variable"},"aioseo_notices":[],"_links":{"self":[{"href":"https:\/\/www.budream.com\/fr\/wp-json\/wp\/v2\/product\/174991","targetHints":{"allow":["GET"]}}],"collection":[{"href":"https:\/\/www.budream.com\/fr\/wp-json\/wp\/v2\/product"}],"about":[{"href":"https:\/\/www.budream.com\/fr\/wp-json\/wp\/v2\/types\/product"}],"replies":[{"embeddable":true,"href":"https:\/\/www.budream.com\/fr\/wp-json\/wp\/v2\/comments?post=174991"}],"version-history":[{"count":1,"href":"https:\/\/www.budream.com\/fr\/wp-json\/wp\/v2\/product\/174991\/revisions"}],"predecessor-version":[{"id":265675,"href":"https:\/\/www.budream.com\/fr\/wp-json\/wp\/v2\/product\/174991\/revisions\/265675"}],"wp:featuredmedia":[{"embeddable":true,"href":"https:\/\/www.budream.com\/fr\/wp-json\/wp\/v2\/media\/174981"}],"wp:attachment":[{"href":"https:\/\/www.budream.com\/fr\/wp-json\/wp\/v2\/media?parent=174991"}],"wp:term":[{"taxonomy":"product_brand","embeddable":true,"href":"https:\/\/www.budream.com\/fr\/wp-json\/wp\/v2\/product_brand?post=174991"},{"taxonomy":"product_cat","embeddable":true,"href":"https:\/\/www.budream.com\/fr\/wp-json\/wp\/v2\/product_cat?post=174991"},{"taxonomy":"product_tag","embeddable":true,"href":"https:\/\/www.budream.com\/fr\/wp-json\/wp\/v2\/product_tag?post=174991"}],"curies":[{"name":"wp","href":"https:\/\/api.w.org\/{rel}","templated":true}]}}