{"id":175088,"date":"2025-08-01T03:38:08","date_gmt":"2025-08-01T01:38:08","guid":{"rendered":"https:\/\/www.budream.com\/shop\/royal-queen-seeds-fem-biscuits-usa-premium\/"},"modified":"2026-03-10T16:00:19","modified_gmt":"2026-03-10T14:00:19","slug":"royal-queen-seeds-fem-biscuits-usa-premium","status":"publish","type":"product","link":"https:\/\/www.budream.com\/fr\/shop\/royal-queen-seeds-fem-biscuits-usa-premium\/","title":{"rendered":"ROYAL QUEEN SEEDS &#8211; FEM BISCUITS (USA PREMIUM)"},"content":{"rendered":"<div style=\"text-align: justify\">Ce d\u00e9licieux cultivar est issu d&rsquo;un croisement assez particulier. Pour d\u00e9marrer ce projet d&rsquo;hybridation, nos experts ont pris la l\u00e9gendaire g\u00e9n\u00e9tique Gelato 25. Cette incroyable vari\u00e9t\u00e9 descend de la Gelato originale, elle-m\u00eame issue d&rsquo;un croisement entre Sunset Sherbet et Thin Mint Girl Scout Cookies. Ils ont ensuite ajout\u00e9 \u00e0 l&rsquo;\u00e9quation la Florida OG, un croisement de Lemon Thai et de Hindu Kush.<\/div>\n<p><\/p>\n<h2><strong>Caract\u00e9ristiques Cookies Fem Royal Queen Seeds :<\/strong><\/h2>\n<ul style=\"list-style-type: disc\">\n<li><strong>Genre :<\/strong> F\u00e9minis\u00e9e<\/li>\n<li><strong>G\u00e9notype :<\/strong> Hybride 20% Sativa \/ 80% Indica<\/li>\n<li><strong>G\u00e9n\u00e9tique :<\/strong> Girl Scout Cookies x Cherry Piec<\/li>\n<li><strong>Jours :<\/strong> 56-70<\/li>\n<\/ul>\n<p><\/p>\n<div style=\"text-align: justify\"><em><strong>ATTENTION :<\/strong> Les graines de chanvre sont exclues de la notion l\u00e9gale de Cannabis, ce qui signifie qu&rsquo;elles ne doivent pas \u00eatre consid\u00e9r\u00e9es comme une substance stup\u00e9fiante (L. 412 de 1974, art. 1, paragraphe 1, lettre B ; Convention unique sur les stup\u00e9fiants de New York de 1961 et tableau II du d\u00e9cret minist\u00e9riel 27\/7\/1992). En Italie, la culture du chanvre est interdite (articles 28 et 73 du d\u00e9cret pr\u00e9sidentiel 309\/90), sauf autorisation sp\u00e9ciale (article 17 du d\u00e9cret pr\u00e9sidentiel 309\/90). En l&rsquo;absence d&rsquo;autorisation, les semences ne peuvent \u00eatre utilis\u00e9es qu&rsquo;\u00e0 d&rsquo;autres fins (zootechniques, de collection, etc.). Les semences sont vendues sous r\u00e9serve qu&rsquo;elles ne soient pas utilis\u00e9es par des tiers en contradiction avec la loi.<\/em><\/div>\n","protected":false},"excerpt":{"rendered":"<p>Ce d\u00e9licieux cultivar est issu d&rsquo;un croisement assez particulier. Pour d\u00e9marrer ce projet d&rsquo;hybridation, nos experts ont pris la l\u00e9gendaire<\/p>\n","protected":false},"featured_media":175078,"comment_status":"open","ping_status":"closed","template":"","meta":[],"product_brand":[],"product_cat":[7951],"product_tag":[],"class_list":{"0":"post-175088","1":"product","2":"type-product","3":"status-publish","4":"has-post-thumbnail","6":"product_cat-magasin-de-graines","8":"first","9":"instock","10":"sale","11":"taxable","12":"shipping-taxable","13":"purchasable","14":"product-type-variable"},"aioseo_notices":[],"_links":{"self":[{"href":"https:\/\/www.budream.com\/fr\/wp-json\/wp\/v2\/product\/175088","targetHints":{"allow":["GET"]}}],"collection":[{"href":"https:\/\/www.budream.com\/fr\/wp-json\/wp\/v2\/product"}],"about":[{"href":"https:\/\/www.budream.com\/fr\/wp-json\/wp\/v2\/types\/product"}],"replies":[{"embeddable":true,"href":"https:\/\/www.budream.com\/fr\/wp-json\/wp\/v2\/comments?post=175088"}],"version-history":[{"count":0,"href":"https:\/\/www.budream.com\/fr\/wp-json\/wp\/v2\/product\/175088\/revisions"}],"wp:featuredmedia":[{"embeddable":true,"href":"https:\/\/www.budream.com\/fr\/wp-json\/wp\/v2\/media\/175078"}],"wp:attachment":[{"href":"https:\/\/www.budream.com\/fr\/wp-json\/wp\/v2\/media?parent=175088"}],"wp:term":[{"taxonomy":"product_brand","embeddable":true,"href":"https:\/\/www.budream.com\/fr\/wp-json\/wp\/v2\/product_brand?post=175088"},{"taxonomy":"product_cat","embeddable":true,"href":"https:\/\/www.budream.com\/fr\/wp-json\/wp\/v2\/product_cat?post=175088"},{"taxonomy":"product_tag","embeddable":true,"href":"https:\/\/www.budream.com\/fr\/wp-json\/wp\/v2\/product_tag?post=175088"}],"curies":[{"name":"wp","href":"https:\/\/api.w.org\/{rel}","templated":true}]}}