{"id":175347,"date":"2025-08-01T03:48:54","date_gmt":"2025-08-01T01:48:54","guid":{"rendered":"https:\/\/www.budream.com\/shop\/sensi-seeds-bank-silver-fire-fem\/"},"modified":"2025-12-22T16:14:02","modified_gmt":"2025-12-22T14:14:02","slug":"sensi-seeds-bank-silver-fire-fem","status":"publish","type":"product","link":"https:\/\/www.budream.com\/fr\/shop\/sensi-seeds-bank-silver-fire-fem\/","title":{"rendered":"SENSI SEEDS BANK &#8211; SILVER FIRE FEM"},"content":{"rendered":"<div style=\"text-align: justify\">Silver Fire Feminised est un hybride indica\/sativa. Il poss\u00e8de un patrimoine g\u00e9n\u00e9tique impressionnant, avec des g\u00e9niteurs primaires tels que notre Silver Haze prim\u00e9e et la populaire US Fire OG.<br \/>Faisant \u00e0 l&rsquo;origine partie du projet inaugural \u00ab\u00a0Sensi Seeds Research\u00a0\u00bb en 2019, Silver Fire s&rsquo;est av\u00e9r\u00e9 si populaire que nous avons d\u00e9cid\u00e9 de l&rsquo;ajouter \u00e0 notre catalogue.<\/p>\n<\/div>\n<h2><strong>Caract\u00e9ristiques Silver Fire Fem Sensi Seeds Bank :<\/strong><\/h2>\n<ul style=\"list-style-type: disc\">\n<li><strong>Genre :<\/strong> F\u00e9minis\u00e9e<\/li>\n<li><strong>G\u00e9notype :<\/strong> Hybride Indica\/Sativa<\/li>\n<li><strong>G\u00e9n\u00e9tique :<\/strong> Silver Haze x Fire OG<\/li>\n<li><strong>Jours :<\/strong> 55-70 jours<\/li>\n<\/ul>\n<p><em><strong>ATTENTION :<\/strong> Les graines de chanvre sont exclues de la notion l\u00e9gale de Cannabis, ce qui signifie qu&rsquo;elles ne doivent pas \u00eatre consid\u00e9r\u00e9es comme une substance stup\u00e9fiante (L. 412 de 1974, Art. 1, paragraphe 1, lettre B ; Convention unique sur les stup\u00e9fiants de New York de 1961 et tableau II du d\u00e9cret minist\u00e9riel 27\/7\/1992). En Italie, la culture du chanvre est interdite (articles 28 et 73 du d\u00e9cret pr\u00e9sidentiel 309\/90), sauf autorisation sp\u00e9ciale (article 17 du d\u00e9cret pr\u00e9sidentiel 309\/90). En l&rsquo;absence d&rsquo;autorisation, les semences ne peuvent \u00eatre utilis\u00e9es qu&rsquo;\u00e0 d&rsquo;autres fins (zootechniques, de collection, etc.). Les semences sont vendues sous r\u00e9serve qu&rsquo;elles ne soient pas utilis\u00e9es par des tiers en contradiction avec la loi.<\/em><\/p>\n","protected":false},"excerpt":{"rendered":"<p>Silver Fire Feminised est un hybride indica\/sativa. Il poss\u00e8de un patrimoine g\u00e9n\u00e9tique impressionnant, avec des g\u00e9niteurs primaires tels que notre<\/p>\n","protected":false},"featured_media":197141,"comment_status":"open","ping_status":"closed","template":"","meta":[],"product_brand":[],"product_cat":[7951],"product_tag":[],"class_list":{"0":"post-175347","1":"product","2":"type-product","3":"status-publish","4":"has-post-thumbnail","6":"product_cat-magasin-de-graines","8":"first","9":"instock","10":"sale","11":"taxable","12":"shipping-taxable","13":"purchasable","14":"product-type-variable"},"aioseo_notices":[],"_links":{"self":[{"href":"https:\/\/www.budream.com\/fr\/wp-json\/wp\/v2\/product\/175347","targetHints":{"allow":["GET"]}}],"collection":[{"href":"https:\/\/www.budream.com\/fr\/wp-json\/wp\/v2\/product"}],"about":[{"href":"https:\/\/www.budream.com\/fr\/wp-json\/wp\/v2\/types\/product"}],"replies":[{"embeddable":true,"href":"https:\/\/www.budream.com\/fr\/wp-json\/wp\/v2\/comments?post=175347"}],"version-history":[{"count":0,"href":"https:\/\/www.budream.com\/fr\/wp-json\/wp\/v2\/product\/175347\/revisions"}],"wp:featuredmedia":[{"embeddable":true,"href":"https:\/\/www.budream.com\/fr\/wp-json\/wp\/v2\/media\/197141"}],"wp:attachment":[{"href":"https:\/\/www.budream.com\/fr\/wp-json\/wp\/v2\/media?parent=175347"}],"wp:term":[{"taxonomy":"product_brand","embeddable":true,"href":"https:\/\/www.budream.com\/fr\/wp-json\/wp\/v2\/product_brand?post=175347"},{"taxonomy":"product_cat","embeddable":true,"href":"https:\/\/www.budream.com\/fr\/wp-json\/wp\/v2\/product_cat?post=175347"},{"taxonomy":"product_tag","embeddable":true,"href":"https:\/\/www.budream.com\/fr\/wp-json\/wp\/v2\/product_tag?post=175347"}],"curies":[{"name":"wp","href":"https:\/\/api.w.org\/{rel}","templated":true}]}}