{"id":176422,"date":"2025-08-01T04:49:06","date_gmt":"2025-08-01T02:49:06","guid":{"rendered":"https:\/\/www.budream.com\/shop\/barneys-farm-sour-diesel-auto-fem\/"},"modified":"2026-03-31T00:33:13","modified_gmt":"2026-03-30T22:33:13","slug":"barneys-farm-sour-diesel-auto-fem","status":"publish","type":"product","link":"https:\/\/www.budream.com\/fr\/shop\/barneys-farm-sour-diesel-auto-fem\/","title":{"rendered":"BARNEY&rsquo;S FARM &#8211; SOUR DIESEL AUTO FEM"},"content":{"rendered":"<div style=\"text-align: justify\">Sour Diesel Auto, est un hybride \u00e0 dominance sativa cr\u00e9\u00e9 en croisant la classique Sour Diesel avec la BF Super Auto #1.<\/div>\n<p><\/p>\n<h2><strong>Caract\u00e9ristiques Sour Diesel Auto Fem :<\/strong><\/h2>\n<ul style=\"list-style-type: disc\">\n<li><strong>Genre :<\/strong> Autofloraison<\/li>\n<li><strong>G\u00e9notype :<\/strong> 40% Indica \/ 60% Sativa<\/li>\n<li><strong>G\u00e9n\u00e9tique : <\/strong>Sour Diesel x BF Super Auto #1<\/li>\n<li><strong>Jours :<\/strong> 65 &#8211; 70 jours<\/li>\n<\/ul>\n<p><\/p>\n<div style=\"text-align: justify\"><em><strong>ATTENTION :<\/strong> Les graines de chanvre sont exclues de la notion l\u00e9gale de Cannabis, ce qui signifie qu&rsquo;elles ne doivent pas \u00eatre consid\u00e9r\u00e9es comme des substances narcotiques (Loi 412 de 1974, art.1, paragraphe 1, lettre B ; Convention Unique de New York sur les Stup\u00e9fiants de 1961 et tableau II du D\u00e9cret Minist\u00e9riel 27\/7\/1992). En Italie, la culture du chanvre est interdite (articles 28 et 73 du d\u00e9cret pr\u00e9sidentiel 309\/90) sans l&rsquo;autorisation appropri\u00e9e (article 17 du d\u00e9cret pr\u00e9sidentiel 309\/90). En l&rsquo;absence d&rsquo;autorisation, les semences ne peuvent \u00eatre utilis\u00e9es qu&rsquo;\u00e0 d&rsquo;autres fins (zootechniques, de collection, etc.). Les semences sont vendues \u00e0 condition qu&rsquo;elles ne soient pas utilis\u00e9es par des tiers en violation de la loi.<\/em><\/div>\n","protected":false},"excerpt":{"rendered":"<p>Sour Diesel Auto, est un hybride \u00e0 dominance sativa cr\u00e9\u00e9 en croisant la classique Sour Diesel avec la BF Super<\/p>\n","protected":false},"featured_media":176412,"comment_status":"open","ping_status":"closed","template":"","meta":[],"product_brand":[],"product_cat":[7951],"product_tag":[],"class_list":{"0":"post-176422","1":"product","2":"type-product","3":"status-publish","4":"has-post-thumbnail","6":"product_cat-magasin-de-graines","8":"first","9":"instock","10":"sale","11":"taxable","12":"shipping-taxable","13":"purchasable","14":"product-type-variable"},"_links":{"self":[{"href":"https:\/\/www.budream.com\/fr\/wp-json\/wp\/v2\/product\/176422","targetHints":{"allow":["GET"]}}],"collection":[{"href":"https:\/\/www.budream.com\/fr\/wp-json\/wp\/v2\/product"}],"about":[{"href":"https:\/\/www.budream.com\/fr\/wp-json\/wp\/v2\/types\/product"}],"replies":[{"embeddable":true,"href":"https:\/\/www.budream.com\/fr\/wp-json\/wp\/v2\/comments?post=176422"}],"version-history":[{"count":0,"href":"https:\/\/www.budream.com\/fr\/wp-json\/wp\/v2\/product\/176422\/revisions"}],"wp:featuredmedia":[{"embeddable":true,"href":"https:\/\/www.budream.com\/fr\/wp-json\/wp\/v2\/media\/176412"}],"wp:attachment":[{"href":"https:\/\/www.budream.com\/fr\/wp-json\/wp\/v2\/media?parent=176422"}],"wp:term":[{"taxonomy":"product_brand","embeddable":true,"href":"https:\/\/www.budream.com\/fr\/wp-json\/wp\/v2\/product_brand?post=176422"},{"taxonomy":"product_cat","embeddable":true,"href":"https:\/\/www.budream.com\/fr\/wp-json\/wp\/v2\/product_cat?post=176422"},{"taxonomy":"product_tag","embeddable":true,"href":"https:\/\/www.budream.com\/fr\/wp-json\/wp\/v2\/product_tag?post=176422"}],"curies":[{"name":"wp","href":"https:\/\/api.w.org\/{rel}","templated":true}]}}