{"id":176546,"date":"2025-08-01T04:56:29","date_gmt":"2025-08-01T02:56:29","guid":{"rendered":"https:\/\/www.budream.com\/shop\/green-house-seed-co-sugarlato-auto-fem\/"},"modified":"2026-04-27T12:31:10","modified_gmt":"2026-04-27T10:31:10","slug":"green-house-seed-co-sugarlato-auto-fem","status":"publish","type":"product","link":"https:\/\/www.budream.com\/fr\/shop\/green-house-seed-co-sugarlato-auto-fem\/","title":{"rendered":"GREEN HOUSE SEED CO. &#8211; SUGARLATO AUTO FEM"},"content":{"rendered":"<div style=\"text-align: justify\">Sugarlato Auto est notre derni\u00e8re expression de Gelato sous forme autofleurissante crois\u00e9e avec King&rsquo;s Tart.<\/div>\n<p><\/p>\n<h2><strong>Caract\u00e9ristiques Sugarlato Auto Fem :<\/p>\n<p><\/strong><\/h2>\n<ul style=\"list-style-type: disc\">\n<li><strong>Genre :<\/strong> Hybride f\u00e9minis\u00e9 \u00e0 autofloraison<\/li>\n<li><strong>G\u00e9notype :<\/strong> Indica 60%\/ Sativa 30%\/ Ruderalis 10%<\/li>\n<li><strong>G\u00e9n\u00e9tique :<\/strong> King&rsquo;s Tart x Ice Cream #41 Auto<\/li>\n<li><strong>Jours :<\/strong> 56-63 jours<\/li>\n<\/ul>\n<p><\/p>\n<div style=\"text-align: justify\"><span style=\"font-size: 11pt\"><em><strong>ATTENTION :<\/strong> Les graines de chanvre sont exclues de la notion l\u00e9gale de Cannabis, ce qui signifie qu&rsquo;elles ne doivent pas \u00eatre consid\u00e9r\u00e9es comme une substance stup\u00e9fiante (L. 412 de 1974, art. 1, virgule 1, lett. B ; Convention unique sur les stup\u00e9fiants de New York de 1961 et tableau II du d\u00e9cret minist\u00e9riel 27\/7\/1992). En Italie, la culture du chanvre est interdite (articles 28 et 73 du d\u00e9cret pr\u00e9sidentiel 309\/90), sauf autorisation sp\u00e9ciale (article 17 du d\u00e9cret pr\u00e9sidentiel 309\/90). En l&rsquo;absence d&rsquo;autorisation, les semences ne peuvent \u00eatre utilis\u00e9es qu&rsquo;\u00e0 d&rsquo;autres fins (zootechniques, de collection, etc.). Les semences sont vendues sous r\u00e9serve qu&rsquo;elles ne soient pas utilis\u00e9es par des tiers en contradiction avec la loi.<\/em><\/span><\/div>\n","protected":false},"excerpt":{"rendered":"<p>Sugarlato Auto est notre derni\u00e8re expression de Gelato sous forme autofleurissante crois\u00e9e avec King&rsquo;s Tart. Caract\u00e9ristiques Sugarlato Auto Fem :<\/p>\n","protected":false},"featured_media":225913,"comment_status":"open","ping_status":"closed","template":"","meta":[],"product_brand":[],"product_cat":[7951],"product_tag":[],"class_list":{"0":"post-176546","1":"product","2":"type-product","3":"status-publish","4":"has-post-thumbnail","6":"product_cat-magasin-de-graines","8":"first","9":"instock","10":"sale","11":"taxable","12":"shipping-taxable","13":"purchasable","14":"product-type-variable"},"_links":{"self":[{"href":"https:\/\/www.budream.com\/fr\/wp-json\/wp\/v2\/product\/176546","targetHints":{"allow":["GET"]}}],"collection":[{"href":"https:\/\/www.budream.com\/fr\/wp-json\/wp\/v2\/product"}],"about":[{"href":"https:\/\/www.budream.com\/fr\/wp-json\/wp\/v2\/types\/product"}],"replies":[{"embeddable":true,"href":"https:\/\/www.budream.com\/fr\/wp-json\/wp\/v2\/comments?post=176546"}],"version-history":[{"count":1,"href":"https:\/\/www.budream.com\/fr\/wp-json\/wp\/v2\/product\/176546\/revisions"}],"predecessor-version":[{"id":265637,"href":"https:\/\/www.budream.com\/fr\/wp-json\/wp\/v2\/product\/176546\/revisions\/265637"}],"wp:featuredmedia":[{"embeddable":true,"href":"https:\/\/www.budream.com\/fr\/wp-json\/wp\/v2\/media\/225913"}],"wp:attachment":[{"href":"https:\/\/www.budream.com\/fr\/wp-json\/wp\/v2\/media?parent=176546"}],"wp:term":[{"taxonomy":"product_brand","embeddable":true,"href":"https:\/\/www.budream.com\/fr\/wp-json\/wp\/v2\/product_brand?post=176546"},{"taxonomy":"product_cat","embeddable":true,"href":"https:\/\/www.budream.com\/fr\/wp-json\/wp\/v2\/product_cat?post=176546"},{"taxonomy":"product_tag","embeddable":true,"href":"https:\/\/www.budream.com\/fr\/wp-json\/wp\/v2\/product_tag?post=176546"}],"curies":[{"name":"wp","href":"https:\/\/api.w.org\/{rel}","templated":true}]}}