{"id":177818,"date":"2025-08-01T05:57:00","date_gmt":"2025-08-01T03:57:00","guid":{"rendered":"https:\/\/www.budream.com\/shop\/royal-queen-seeds-grape-ape-fem-usa-premium\/"},"modified":"2025-12-22T19:01:37","modified_gmt":"2025-12-22T17:01:37","slug":"royal-queen-seeds-grape-ape-fem-usa-premium","status":"publish","type":"product","link":"https:\/\/www.budream.com\/fr\/shop\/royal-queen-seeds-grape-ape-fem-usa-premium\/","title":{"rendered":"ROYAL QUEEN SEEDS &#8211; GRAPE APE FEM (USA PREMIUM)"},"content":{"rendered":"<div style=\"text-align: justify\">Parfois, les s\u00e9lectionneurs se montrent particuli\u00e8rement ambitieux, comme lorsque notre \u00e9quipe s&rsquo;est mise \u00e0 r\u00eaver de Grape Ape. S&rsquo;inspirant de cette id\u00e9e, ils ont cr\u00e9\u00e9 un projet \u00e0 trois voies en combinant les g\u00e9n\u00e9tiques l\u00e9gendaires de l&rsquo;Afghani, de la Mendocino Purps et de la Skunk #1. Apr\u00e8s quelques essais, ils ont r\u00e9ussi \u00e0 stabiliser les graines de Grape Ape \u00e0 dominante indica.<\/div>\n<p><\/p>\n<h2><strong>Caract\u00e9ristiques Grape Ape Fem Royal Queen Seeds :<\/strong><\/h2>\n<ul style=\"list-style-type: disc\">\n<li><strong>Genre :<\/strong> F\u00e9minis\u00e9e<\/li>\n<li><strong>G\u00e9notype :<\/strong> Hybride 90% Indica \/ 10% Sativa<\/li>\n<li><strong>G\u00e9n\u00e9tique : <\/strong>Afghani x Mendocino Purps x Skunk #1<\/li>\n<li><strong>Jours :<\/strong> 49-63<\/li>\n<\/ul>\n<p><\/p>\n<div style=\"text-align: justify\"><em><strong>ATTENTION :<\/strong> Les graines de chanvre sont exclues de la notion l\u00e9gale de Cannabis, ce qui signifie qu&rsquo;elles ne doivent pas \u00eatre consid\u00e9r\u00e9es comme une substance stup\u00e9fiante (L. 412 de 1974, art. 1, virgule 1, lett. B ; Convention unique sur les stup\u00e9fiants de New York de 1961 et tableau II du d\u00e9cret minist\u00e9riel 27\/7\/1992). En Italie, la culture du chanvre est interdite (articles 28 et 73 du d\u00e9cret pr\u00e9sidentiel 309\/90), sauf autorisation sp\u00e9ciale (article 17 du d\u00e9cret pr\u00e9sidentiel 309\/90). En l&rsquo;absence d&rsquo;autorisation, les semences ne peuvent \u00eatre utilis\u00e9es qu&rsquo;\u00e0 d&rsquo;autres fins (zootechniques, de collection, etc.). Les semences sont vendues sous r\u00e9serve qu&rsquo;elles ne soient pas utilis\u00e9es par des tiers en contradiction avec la loi.<\/em><\/div>\n","protected":false},"excerpt":{"rendered":"<p>Parfois, les s\u00e9lectionneurs se montrent particuli\u00e8rement ambitieux, comme lorsque notre \u00e9quipe s&rsquo;est mise \u00e0 r\u00eaver de Grape Ape. S&rsquo;inspirant de<\/p>\n","protected":false},"featured_media":177805,"comment_status":"open","ping_status":"closed","template":"","meta":[],"product_brand":[],"product_cat":[7951],"product_tag":[],"class_list":{"0":"post-177818","1":"product","2":"type-product","3":"status-publish","4":"has-post-thumbnail","6":"product_cat-magasin-de-graines","8":"first","9":"instock","10":"sale","11":"taxable","12":"shipping-taxable","13":"purchasable","14":"product-type-variable"},"aioseo_notices":[],"_links":{"self":[{"href":"https:\/\/www.budream.com\/fr\/wp-json\/wp\/v2\/product\/177818","targetHints":{"allow":["GET"]}}],"collection":[{"href":"https:\/\/www.budream.com\/fr\/wp-json\/wp\/v2\/product"}],"about":[{"href":"https:\/\/www.budream.com\/fr\/wp-json\/wp\/v2\/types\/product"}],"replies":[{"embeddable":true,"href":"https:\/\/www.budream.com\/fr\/wp-json\/wp\/v2\/comments?post=177818"}],"version-history":[{"count":0,"href":"https:\/\/www.budream.com\/fr\/wp-json\/wp\/v2\/product\/177818\/revisions"}],"wp:featuredmedia":[{"embeddable":true,"href":"https:\/\/www.budream.com\/fr\/wp-json\/wp\/v2\/media\/177805"}],"wp:attachment":[{"href":"https:\/\/www.budream.com\/fr\/wp-json\/wp\/v2\/media?parent=177818"}],"wp:term":[{"taxonomy":"product_brand","embeddable":true,"href":"https:\/\/www.budream.com\/fr\/wp-json\/wp\/v2\/product_brand?post=177818"},{"taxonomy":"product_cat","embeddable":true,"href":"https:\/\/www.budream.com\/fr\/wp-json\/wp\/v2\/product_cat?post=177818"},{"taxonomy":"product_tag","embeddable":true,"href":"https:\/\/www.budream.com\/fr\/wp-json\/wp\/v2\/product_tag?post=177818"}],"curies":[{"name":"wp","href":"https:\/\/api.w.org\/{rel}","templated":true}]}}