{"id":178552,"date":"2025-08-01T06:28:49","date_gmt":"2025-08-01T04:28:49","guid":{"rendered":"https:\/\/www.budream.com\/shop\/royal-queen-seeds-apollo-f1-autofloraison\/"},"modified":"2026-02-19T15:31:39","modified_gmt":"2026-02-19T13:31:39","slug":"royal-queen-seeds-apollo-f1-autofloraison","status":"publish","type":"product","link":"https:\/\/www.budream.com\/fr\/shop\/royal-queen-seeds-apollo-f1-autofloraison\/","title":{"rendered":"ROYAL QUEEN SEEDS &#8211; APOLLO F1 AUTOFLORAISON"},"content":{"rendered":"<div style=\"text-align: justify\">Cr\u00e9\u00e9e \u00e0 partir de la consanguinit\u00e9 des lignes g\u00e9n\u00e9tiques descendant de Lemon, Black Domina et Sugar Magnolia, Apollo F1 a h\u00e9rit\u00e9 de la g\u00e9n\u00e9tique de qualit\u00e9 sup\u00e9rieure de tous ses pr\u00e9d\u00e9cesseurs.<\/div>\n<p><\/p>\n<h2><strong>Caract\u00e9ristiques Apollo F1 Autofloraison Royal Queen Seeds :<\/strong><\/h2>\n<ul style=\"list-style-type: disc\">\n<li><strong>Genre :<\/strong> Autofloraison F\u00e9minis\u00e9e<\/li>\n<li><strong>G\u00e9notype :<\/strong> Hybride F1 Indica \/ Sativa<\/li>\n<li><strong>G\u00e9n\u00e9tique : <\/strong>Lemon x Black Domina x Sugar Mangolia<\/li>\n<li><strong>Jours :<\/strong> 63 &#8211; 70<\/li>\n<\/ul>\n<p><\/p>\n<div style=\"text-align: justify\"><em><strong>ATTENTION :<\/strong> Les graines de chanvre sont exclues de la notion l\u00e9gale de Cannabis, ce qui signifie qu&rsquo;elles ne doivent pas \u00eatre consid\u00e9r\u00e9es comme une substance stup\u00e9fiante (L. 412 de 1974, art. 1, alin\u00e9a 1, lettre B ; Convention unique sur les stup\u00e9fiants de New York de 1961 et tableau II du d\u00e9cret minist\u00e9riel 27\/7\/1992). En Italie, la culture du chanvre est interdite (articles 28 et 73 du d\u00e9cret pr\u00e9sidentiel 309\/90), sauf autorisation sp\u00e9ciale (article 17 du d\u00e9cret pr\u00e9sidentiel 309\/90). En l&rsquo;absence d&rsquo;autorisation, les semences ne peuvent \u00eatre utilis\u00e9es qu&rsquo;\u00e0 d&rsquo;autres fins (zootechniques, de collection, etc.). Les semences sont vendues sous r\u00e9serve qu&rsquo;elles ne soient pas utilis\u00e9es par des tiers en contradiction avec la loi.<\/em><\/div>\n","protected":false},"excerpt":{"rendered":"<p>Cr\u00e9\u00e9e \u00e0 partir de la consanguinit\u00e9 des lignes g\u00e9n\u00e9tiques descendant de Lemon, Black Domina et Sugar Magnolia, Apollo F1 a<\/p>\n","protected":false},"featured_media":178529,"comment_status":"open","ping_status":"closed","template":"","meta":[],"product_brand":[],"product_cat":[7951],"product_tag":[],"class_list":{"0":"post-178552","1":"product","2":"type-product","3":"status-publish","4":"has-post-thumbnail","6":"product_cat-magasin-de-graines","8":"first","9":"instock","10":"taxable","11":"shipping-taxable","12":"purchasable","13":"product-type-variable"},"aioseo_notices":[],"_links":{"self":[{"href":"https:\/\/www.budream.com\/fr\/wp-json\/wp\/v2\/product\/178552","targetHints":{"allow":["GET"]}}],"collection":[{"href":"https:\/\/www.budream.com\/fr\/wp-json\/wp\/v2\/product"}],"about":[{"href":"https:\/\/www.budream.com\/fr\/wp-json\/wp\/v2\/types\/product"}],"replies":[{"embeddable":true,"href":"https:\/\/www.budream.com\/fr\/wp-json\/wp\/v2\/comments?post=178552"}],"version-history":[{"count":0,"href":"https:\/\/www.budream.com\/fr\/wp-json\/wp\/v2\/product\/178552\/revisions"}],"wp:featuredmedia":[{"embeddable":true,"href":"https:\/\/www.budream.com\/fr\/wp-json\/wp\/v2\/media\/178529"}],"wp:attachment":[{"href":"https:\/\/www.budream.com\/fr\/wp-json\/wp\/v2\/media?parent=178552"}],"wp:term":[{"taxonomy":"product_brand","embeddable":true,"href":"https:\/\/www.budream.com\/fr\/wp-json\/wp\/v2\/product_brand?post=178552"},{"taxonomy":"product_cat","embeddable":true,"href":"https:\/\/www.budream.com\/fr\/wp-json\/wp\/v2\/product_cat?post=178552"},{"taxonomy":"product_tag","embeddable":true,"href":"https:\/\/www.budream.com\/fr\/wp-json\/wp\/v2\/product_tag?post=178552"}],"curies":[{"name":"wp","href":"https:\/\/api.w.org\/{rel}","templated":true}]}}