{"id":178622,"date":"2025-08-01T06:30:47","date_gmt":"2025-08-01T04:30:47","guid":{"rendered":"https:\/\/www.budream.com\/shop\/royal-queen-seeds-sweet-zz-automatic-fem-usa-premium\/"},"modified":"2026-03-27T12:34:43","modified_gmt":"2026-03-27T10:34:43","slug":"royal-queen-seeds-sweet-zz-automatic-fem-usa-premium","status":"publish","type":"product","link":"https:\/\/www.budream.com\/fr\/shop\/royal-queen-seeds-sweet-zz-automatic-fem-usa-premium\/","title":{"rendered":"ROYAL QUEEN SEEDS &#8211; SWEET ZZ AUTOMATIC FEM (USA PREMIUM)"},"content":{"rendered":"<p>La Sweet ZZ Automatic a jou\u00e9 un r\u00f4le de pionnier dans le monde de la g\u00e9n\u00e9tique autofloraison. Les s\u00e9lectionneurs ont choisi Zkittlez comme premier parent, apr\u00e8s quoi nous avons d\u00fb trouver quelque chose de tout aussi savoureux pour introduire des g\u00e9n\u00e9tiques \u00e0 autofloraison dans le m\u00e9lange. Diesel Auto \u00e9tait l&rsquo;option parfaite.<\/p>\n<p><\/p>\n<h2><strong>Caract\u00e9ristiques Sweet ZZ Automatic Royal Queen Seeds :<\/strong><\/h2>\n<ul style=\"list-style-type: disc\">\n<li><strong>Genre :<\/strong> Autofloraison f\u00e9minis\u00e9e<\/li>\n<li><strong>G\u00e9notype :<\/strong> Hybride 35% Sativa \/ 60% Indica \/ 5% Ruderalis<\/li>\n<li><strong>G\u00e9n\u00e9tique :<\/strong> Sweet ZZ x Diesel Auto<\/li>\n<li><strong>Jours :<\/strong> 42-49<\/li>\n<\/ul>\n<p><em><strong>ATTENTION :<\/strong> Les graines de chanvre sont exclues de la notion l\u00e9gale de Cannabis, ce qui signifie qu&rsquo;elles ne doivent pas \u00eatre consid\u00e9r\u00e9es comme une substance stup\u00e9fiante (L. 412 de 1974, art. 1, paragraphe 1, lettre B ; Convention unique sur les stup\u00e9fiants de New York de 1961 et tableau II du d\u00e9cret minist\u00e9riel 27\/7\/1992). En Italie, la culture du chanvre est interdite (articles 28 et 73 du d\u00e9cret pr\u00e9sidentiel 309\/90), sauf autorisation sp\u00e9ciale (article 17 du d\u00e9cret pr\u00e9sidentiel 309\/90). En l&rsquo;absence d&rsquo;autorisation, les semences ne peuvent \u00eatre utilis\u00e9es qu&rsquo;\u00e0 d&rsquo;autres fins (zootechniques, de collection, etc.). Les semences sont vendues sous r\u00e9serve qu&rsquo;elles ne soient pas utilis\u00e9es par des tiers en contradiction avec la loi.<\/em><\/p>\n","protected":false},"excerpt":{"rendered":"<p>La Sweet ZZ Automatic a jou\u00e9 un r\u00f4le de pionnier dans le monde de la g\u00e9n\u00e9tique autofloraison. Les s\u00e9lectionneurs ont<\/p>\n","protected":false},"featured_media":178609,"comment_status":"open","ping_status":"closed","template":"","meta":[],"product_brand":[],"product_cat":[7951],"product_tag":[],"class_list":{"0":"post-178622","1":"product","2":"type-product","3":"status-publish","4":"has-post-thumbnail","6":"product_cat-magasin-de-graines","8":"first","9":"instock","10":"taxable","11":"shipping-taxable","12":"purchasable","13":"product-type-variable"},"aioseo_notices":[],"_links":{"self":[{"href":"https:\/\/www.budream.com\/fr\/wp-json\/wp\/v2\/product\/178622","targetHints":{"allow":["GET"]}}],"collection":[{"href":"https:\/\/www.budream.com\/fr\/wp-json\/wp\/v2\/product"}],"about":[{"href":"https:\/\/www.budream.com\/fr\/wp-json\/wp\/v2\/types\/product"}],"replies":[{"embeddable":true,"href":"https:\/\/www.budream.com\/fr\/wp-json\/wp\/v2\/comments?post=178622"}],"version-history":[{"count":0,"href":"https:\/\/www.budream.com\/fr\/wp-json\/wp\/v2\/product\/178622\/revisions"}],"wp:featuredmedia":[{"embeddable":true,"href":"https:\/\/www.budream.com\/fr\/wp-json\/wp\/v2\/media\/178609"}],"wp:attachment":[{"href":"https:\/\/www.budream.com\/fr\/wp-json\/wp\/v2\/media?parent=178622"}],"wp:term":[{"taxonomy":"product_brand","embeddable":true,"href":"https:\/\/www.budream.com\/fr\/wp-json\/wp\/v2\/product_brand?post=178622"},{"taxonomy":"product_cat","embeddable":true,"href":"https:\/\/www.budream.com\/fr\/wp-json\/wp\/v2\/product_cat?post=178622"},{"taxonomy":"product_tag","embeddable":true,"href":"https:\/\/www.budream.com\/fr\/wp-json\/wp\/v2\/product_tag?post=178622"}],"curies":[{"name":"wp","href":"https:\/\/api.w.org\/{rel}","templated":true}]}}