{"id":179102,"date":"2025-08-01T06:56:17","date_gmt":"2025-08-01T04:56:17","guid":{"rendered":"https:\/\/www.budream.com\/shop\/royal-queen-seeds-legendary-og-punch-fem-usa-premium\/"},"modified":"2026-03-27T14:46:23","modified_gmt":"2026-03-27T12:46:23","slug":"royal-queen-seeds-legendary-og-punch-fem-usa-premium","status":"publish","type":"product","link":"https:\/\/www.budream.com\/fr\/shop\/royal-queen-seeds-legendary-og-punch-fem-usa-premium\/","title":{"rendered":"ROYAL QUEEN SEEDS &#8211; LEGENDARY OG PUNCH FEM (USA PREMIUM)"},"content":{"rendered":"<div style=\"text-align: justify\">Plus qu&rsquo;une simple description, l&rsquo;analogie avec la boxe est un code \u00e9labor\u00e9 pour mettre en valeur ses parents pur-sang. La premi\u00e8re dans son coin vert est la Legend OG, qui est soutenue par la Granddaddy Purple et la Larry OG, qui, combin\u00e9es, deviennent la Purple Punch.<\/div>\n<p><\/p>\n<h2><strong>Caract\u00e9ristiques Legendary OG Punch Fem Royal Queen Seeds :<\/strong><\/h2>\n<ul style=\"list-style-type: disc\">\n<li><strong>Genre :<\/strong> F\u00e9minis\u00e9e<\/li>\n<li><strong>G\u00e9notype :<\/strong> Hybride 60% Sativa \/ 40% Indica<\/li>\n<li><strong>G\u00e9n\u00e9tique :<\/strong> Legend Og x Purple Punch<\/li>\n<li><strong>Jours :<\/strong> 63-70<\/li>\n<\/ul>\n<p><\/p>\n<div style=\"text-align: justify\"><em><strong>ATTENTION :<\/strong> Les graines de chanvre sont exclues de la notion l\u00e9gale de Cannabis, ce qui signifie qu&rsquo;elles ne doivent pas \u00eatre consid\u00e9r\u00e9es comme une substance stup\u00e9fiante (L. 412 de 1974, art. 1, virgule 1, lett. B ; Convention unique sur les stup\u00e9fiants de New York de 1961 et tableau II du d\u00e9cret minist\u00e9riel 27\/7\/1992). En Italie, la culture du chanvre est interdite (articles 28 et 73 du d\u00e9cret pr\u00e9sidentiel 309\/90), sauf autorisation sp\u00e9ciale (article 17 du d\u00e9cret pr\u00e9sidentiel 309\/90). En l&rsquo;absence d&rsquo;autorisation, les semences ne peuvent \u00eatre utilis\u00e9es qu&rsquo;\u00e0 d&rsquo;autres fins (zootechniques, de collection, etc.). Les semences sont vendues sous r\u00e9serve qu&rsquo;elles ne soient pas utilis\u00e9es par des tiers en contradiction avec la loi.<\/em><\/div>\n","protected":false},"excerpt":{"rendered":"<p>Plus qu&rsquo;une simple description, l&rsquo;analogie avec la boxe est un code \u00e9labor\u00e9 pour mettre en valeur ses parents pur-sang. La<\/p>\n","protected":false},"featured_media":179092,"comment_status":"open","ping_status":"closed","template":"","meta":[],"product_brand":[],"product_cat":[7951],"product_tag":[],"class_list":{"0":"post-179102","1":"product","2":"type-product","3":"status-publish","4":"has-post-thumbnail","6":"product_cat-magasin-de-graines","8":"first","9":"instock","10":"sale","11":"taxable","12":"shipping-taxable","13":"purchasable","14":"product-type-variable"},"_links":{"self":[{"href":"https:\/\/www.budream.com\/fr\/wp-json\/wp\/v2\/product\/179102","targetHints":{"allow":["GET"]}}],"collection":[{"href":"https:\/\/www.budream.com\/fr\/wp-json\/wp\/v2\/product"}],"about":[{"href":"https:\/\/www.budream.com\/fr\/wp-json\/wp\/v2\/types\/product"}],"replies":[{"embeddable":true,"href":"https:\/\/www.budream.com\/fr\/wp-json\/wp\/v2\/comments?post=179102"}],"version-history":[{"count":0,"href":"https:\/\/www.budream.com\/fr\/wp-json\/wp\/v2\/product\/179102\/revisions"}],"wp:featuredmedia":[{"embeddable":true,"href":"https:\/\/www.budream.com\/fr\/wp-json\/wp\/v2\/media\/179092"}],"wp:attachment":[{"href":"https:\/\/www.budream.com\/fr\/wp-json\/wp\/v2\/media?parent=179102"}],"wp:term":[{"taxonomy":"product_brand","embeddable":true,"href":"https:\/\/www.budream.com\/fr\/wp-json\/wp\/v2\/product_brand?post=179102"},{"taxonomy":"product_cat","embeddable":true,"href":"https:\/\/www.budream.com\/fr\/wp-json\/wp\/v2\/product_cat?post=179102"},{"taxonomy":"product_tag","embeddable":true,"href":"https:\/\/www.budream.com\/fr\/wp-json\/wp\/v2\/product_tag?post=179102"}],"curies":[{"name":"wp","href":"https:\/\/api.w.org\/{rel}","templated":true}]}}