{"id":179247,"date":"2025-08-01T07:05:30","date_gmt":"2025-08-01T05:05:30","guid":{"rendered":"https:\/\/www.budream.com\/shop\/graines-douces-red-pure-auto-cbd-fem-swrpacp3\/"},"modified":"2026-03-11T22:05:21","modified_gmt":"2026-03-11T20:05:21","slug":"graines-douces-red-pure-auto-cbd-fem-swrpacp3","status":"publish","type":"product","link":"https:\/\/www.budream.com\/fr\/shop\/graines-douces-red-pure-auto-cbd-fem-swrpacp3\/","title":{"rendered":"GRAINES DOUCES &#8211; RED PURE AUTO CBD\u00ae FEM (SWRPACP3)"},"content":{"rendered":"<div style=\"text-align: justify\">Vari\u00e9t\u00e9 autofloraison rouge et &lsquo;pure CBD&rsquo;, r\u00e9sultat d&rsquo;un croisement entre notre Sweet Pure CBD&reg; (SWS65) et notre Red Poison Auto&reg; (SWS39).<\/div>\n<p><\/p>\n<h2><strong>Caract\u00e9ristiques Red Pure Auto CBD Fem (SWRPACP3) Sweet Seeds :<\/strong><\/h2>\n<ul style=\"list-style-type: disc\">\n<li><strong>Genre :<\/strong> Hybride F\u00e9minis\u00e9<\/li>\n<li><strong>G\u00e9n\u00e9tique<\/strong>: Sweet Pure CBD x Red Poison Auto (SWS39)<\/li>\n<li><strong>Composition :<\/strong> 58.4% Indica \/ 40% Sativa \/ 1.6% Ruderalis<\/li>\n<li><strong>Jours :<\/strong> 63<\/li>\n<\/ul>\n<p><\/p>\n<div style=\"text-align: justify\"><span style=\"font-size: 11pt\"><em><strong>ATTENTION :<\/strong> Les graines de chanvre sont exclues de la notion l\u00e9gale de Cannabis, ce qui signifie qu&rsquo;elles ne doivent pas \u00eatre consid\u00e9r\u00e9es comme une substance stup\u00e9fiante (L. 412 de 1974, art. 1, virgule 1, lett. B ; Convention unique sur les stup\u00e9fiants de New York de 1961 et tableau II du d\u00e9cret minist\u00e9riel 27\/7\/1992). En Italie, la culture du chanvre est interdite (articles 28 et 73 du d\u00e9cret pr\u00e9sidentiel 309\/90), sauf autorisation sp\u00e9ciale (article 17 du d\u00e9cret pr\u00e9sidentiel 309\/90). En l&rsquo;absence d&rsquo;autorisation, les semences ne peuvent \u00eatre utilis\u00e9es qu&rsquo;\u00e0 d&rsquo;autres fins (zootechniques, de collection, etc.). Les semences sont vendues sous r\u00e9serve qu&rsquo;elles ne soient pas utilis\u00e9es par des tiers en contradiction avec la loi.<\/em><\/span><\/div>\n","protected":false},"excerpt":{"rendered":"<p>Vari\u00e9t\u00e9 autofloraison rouge et &lsquo;pure CBD&rsquo;, r\u00e9sultat d&rsquo;un croisement entre notre Sweet Pure CBD&reg; (SWS65) et notre Red Poison Auto&reg;<\/p>\n","protected":false},"featured_media":179237,"comment_status":"open","ping_status":"closed","template":"","meta":[],"product_brand":[],"product_cat":[7951],"product_tag":[],"class_list":{"0":"post-179247","1":"product","2":"type-product","3":"status-publish","4":"has-post-thumbnail","6":"product_cat-magasin-de-graines","8":"first","9":"instock","10":"sale","11":"taxable","12":"shipping-taxable","13":"purchasable","14":"product-type-variable"},"_links":{"self":[{"href":"https:\/\/www.budream.com\/fr\/wp-json\/wp\/v2\/product\/179247","targetHints":{"allow":["GET"]}}],"collection":[{"href":"https:\/\/www.budream.com\/fr\/wp-json\/wp\/v2\/product"}],"about":[{"href":"https:\/\/www.budream.com\/fr\/wp-json\/wp\/v2\/types\/product"}],"replies":[{"embeddable":true,"href":"https:\/\/www.budream.com\/fr\/wp-json\/wp\/v2\/comments?post=179247"}],"version-history":[{"count":0,"href":"https:\/\/www.budream.com\/fr\/wp-json\/wp\/v2\/product\/179247\/revisions"}],"wp:featuredmedia":[{"embeddable":true,"href":"https:\/\/www.budream.com\/fr\/wp-json\/wp\/v2\/media\/179237"}],"wp:attachment":[{"href":"https:\/\/www.budream.com\/fr\/wp-json\/wp\/v2\/media?parent=179247"}],"wp:term":[{"taxonomy":"product_brand","embeddable":true,"href":"https:\/\/www.budream.com\/fr\/wp-json\/wp\/v2\/product_brand?post=179247"},{"taxonomy":"product_cat","embeddable":true,"href":"https:\/\/www.budream.com\/fr\/wp-json\/wp\/v2\/product_cat?post=179247"},{"taxonomy":"product_tag","embeddable":true,"href":"https:\/\/www.budream.com\/fr\/wp-json\/wp\/v2\/product_tag?post=179247"}],"curies":[{"name":"wp","href":"https:\/\/api.w.org\/{rel}","templated":true}]}}