{"id":179347,"date":"2025-08-01T07:10:22","date_gmt":"2025-08-01T05:10:22","guid":{"rendered":"https:\/\/www.budream.com\/shop\/graines-douces-killer-kush-auto-fem-sws56\/"},"modified":"2026-03-30T11:54:41","modified_gmt":"2026-03-30T09:54:41","slug":"graines-douces-killer-kush-auto-fem-sws56","status":"publish","type":"product","link":"https:\/\/www.budream.com\/fr\/shop\/graines-douces-killer-kush-auto-fem-sws56\/","title":{"rendered":"GRAINES DOUCES &#8211; KILLER KUSH AUTO\u00ae FEM (SWS56)"},"content":{"rendered":"<div style=\"text-align: justify\">Vari\u00e9t\u00e9 autoflorissante de 4\u00e8me g\u00e9n\u00e9ration d&rsquo;une des plus c\u00e9l\u00e8bres g\u00e9n\u00e9tiques de la c\u00f4te ouest des Etats-Unis, cr\u00e9\u00e9e vers 1994 \u00e0 Sunset Beach en Californie du Sud, Ocean Grow Kush mieux connue sous le nom d&rsquo;OG Kush. Vari\u00e9t\u00e9 issue de l&rsquo;hybridation entre deux clones \u00e9lites d&rsquo;Amnesia Haze. Killer Kush Auto (SWS56) est le r\u00e9sultat de l&rsquo;hybridation d&rsquo;une vari\u00e9t\u00e9 autofloraison de 3\u00e8me g\u00e9n\u00e9ration s\u00e9lectionn\u00e9e, principalement Indica, avec un clone \u00e9lite d&rsquo;OG Kush.<\/div>\n<p><\/p>\n<h2><strong>Caract\u00e9ristiques Killer Kush Auto&reg; Fem :<\/strong><\/h2>\n<ul style=\"list-style-type: disc\">\n<li><strong>Genre :<\/strong> Hybride f\u00e9minis\u00e9 \u00e0 autofloraison<\/li>\n<li><strong>G\u00e9notype<\/strong>: Hybride : Indica : 63% \/ Sativa : 35.4% \/ Ruderalis : 1.6%<\/li>\n<li><strong>G\u00e9n\u00e9tique :<\/strong> Autofloraison de 3\u00e8me g\u00e9n\u00e9ration \u00e0 pr\u00e9dominance Indica x clone \u00e9lite de OG Kush<\/li>\n<li>Jours<strong>:<\/strong> 56 jours<\/li>\n<\/ul>\n<p><\/p>\n<div style=\"text-align: justify\"><span style=\"font-size: 11pt\"><em><strong>ATTENTION :<\/strong> Les graines de chanvre sont exclues de la notion l\u00e9gale de Cannabis, ce qui signifie qu&rsquo;elles ne doivent pas \u00eatre consid\u00e9r\u00e9es comme une substance stup\u00e9fiante (L. 412 de 1974, art. 1, virgule 1, lett. B ; Convention unique sur les stup\u00e9fiants de New York de 1961 et tableau II du d\u00e9cret minist\u00e9riel 27\/7\/1992). En Italie, la culture du chanvre est interdite (articles 28 et 73 du d\u00e9cret pr\u00e9sidentiel 309\/90), sauf autorisation sp\u00e9ciale (article 17 du d\u00e9cret pr\u00e9sidentiel 309\/90). En l&rsquo;absence d&rsquo;autorisation, les semences ne peuvent \u00eatre utilis\u00e9es qu&rsquo;\u00e0 d&rsquo;autres fins (zootechniques, de collection, etc.). Les semences sont vendues sous r\u00e9serve qu&rsquo;elles ne soient pas utilis\u00e9es par des tiers en contradiction avec la loi.<\/em><\/span><\/div>\n","protected":false},"excerpt":{"rendered":"<p>Vari\u00e9t\u00e9 autoflorissante de 4\u00e8me g\u00e9n\u00e9ration d&rsquo;une des plus c\u00e9l\u00e8bres g\u00e9n\u00e9tiques de la c\u00f4te ouest des Etats-Unis, cr\u00e9\u00e9e vers 1994 \u00e0<\/p>\n","protected":false},"featured_media":179337,"comment_status":"open","ping_status":"closed","template":"","meta":[],"product_brand":[],"product_cat":[7951],"product_tag":[],"class_list":{"0":"post-179347","1":"product","2":"type-product","3":"status-publish","4":"has-post-thumbnail","6":"product_cat-magasin-de-graines","8":"first","9":"instock","10":"sale","11":"taxable","12":"shipping-taxable","13":"purchasable","14":"product-type-variable"},"_links":{"self":[{"href":"https:\/\/www.budream.com\/fr\/wp-json\/wp\/v2\/product\/179347","targetHints":{"allow":["GET"]}}],"collection":[{"href":"https:\/\/www.budream.com\/fr\/wp-json\/wp\/v2\/product"}],"about":[{"href":"https:\/\/www.budream.com\/fr\/wp-json\/wp\/v2\/types\/product"}],"replies":[{"embeddable":true,"href":"https:\/\/www.budream.com\/fr\/wp-json\/wp\/v2\/comments?post=179347"}],"version-history":[{"count":0,"href":"https:\/\/www.budream.com\/fr\/wp-json\/wp\/v2\/product\/179347\/revisions"}],"wp:featuredmedia":[{"embeddable":true,"href":"https:\/\/www.budream.com\/fr\/wp-json\/wp\/v2\/media\/179337"}],"wp:attachment":[{"href":"https:\/\/www.budream.com\/fr\/wp-json\/wp\/v2\/media?parent=179347"}],"wp:term":[{"taxonomy":"product_brand","embeddable":true,"href":"https:\/\/www.budream.com\/fr\/wp-json\/wp\/v2\/product_brand?post=179347"},{"taxonomy":"product_cat","embeddable":true,"href":"https:\/\/www.budream.com\/fr\/wp-json\/wp\/v2\/product_cat?post=179347"},{"taxonomy":"product_tag","embeddable":true,"href":"https:\/\/www.budream.com\/fr\/wp-json\/wp\/v2\/product_tag?post=179347"}],"curies":[{"name":"wp","href":"https:\/\/api.w.org\/{rel}","templated":true}]}}