{"id":179382,"date":"2025-08-01T07:11:55","date_gmt":"2025-08-01T05:11:55","guid":{"rendered":"https:\/\/www.budream.com\/shop\/sweet-seeds-sweet-mimosa-xl-auto-fem-sws94\/"},"modified":"2026-03-19T19:13:12","modified_gmt":"2026-03-19T17:13:12","slug":"sweet-seeds-sweet-mimosa-xl-auto-fem-sws94","status":"publish","type":"product","link":"https:\/\/www.budream.com\/fr\/shop\/sweet-seeds-sweet-mimosa-xl-auto-fem-sws94\/","title":{"rendered":"SWEET SEEDS &#8211; SWEET MIMOSA XL AUTO\u00ae FEM (SWS94)"},"content":{"rendered":"<div id=\"ficha_imagen\">\n<p style=\"text-align: justify\">Autofloraison 4\u00e8me g\u00e9n\u00e9ration. Version autofloraison de la vari\u00e9t\u00e9 Mimosa [Clementine (Tangie x Lemon Skunk) x Purple Punch (Larry OG x Grand Daddy Purple)], l&rsquo;une des g\u00e9n\u00e9tiques am\u00e9ricaines les plus populaires de ces derni\u00e8res ann\u00e9es.<\/p>\n<\/div>\n<h2><strong>Caract\u00e9ristiques Sweet Mimosa XL Auto Fem :<\/strong><\/h2>\n<ul style=\"list-style-type: disc\">\n<li><strong>Genre :<\/strong> Autofloraison F\u00e9minis\u00e9e<\/li>\n<li><strong>G\u00e9notype<\/strong>: Hybride : Indica\/Sativa\/Ruderalis<\/li>\n<li><strong>G\u00e9n\u00e9tique : <\/strong>Mimosa [Cl\u00e9mentine (Tangie x Lemon Skunk) x Purple Punch (Larry OG x Grand Daddy Purple)] x Cream Mandarine Auto&reg; (SWS29)<\/li>\n<li>Jours<strong>:<\/strong> 63 jours<\/li>\n<\/ul>\n<p><\/p>\n<div style=\"text-align: justify\"><span style=\"font-size: 11pt\"><em><strong>ATTENTION :<\/strong> Les graines de chanvre sont exclues de la notion l\u00e9gale de Cannabis, ce qui signifie qu&rsquo;elles ne doivent pas \u00eatre consid\u00e9r\u00e9es comme une substance stup\u00e9fiante (L. 412 de 1974, art. 1, alin\u00e9a 1, lettre B ; Convention unique sur les stup\u00e9fiants de New York de 1961 et tableau II du d\u00e9cret minist\u00e9riel du 27\/7\/1992). En Italie, la culture du chanvre est interdite (articles 28 et 73 du d\u00e9cret pr\u00e9sidentiel 309\/90), sauf autorisation sp\u00e9ciale (article 17 du d\u00e9cret pr\u00e9sidentiel 309\/90). En l&rsquo;absence d&rsquo;autorisation, les semences ne peuvent \u00eatre utilis\u00e9es qu&rsquo;\u00e0 d&rsquo;autres fins (zootechniques, de collection, etc.). Les semences sont vendues sous r\u00e9serve qu&rsquo;elles ne soient pas utilis\u00e9es par des tiers en contradiction avec la loi.<\/em><\/span><\/div>\n","protected":false},"excerpt":{"rendered":"<p>Autofloraison 4\u00e8me g\u00e9n\u00e9ration. Version autofloraison de la vari\u00e9t\u00e9 Mimosa [Clementine (Tangie x Lemon Skunk) x Purple Punch (Larry OG x<\/p>\n","protected":false},"featured_media":179372,"comment_status":"open","ping_status":"closed","template":"","meta":[],"product_brand":[],"product_cat":[7951],"product_tag":[],"class_list":{"0":"post-179382","1":"product","2":"type-product","3":"status-publish","4":"has-post-thumbnail","6":"product_cat-magasin-de-graines","8":"first","9":"instock","10":"taxable","11":"shipping-taxable","12":"purchasable","13":"product-type-variable"},"aioseo_notices":[],"_links":{"self":[{"href":"https:\/\/www.budream.com\/fr\/wp-json\/wp\/v2\/product\/179382","targetHints":{"allow":["GET"]}}],"collection":[{"href":"https:\/\/www.budream.com\/fr\/wp-json\/wp\/v2\/product"}],"about":[{"href":"https:\/\/www.budream.com\/fr\/wp-json\/wp\/v2\/types\/product"}],"replies":[{"embeddable":true,"href":"https:\/\/www.budream.com\/fr\/wp-json\/wp\/v2\/comments?post=179382"}],"version-history":[{"count":0,"href":"https:\/\/www.budream.com\/fr\/wp-json\/wp\/v2\/product\/179382\/revisions"}],"wp:featuredmedia":[{"embeddable":true,"href":"https:\/\/www.budream.com\/fr\/wp-json\/wp\/v2\/media\/179372"}],"wp:attachment":[{"href":"https:\/\/www.budream.com\/fr\/wp-json\/wp\/v2\/media?parent=179382"}],"wp:term":[{"taxonomy":"product_brand","embeddable":true,"href":"https:\/\/www.budream.com\/fr\/wp-json\/wp\/v2\/product_brand?post=179382"},{"taxonomy":"product_cat","embeddable":true,"href":"https:\/\/www.budream.com\/fr\/wp-json\/wp\/v2\/product_cat?post=179382"},{"taxonomy":"product_tag","embeddable":true,"href":"https:\/\/www.budream.com\/fr\/wp-json\/wp\/v2\/product_tag?post=179382"}],"curies":[{"name":"wp","href":"https:\/\/api.w.org\/{rel}","templated":true}]}}