{"id":179442,"date":"2025-08-01T07:14:58","date_gmt":"2025-08-01T05:14:58","guid":{"rendered":"https:\/\/www.budream.com\/shop\/graines-douces-purple-punch-og-fem-sws93\/"},"modified":"2026-04-01T14:04:21","modified_gmt":"2026-04-01T12:04:21","slug":"graines-douces-purple-punch-og-fem-sws93","status":"publish","type":"product","link":"https:\/\/www.budream.com\/fr\/shop\/graines-douces-purple-punch-og-fem-sws93\/","title":{"rendered":"GRAINES DOUCES &#8211; PURPLE PUNCH OG\u00ae FEM (SWS93)"},"content":{"rendered":"<div style=\"text-align: justify\">Vari\u00e9t\u00e9 issue de l&rsquo;hybridation entre un clone \u00e9lite de Purple Punch (Larry OG x Grand Daddy Purple) et un clone \u00e9lite de Star Killer (Skywalker OG Kush x Rare Dankness #2). Deux g\u00e9n\u00e9tiques championnes de grande renomm\u00e9e sur la sc\u00e8ne internationale.<\/div>\n<p><\/p>\n<h2><strong>Caract\u00e9ristiques Purple Punch OG&reg; Fem :<\/strong><\/h2>\n<ul style=\"list-style-type: disc\">\n<li><strong>Genre :<\/strong> F\u00e9minis\u00e9e<\/li>\n<li><strong>G\u00e9notype<\/strong>: Hybride : Indica : 80% \/ Sativa : 20%<\/li>\n<li><strong>G\u00e9n\u00e9tique :<\/strong> Purple Punch (Larry OG x Grand Daddy Purple) x Star Killer (Skywalker OG Kush x Rare Dankness #2)<\/li>\n<li>Jours<strong>:<\/strong> 56 jours<\/li>\n<\/ul>\n<p><\/p>\n<div style=\"text-align: justify\"><span style=\"font-size: 11pt\"><em><strong>ATTENTION :<\/strong> Les graines de chanvre sont exclues de la notion l\u00e9gale de Cannabis, ce qui signifie qu&rsquo;elles ne doivent pas \u00eatre consid\u00e9r\u00e9es comme une substance stup\u00e9fiante (L. 412 de 1974, art. 1, virgule 1, lett. B ; Convention unique sur les stup\u00e9fiants de New York de 1961 et tableau II du d\u00e9cret minist\u00e9riel 27\/7\/1992). En Italie, la culture du chanvre est interdite (articles 28 et 73 du d\u00e9cret pr\u00e9sidentiel 309\/90), sauf autorisation sp\u00e9ciale (article 17 du d\u00e9cret pr\u00e9sidentiel 309\/90). En l&rsquo;absence d&rsquo;autorisation, les semences ne peuvent \u00eatre utilis\u00e9es qu&rsquo;\u00e0 d&rsquo;autres fins (zootechniques, de collection, etc.). Les semences sont vendues sous r\u00e9serve qu&rsquo;elles ne soient pas utilis\u00e9es par des tiers en contradiction avec la loi.<\/em><\/span><\/div>\n","protected":false},"excerpt":{"rendered":"<p>Vari\u00e9t\u00e9 issue de l&rsquo;hybridation entre un clone \u00e9lite de Purple Punch (Larry OG x Grand Daddy Purple) et un clone<\/p>\n","protected":false},"featured_media":179437,"comment_status":"open","ping_status":"closed","template":"","meta":[],"product_brand":[],"product_cat":[7951],"product_tag":[],"class_list":{"0":"post-179442","1":"product","2":"type-product","3":"status-publish","4":"has-post-thumbnail","6":"product_cat-magasin-de-graines","8":"first","9":"instock","10":"taxable","11":"shipping-taxable","12":"purchasable","13":"product-type-variable"},"aioseo_notices":[],"_links":{"self":[{"href":"https:\/\/www.budream.com\/fr\/wp-json\/wp\/v2\/product\/179442","targetHints":{"allow":["GET"]}}],"collection":[{"href":"https:\/\/www.budream.com\/fr\/wp-json\/wp\/v2\/product"}],"about":[{"href":"https:\/\/www.budream.com\/fr\/wp-json\/wp\/v2\/types\/product"}],"replies":[{"embeddable":true,"href":"https:\/\/www.budream.com\/fr\/wp-json\/wp\/v2\/comments?post=179442"}],"version-history":[{"count":1,"href":"https:\/\/www.budream.com\/fr\/wp-json\/wp\/v2\/product\/179442\/revisions"}],"predecessor-version":[{"id":262073,"href":"https:\/\/www.budream.com\/fr\/wp-json\/wp\/v2\/product\/179442\/revisions\/262073"}],"wp:featuredmedia":[{"embeddable":true,"href":"https:\/\/www.budream.com\/fr\/wp-json\/wp\/v2\/media\/179437"}],"wp:attachment":[{"href":"https:\/\/www.budream.com\/fr\/wp-json\/wp\/v2\/media?parent=179442"}],"wp:term":[{"taxonomy":"product_brand","embeddable":true,"href":"https:\/\/www.budream.com\/fr\/wp-json\/wp\/v2\/product_brand?post=179442"},{"taxonomy":"product_cat","embeddable":true,"href":"https:\/\/www.budream.com\/fr\/wp-json\/wp\/v2\/product_cat?post=179442"},{"taxonomy":"product_tag","embeddable":true,"href":"https:\/\/www.budream.com\/fr\/wp-json\/wp\/v2\/product_tag?post=179442"}],"curies":[{"name":"wp","href":"https:\/\/api.w.org\/{rel}","templated":true}]}}