{"id":179507,"date":"2025-08-01T07:18:30","date_gmt":"2025-08-01T05:18:30","guid":{"rendered":"https:\/\/www.budream.com\/shop\/sweet-seeds-sweet-mandarine-zkittlez-f1-fast-version-fem-sws102\/"},"modified":"2026-04-20T08:57:59","modified_gmt":"2026-04-20T06:57:59","slug":"sweet-seeds-sweet-mandarine-zkittlez-f1-fast-version-fem-sws102","status":"publish","type":"product","link":"https:\/\/www.budream.com\/fr\/shop\/sweet-seeds-sweet-mandarine-zkittlez-f1-fast-version-fem-sws102\/","title":{"rendered":"SWEET SEEDS &#8211; SWEET MANDARINE ZKITTLEZ F1 FAST VERSION\u00ae FEM (SWS102)"},"content":{"rendered":"<div style=\"text-align: justify\">G\u00e9n\u00e9tique f\u00e9minis\u00e9e, d\u00e9pendante de la photop\u00e9riode et \u00e0 floraison ultra-rapide. Premi\u00e8re g\u00e9n\u00e9ration fille (F1) issue d&rsquo;un croisement entre un clone \u00e9lite de Zkittlez et notre Sweet Mimosa XL Auto&reg; (SWS94).<\/div>\n<p><\/p>\n<h2><strong>Sweet Mandarine Zkittlez F1 Fast Version&reg; Fem (SWS102) :<\/strong><\/h2>\n<ul style=\"list-style-type: disc\">\n<li><strong>Genre :<\/strong> Hybride F\u00e9minis\u00e9<\/li>\n<li><strong>G\u00e9notype<\/strong>: Hybride : Indica : 60% \/ Sativa : 40%<\/li>\n<li><strong>G\u00e9n\u00e9tique :<\/strong> SZkittlez elite clone x Sweet Mimosa XL Auto&reg; (SWS94)<\/li>\n<li>Jours<strong>:<\/strong> 49 jours<\/li>\n<\/ul>\n<p><\/p>\n<div style=\"text-align: justify\"><span style=\"font-size: 11pt\"><em><strong>ATTENTION :<\/strong> Les graines de chanvre sont exclues de la notion l\u00e9gale de Cannabis, ce qui signifie qu&rsquo;elles ne doivent pas \u00eatre consid\u00e9r\u00e9es comme une substance stup\u00e9fiante (L. 412 de 1974, art. 1, virgule 1, lett. B ; Convention unique sur les stup\u00e9fiants de New York de 1961 et tableau II du d\u00e9cret minist\u00e9riel 27\/7\/1992). En Italie, la culture du chanvre est interdite (articles 28 et 73 du d\u00e9cret pr\u00e9sidentiel 309\/90), sauf autorisation sp\u00e9ciale (article 17 du d\u00e9cret pr\u00e9sidentiel 309\/90). En l&rsquo;absence d&rsquo;autorisation, les semences ne peuvent \u00eatre utilis\u00e9es qu&rsquo;\u00e0 d&rsquo;autres fins (zootechniques, de collection, etc.). Les semences sont vendues sous r\u00e9serve qu&rsquo;elles ne soient pas utilis\u00e9es par des tiers en contradiction avec la loi.<\/em><\/span><\/div>\n","protected":false},"excerpt":{"rendered":"<p>G\u00e9n\u00e9tique f\u00e9minis\u00e9e, d\u00e9pendante de la photop\u00e9riode et \u00e0 floraison ultra-rapide. Premi\u00e8re g\u00e9n\u00e9ration fille (F1) issue d&rsquo;un croisement entre un clone<\/p>\n","protected":false},"featured_media":179502,"comment_status":"open","ping_status":"closed","template":"","meta":[],"product_brand":[],"product_cat":[7951],"product_tag":[],"class_list":{"0":"post-179507","1":"product","2":"type-product","3":"status-publish","4":"has-post-thumbnail","6":"product_cat-magasin-de-graines","8":"first","9":"instock","10":"sale","11":"taxable","12":"shipping-taxable","13":"purchasable","14":"product-type-variable"},"aioseo_notices":[],"_links":{"self":[{"href":"https:\/\/www.budream.com\/fr\/wp-json\/wp\/v2\/product\/179507","targetHints":{"allow":["GET"]}}],"collection":[{"href":"https:\/\/www.budream.com\/fr\/wp-json\/wp\/v2\/product"}],"about":[{"href":"https:\/\/www.budream.com\/fr\/wp-json\/wp\/v2\/types\/product"}],"replies":[{"embeddable":true,"href":"https:\/\/www.budream.com\/fr\/wp-json\/wp\/v2\/comments?post=179507"}],"version-history":[{"count":1,"href":"https:\/\/www.budream.com\/fr\/wp-json\/wp\/v2\/product\/179507\/revisions"}],"predecessor-version":[{"id":262372,"href":"https:\/\/www.budream.com\/fr\/wp-json\/wp\/v2\/product\/179507\/revisions\/262372"}],"wp:featuredmedia":[{"embeddable":true,"href":"https:\/\/www.budream.com\/fr\/wp-json\/wp\/v2\/media\/179502"}],"wp:attachment":[{"href":"https:\/\/www.budream.com\/fr\/wp-json\/wp\/v2\/media?parent=179507"}],"wp:term":[{"taxonomy":"product_brand","embeddable":true,"href":"https:\/\/www.budream.com\/fr\/wp-json\/wp\/v2\/product_brand?post=179507"},{"taxonomy":"product_cat","embeddable":true,"href":"https:\/\/www.budream.com\/fr\/wp-json\/wp\/v2\/product_cat?post=179507"},{"taxonomy":"product_tag","embeddable":true,"href":"https:\/\/www.budream.com\/fr\/wp-json\/wp\/v2\/product_tag?post=179507"}],"curies":[{"name":"wp","href":"https:\/\/api.w.org\/{rel}","templated":true}]}}