{"id":179537,"date":"2025-08-01T07:20:11","date_gmt":"2025-08-01T05:20:11","guid":{"rendered":"https:\/\/www.budream.com\/shop\/graines-douces-tropicanna-poison-f1-fast-version-fem-sws585\/"},"modified":"2026-04-28T16:29:57","modified_gmt":"2026-04-28T14:29:57","slug":"graines-douces-tropicanna-poison-f1-fast-version-fem-sws585","status":"publish","type":"product","link":"https:\/\/www.budream.com\/fr\/shop\/graines-douces-tropicanna-poison-f1-fast-version-fem-sws585\/","title":{"rendered":"GRAINES DOUCES &#8211; TROPICANNA POISON F1 FAST VERSION\u00ae FEM (SWS585)"},"content":{"rendered":"<div style=\"text-align: justify\">Une version f\u00e9minis\u00e9e et photod\u00e9pendante de l&rsquo;une des vari\u00e9t\u00e9s les plus c\u00e9l\u00e8bres de la famille Cookies aux Etats-Unis, Tropicanna Cookies (Girl Scout Cookies x Tangie).<\/div>\n<div style=\"text-align: justify\">R\u00e9sultat d&rsquo;un croisement entre un clone \u00e9lite s\u00e9lectionn\u00e9 de Tropicanna Cookies et notre tr\u00e8s r\u00e9put\u00e9e autofloraison Red Poison Auto&reg; (SWS39).<\/p>\n<\/div>\n<h2><strong>Caract\u00e9ristiques Tropicanna Poison F1 Fast Version Fem :<\/strong><\/h2>\n<ul style=\"list-style-type: disc\">\n<li><strong>Genre :<\/strong> Hybride F\u00e9minis\u00e9<\/li>\n<li><strong>G\u00e9notype :<\/strong> Indica : 60% \/ Sativa : 40%<\/li>\n<li><strong>G\u00e9n\u00e9tique : <\/strong>Tropicanna Cookies x Red Poison Auto<\/li>\n<li><strong>Jours : <\/strong>42\/49<\/li>\n<\/ul>\n<p><\/p>\n<div style=\"text-align: justify\"><span style=\"font-size: 11pt\"><em><strong>ATTENTION :<\/strong> Les graines de chanvre sont exclues de la notion l\u00e9gale de Cannabis, ce qui signifie qu&rsquo;elles ne doivent pas \u00eatre consid\u00e9r\u00e9es comme une substance stup\u00e9fiante (L. 412 de 1974, art. 1, alin\u00e9a 1, lettre B ; Convention unique sur les stup\u00e9fiants de New York de 1961 et tableau II du d\u00e9cret minist\u00e9riel 27\/7\/1992). En Italie, la culture du chanvre est interdite (articles 28 et 73 du d\u00e9cret pr\u00e9sidentiel 309\/90), sauf autorisation sp\u00e9ciale (article 17 du d\u00e9cret pr\u00e9sidentiel 309\/90). En l&rsquo;absence d&rsquo;autorisation, les semences ne peuvent \u00eatre utilis\u00e9es qu&rsquo;\u00e0 d&rsquo;autres fins (zootechniques, de collection, etc.). Les semences sont vendues sous r\u00e9serve qu&rsquo;elles ne soient pas utilis\u00e9es par des tiers en contradiction avec la loi.<\/em><\/span><\/div>\n","protected":false},"excerpt":{"rendered":"<p>Une version f\u00e9minis\u00e9e et photod\u00e9pendante de l&rsquo;une des vari\u00e9t\u00e9s les plus c\u00e9l\u00e8bres de la famille Cookies aux Etats-Unis, Tropicanna Cookies<\/p>\n","protected":false},"featured_media":179532,"comment_status":"open","ping_status":"closed","template":"","meta":[],"product_brand":[],"product_cat":[1175],"product_tag":[],"class_list":{"0":"post-179537","1":"product","2":"type-product","3":"status-publish","4":"has-post-thumbnail","6":"product_cat-seedshop","8":"first","9":"instock","10":"taxable","11":"shipping-taxable","12":"purchasable","13":"product-type-variable"},"aioseo_notices":[],"_links":{"self":[{"href":"https:\/\/www.budream.com\/fr\/wp-json\/wp\/v2\/product\/179537","targetHints":{"allow":["GET"]}}],"collection":[{"href":"https:\/\/www.budream.com\/fr\/wp-json\/wp\/v2\/product"}],"about":[{"href":"https:\/\/www.budream.com\/fr\/wp-json\/wp\/v2\/types\/product"}],"replies":[{"embeddable":true,"href":"https:\/\/www.budream.com\/fr\/wp-json\/wp\/v2\/comments?post=179537"}],"version-history":[{"count":1,"href":"https:\/\/www.budream.com\/fr\/wp-json\/wp\/v2\/product\/179537\/revisions"}],"predecessor-version":[{"id":265891,"href":"https:\/\/www.budream.com\/fr\/wp-json\/wp\/v2\/product\/179537\/revisions\/265891"}],"wp:featuredmedia":[{"embeddable":true,"href":"https:\/\/www.budream.com\/fr\/wp-json\/wp\/v2\/media\/179532"}],"wp:attachment":[{"href":"https:\/\/www.budream.com\/fr\/wp-json\/wp\/v2\/media?parent=179537"}],"wp:term":[{"taxonomy":"product_brand","embeddable":true,"href":"https:\/\/www.budream.com\/fr\/wp-json\/wp\/v2\/product_brand?post=179537"},{"taxonomy":"product_cat","embeddable":true,"href":"https:\/\/www.budream.com\/fr\/wp-json\/wp\/v2\/product_cat?post=179537"},{"taxonomy":"product_tag","embeddable":true,"href":"https:\/\/www.budream.com\/fr\/wp-json\/wp\/v2\/product_tag?post=179537"}],"curies":[{"name":"wp","href":"https:\/\/api.w.org\/{rel}","templated":true}]}}