{"id":179732,"date":"2025-08-01T07:31:13","date_gmt":"2025-08-01T05:31:13","guid":{"rendered":"https:\/\/www.budream.com\/shop\/royal-queen-seeds-ice-cream-44-fem-tyson-seeds\/"},"modified":"2025-12-22T18:50:40","modified_gmt":"2025-12-22T16:50:40","slug":"royal-queen-seeds-ice-cream-44-fem-tyson-seeds","status":"publish","type":"product","link":"https:\/\/www.budream.com\/fr\/shop\/royal-queen-seeds-ice-cream-44-fem-tyson-seeds\/","title":{"rendered":"ROYAL QUEEN SEEDS &#8211; ICE CREAM 44 FEM (TYSON SEEDS)"},"content":{"rendered":"<div style=\"text-align: justify\">Royal Queen Seeds a conclu une collaboration exclusive avec Tyson 2.0 afin de rendre les vari\u00e9t\u00e9s pr\u00e9f\u00e9r\u00e9es de Mike Tyson disponibles sous forme de graines.<br \/>Pour cr\u00e9er la Ice Cream 44, les s\u00e9lectionneurs de Tyson 2.0 ont utilis\u00e9 des g\u00e8nes de premi\u00e8re qualit\u00e9. En croisant Sunset Sherbet et Thin Mint Girl Scout Cookies, ils ont obtenu un hybride \u00e0 dominante indica.<\/div>\n<p><\/p>\n<h2><strong>Caract\u00e9ristiques Ice Cream 44 Fem Royal Queen Seeds (Tyson Seeds) :<\/strong><\/h2>\n<ul style=\"list-style-type: disc\">\n<li><strong>Genre :<\/strong> F\u00e9minis\u00e9e<\/li>\n<li><strong>G\u00e9notype :<\/strong> Hybride 75% Indica \/ 25% Sativa<\/li>\n<li><strong>G\u00e9n\u00e9tique :<\/strong> Sunset Sherbet X Thin Mint Girl Scout Cookies<\/li>\n<li><strong>Jours :<\/strong> 56-63<\/li>\n<\/ul>\n<p><\/p>\n<div style=\"text-align: justify\"><em><strong>ATTENTION :<\/strong> Les graines de chanvre sont exclues de la notion l\u00e9gale de Cannabis, ce qui signifie qu&rsquo;elles ne doivent pas \u00eatre consid\u00e9r\u00e9es comme une substance stup\u00e9fiante (L. 412 de 1974, art. 1, virgule 1, lett. B ; Convention unique sur les stup\u00e9fiants de New York de 1961 et tableau II du d\u00e9cret minist\u00e9riel 27\/7\/1992). En Italie, la culture du chanvre est interdite (articles 28 et 73 du d\u00e9cret pr\u00e9sidentiel 309\/90), sauf autorisation sp\u00e9ciale (article 17 du d\u00e9cret pr\u00e9sidentiel 309\/90). En l&rsquo;absence d&rsquo;autorisation, les semences ne peuvent \u00eatre utilis\u00e9es qu&rsquo;\u00e0 d&rsquo;autres fins (zootechniques, de collection, etc.). Les semences sont vendues sous r\u00e9serve qu&rsquo;elles ne soient pas utilis\u00e9es par des tiers en contradiction avec la loi.<\/em><\/div>\n","protected":false},"excerpt":{"rendered":"<p>Royal Queen Seeds a conclu une collaboration exclusive avec Tyson 2.0 afin de rendre les vari\u00e9t\u00e9s pr\u00e9f\u00e9r\u00e9es de Mike Tyson<\/p>\n","protected":false},"featured_media":179722,"comment_status":"open","ping_status":"closed","template":"","meta":[],"product_brand":[],"product_cat":[7951],"product_tag":[],"class_list":{"0":"post-179732","1":"product","2":"type-product","3":"status-publish","4":"has-post-thumbnail","6":"product_cat-magasin-de-graines","8":"first","9":"instock","10":"sale","11":"taxable","12":"shipping-taxable","13":"purchasable","14":"product-type-variable"},"aioseo_notices":[],"_links":{"self":[{"href":"https:\/\/www.budream.com\/fr\/wp-json\/wp\/v2\/product\/179732","targetHints":{"allow":["GET"]}}],"collection":[{"href":"https:\/\/www.budream.com\/fr\/wp-json\/wp\/v2\/product"}],"about":[{"href":"https:\/\/www.budream.com\/fr\/wp-json\/wp\/v2\/types\/product"}],"replies":[{"embeddable":true,"href":"https:\/\/www.budream.com\/fr\/wp-json\/wp\/v2\/comments?post=179732"}],"version-history":[{"count":0,"href":"https:\/\/www.budream.com\/fr\/wp-json\/wp\/v2\/product\/179732\/revisions"}],"wp:featuredmedia":[{"embeddable":true,"href":"https:\/\/www.budream.com\/fr\/wp-json\/wp\/v2\/media\/179722"}],"wp:attachment":[{"href":"https:\/\/www.budream.com\/fr\/wp-json\/wp\/v2\/media?parent=179732"}],"wp:term":[{"taxonomy":"product_brand","embeddable":true,"href":"https:\/\/www.budream.com\/fr\/wp-json\/wp\/v2\/product_brand?post=179732"},{"taxonomy":"product_cat","embeddable":true,"href":"https:\/\/www.budream.com\/fr\/wp-json\/wp\/v2\/product_cat?post=179732"},{"taxonomy":"product_tag","embeddable":true,"href":"https:\/\/www.budream.com\/fr\/wp-json\/wp\/v2\/product_tag?post=179732"}],"curies":[{"name":"wp","href":"https:\/\/api.w.org\/{rel}","templated":true}]}}