{"id":179767,"date":"2025-08-01T07:33:00","date_gmt":"2025-08-01T05:33:00","guid":{"rendered":"https:\/\/www.budream.com\/shop\/royal-queen-seeds-dynamite-diesel-fem-tyson-seeds\/"},"modified":"2026-04-16T12:41:27","modified_gmt":"2026-04-16T10:41:27","slug":"royal-queen-seeds-dynamite-diesel-fem-tyson-seeds","status":"publish","type":"product","link":"https:\/\/www.budream.com\/fr\/shop\/royal-queen-seeds-dynamite-diesel-fem-tyson-seeds\/","title":{"rendered":"ROYAL QUEEN SEEDS &#8211; DYNAMITE DIESEL FEM (TYSON SEEDS)"},"content":{"rendered":"<div style=\"text-align: justify\">Royal Queen Seeds a conclu une collaboration exclusive avec Tyson 2.0 pour rendre les vari\u00e9t\u00e9s pr\u00e9f\u00e9r\u00e9es de Mike Tyson disponibles sous forme de graines.<br \/>Nomm\u00e9e d&rsquo;apr\u00e8s le surnom donn\u00e9 \u00e0 Mike Tyson au d\u00e9but de sa carri\u00e8re (Kid Dynamite), la Dynamite Diesel est issue des vari\u00e9t\u00e9s parentales l\u00e9gendaires Sour Diesel et Skywalker OG.<\/div>\n<p><\/p>\n<h2><strong>Caract\u00e9ristiques Dynamite Diesel Fem Royal Queen Seeds (Tyson Seeds) :<\/strong><\/h2>\n<ul style=\"list-style-type: disc\">\n<li><strong>Genre :<\/strong> F\u00e9minis\u00e9e<\/li>\n<li><strong>G\u00e9notype :<\/strong> Hybride 65% Indica \/ 35% Sativa<\/li>\n<li><strong>G\u00e9n\u00e9tique :<\/strong> Sour Diesel x Skywalker OG<\/li>\n<li><strong>Jours :<\/strong> 63-70<\/li>\n<\/ul>\n<p><\/p>\n<div style=\"text-align: justify\"><em><strong>ATTENTION :<\/strong> Les graines de chanvre sont exclues de la notion l\u00e9gale de Cannabis, ce qui signifie qu&rsquo;elles ne doivent pas \u00eatre consid\u00e9r\u00e9es comme une substance stup\u00e9fiante (L. 412 de 1974, Art. 1, paragraphe 1, lett. B ; Convention unique sur les stup\u00e9fiants de New York de 1961 et tableau II du d\u00e9cret minist\u00e9riel 27\/7\/1992). En Italie, la culture du chanvre est interdite (articles 28 et 73 du d\u00e9cret pr\u00e9sidentiel 309\/90), sauf autorisation sp\u00e9ciale (article 17 du d\u00e9cret pr\u00e9sidentiel 309\/90). En l&rsquo;absence d&rsquo;autorisation, les semences ne peuvent \u00eatre utilis\u00e9es qu&rsquo;\u00e0 d&rsquo;autres fins (zootechniques, de collection, etc.). Les semences sont vendues sous r\u00e9serve qu&rsquo;elles ne soient pas utilis\u00e9es par des tiers en contradiction avec la loi.<\/em><\/div>\n","protected":false},"excerpt":{"rendered":"<p>Royal Queen Seeds a conclu une collaboration exclusive avec Tyson 2.0 pour rendre les vari\u00e9t\u00e9s pr\u00e9f\u00e9r\u00e9es de Mike Tyson disponibles<\/p>\n","protected":false},"featured_media":179757,"comment_status":"open","ping_status":"closed","template":"","meta":[],"product_brand":[],"product_cat":[7951],"product_tag":[],"class_list":{"0":"post-179767","1":"product","2":"type-product","3":"status-publish","4":"has-post-thumbnail","6":"product_cat-magasin-de-graines","8":"first","9":"instock","10":"sale","11":"taxable","12":"shipping-taxable","13":"purchasable","14":"product-type-variable"},"aioseo_notices":[],"_links":{"self":[{"href":"https:\/\/www.budream.com\/fr\/wp-json\/wp\/v2\/product\/179767","targetHints":{"allow":["GET"]}}],"collection":[{"href":"https:\/\/www.budream.com\/fr\/wp-json\/wp\/v2\/product"}],"about":[{"href":"https:\/\/www.budream.com\/fr\/wp-json\/wp\/v2\/types\/product"}],"replies":[{"embeddable":true,"href":"https:\/\/www.budream.com\/fr\/wp-json\/wp\/v2\/comments?post=179767"}],"version-history":[{"count":1,"href":"https:\/\/www.budream.com\/fr\/wp-json\/wp\/v2\/product\/179767\/revisions"}],"predecessor-version":[{"id":263148,"href":"https:\/\/www.budream.com\/fr\/wp-json\/wp\/v2\/product\/179767\/revisions\/263148"}],"wp:featuredmedia":[{"embeddable":true,"href":"https:\/\/www.budream.com\/fr\/wp-json\/wp\/v2\/media\/179757"}],"wp:attachment":[{"href":"https:\/\/www.budream.com\/fr\/wp-json\/wp\/v2\/media?parent=179767"}],"wp:term":[{"taxonomy":"product_brand","embeddable":true,"href":"https:\/\/www.budream.com\/fr\/wp-json\/wp\/v2\/product_brand?post=179767"},{"taxonomy":"product_cat","embeddable":true,"href":"https:\/\/www.budream.com\/fr\/wp-json\/wp\/v2\/product_cat?post=179767"},{"taxonomy":"product_tag","embeddable":true,"href":"https:\/\/www.budream.com\/fr\/wp-json\/wp\/v2\/product_tag?post=179767"}],"curies":[{"name":"wp","href":"https:\/\/api.w.org\/{rel}","templated":true}]}}