{"id":179977,"date":"2025-08-01T07:43:42","date_gmt":"2025-08-01T05:43:42","guid":{"rendered":"https:\/\/www.budream.com\/shop\/graines-douces-black-muffin-f1-fast-version-fem-sws111\/"},"modified":"2026-03-24T22:15:06","modified_gmt":"2026-03-24T20:15:06","slug":"graines-douces-black-muffin-f1-fast-version-fem-sws111","status":"publish","type":"product","link":"https:\/\/www.budream.com\/fr\/shop\/graines-douces-black-muffin-f1-fast-version-fem-sws111\/","title":{"rendered":"GRAINES DOUCES &#8211; BLACK MUFFIN F1 FAST VERSION\u00ae FEM (SWS111)"},"content":{"rendered":"<div style=\"text-align: justify\">G\u00e9n\u00e9tique f\u00e9minis\u00e9e et d\u00e9pendante de la photop\u00e9riode. Premi\u00e8re g\u00e9n\u00e9ration fille (F1) issue du croisement entre un clone \u00e9lite photod\u00e9pendant s\u00e9lectionn\u00e9 de notre Red Hot Cookies&reg; (SWS83) et une souche autofloraison s\u00e9lectionn\u00e9e de Black Lemon Auto.<\/p>\n<\/div>\n<h2><strong>Caract\u00e9ristiques Sweet Seeds Black Muffin F1 Fast Version Fem :<\/strong><\/h2>\n<ul style=\"list-style-type: disc\">\n<li><strong>Genre :<\/strong> Hybride F\u00e9minis\u00e9<\/li>\n<li><strong>G\u00e9notype :<\/strong> Indica : 60% \/ Sativa : 40%<\/li>\n<li><strong>G\u00e9n\u00e9tique : <\/strong>Red Hot Cookies&reg; (SWS83) x Black Lemon Auto<\/li>\n<li><strong>Jours : <\/strong>49<\/li>\n<\/ul>\n<p><\/p>\n<div style=\"text-align: justify\"><span style=\"font-size: 11pt\"><em><strong>ATTENTION :<\/strong> Les graines de chanvre sont exclues de la notion l\u00e9gale de Cannabis, ce qui signifie qu&rsquo;elles ne doivent pas \u00eatre consid\u00e9r\u00e9es comme une substance stup\u00e9fiante (L. 412 de 1974, art. 1, virgule 1, lett. B ; Convention unique sur les stup\u00e9fiants de New York de 1961 et tableau II du d\u00e9cret minist\u00e9riel 27\/7\/1992). En Italie, la culture du chanvre est interdite (articles 28 et 73 du d\u00e9cret pr\u00e9sidentiel 309\/90), sauf autorisation sp\u00e9ciale (article 17 du d\u00e9cret pr\u00e9sidentiel 309\/90). En l&rsquo;absence d&rsquo;autorisation, les semences ne peuvent \u00eatre utilis\u00e9es qu&rsquo;\u00e0 d&rsquo;autres fins (zootechniques, de collection, etc.). Les semences sont vendues sous r\u00e9serve qu&rsquo;elles ne soient pas utilis\u00e9es par des tiers en contradiction avec la loi.<\/em><\/span><\/div>\n","protected":false},"excerpt":{"rendered":"<p>G\u00e9n\u00e9tique f\u00e9minis\u00e9e et d\u00e9pendante de la photop\u00e9riode. Premi\u00e8re g\u00e9n\u00e9ration fille (F1) issue du croisement entre un clone \u00e9lite photod\u00e9pendant s\u00e9lectionn\u00e9<\/p>\n","protected":false},"featured_media":179967,"comment_status":"open","ping_status":"closed","template":"","meta":[],"product_brand":[],"product_cat":[1175],"product_tag":[],"class_list":{"0":"post-179977","1":"product","2":"type-product","3":"status-publish","4":"has-post-thumbnail","6":"product_cat-seedshop","8":"first","9":"instock","10":"taxable","11":"shipping-taxable","12":"purchasable","13":"product-type-variable"},"aioseo_notices":[],"_links":{"self":[{"href":"https:\/\/www.budream.com\/fr\/wp-json\/wp\/v2\/product\/179977","targetHints":{"allow":["GET"]}}],"collection":[{"href":"https:\/\/www.budream.com\/fr\/wp-json\/wp\/v2\/product"}],"about":[{"href":"https:\/\/www.budream.com\/fr\/wp-json\/wp\/v2\/types\/product"}],"replies":[{"embeddable":true,"href":"https:\/\/www.budream.com\/fr\/wp-json\/wp\/v2\/comments?post=179977"}],"version-history":[{"count":0,"href":"https:\/\/www.budream.com\/fr\/wp-json\/wp\/v2\/product\/179977\/revisions"}],"wp:featuredmedia":[{"embeddable":true,"href":"https:\/\/www.budream.com\/fr\/wp-json\/wp\/v2\/media\/179967"}],"wp:attachment":[{"href":"https:\/\/www.budream.com\/fr\/wp-json\/wp\/v2\/media?parent=179977"}],"wp:term":[{"taxonomy":"product_brand","embeddable":true,"href":"https:\/\/www.budream.com\/fr\/wp-json\/wp\/v2\/product_brand?post=179977"},{"taxonomy":"product_cat","embeddable":true,"href":"https:\/\/www.budream.com\/fr\/wp-json\/wp\/v2\/product_cat?post=179977"},{"taxonomy":"product_tag","embeddable":true,"href":"https:\/\/www.budream.com\/fr\/wp-json\/wp\/v2\/product_tag?post=179977"}],"curies":[{"name":"wp","href":"https:\/\/api.w.org\/{rel}","templated":true}]}}