{"id":180147,"date":"2025-08-01T07:52:26","date_gmt":"2025-08-01T05:52:26","guid":{"rendered":"https:\/\/www.budream.com\/shop\/sensi-seeds-research-blueberry-bubblegum-automatic\/"},"modified":"2026-03-24T12:57:37","modified_gmt":"2026-03-24T10:57:37","slug":"sensi-seeds-research-blueberry-bubblegum-automatic","status":"publish","type":"product","link":"https:\/\/www.budream.com\/fr\/shop\/sensi-seeds-research-blueberry-bubblegum-automatic\/","title":{"rendered":"SENSI SEEDS RESEARCH &#8211; BLUEBERRY BUBBLEGUM AUTOMATIC"},"content":{"rendered":"<p><span style=\"font-size: 12.222222328186px\"><span style=\"font-size: 11pt\">La Blueberry Bubblegum Autoflowering a \u00e9t\u00e9 d\u00e9velopp\u00e9e pour la recherche en croisant une Ice Cream #420 avec une Sunset Sherbet pour cr\u00e9er un cultivar 80% indica \/ 20% sativa.<br \/><\/span><br \/><\/span><\/p>\n<h2><strong>Caract\u00e9ristiques Blueberry Bubblegum Automatic :<\/strong><\/h2>\n<ul style=\"list-style-type: disc\">\n<li><strong>Genre :<\/strong> Autofloraison f\u00e9minis\u00e9e<\/li>\n<li><strong>G\u00e9notype :<\/strong> Hybride 80% Indica 20% Sativa<\/li>\n<li><strong>G\u00e9n\u00e9tique : <\/strong>Ice Cream #420 x Sunset Sherbet<\/li>\n<li>Jours<strong>:<\/strong> 60 jours<\/li>\n<\/ul>\n<div style=\"text-align: justify\"><span style=\"font-size: 12.222222328186px\"><br \/><span style=\"font-size: 11pt\"><em><strong>ATTENTION :<\/strong> Les graines de chanvre sont exclues de la notion l\u00e9gale de Cannabis, ce qui signifie qu&rsquo;elles ne doivent pas \u00eatre consid\u00e9r\u00e9es comme une substance stup\u00e9fiante (L. 412 de 1974, art. 1, alin\u00e9a 1, lettre B ; Convention unique sur les stup\u00e9fiants de New York de 1961 et tableau II du d\u00e9cret minist\u00e9riel 27\/7\/1992). En Italie, la culture du chanvre est interdite (articles 28 et 73 du d\u00e9cret pr\u00e9sidentiel 309\/90), sauf autorisation sp\u00e9ciale (article 17 du d\u00e9cret pr\u00e9sidentiel 309\/90). En l&rsquo;absence d&rsquo;autorisation, les semences ne peuvent \u00eatre utilis\u00e9es qu&rsquo;\u00e0 d&rsquo;autres fins (zootechniques, de collection, etc.). Les semences sont vendues sous r\u00e9serve qu&rsquo;elles ne soient pas utilis\u00e9es par des tiers en contradiction avec la loi.<\/em><\/span><\/span><\/div>\n","protected":false},"excerpt":{"rendered":"<p>La Blueberry Bubblegum Autoflowering a \u00e9t\u00e9 d\u00e9velopp\u00e9e pour la recherche en croisant une Ice Cream #420 avec une Sunset Sherbet<\/p>\n","protected":false},"featured_media":197231,"comment_status":"open","ping_status":"closed","template":"","meta":[],"product_brand":[],"product_cat":[7951],"product_tag":[],"class_list":{"0":"post-180147","1":"product","2":"type-product","3":"status-publish","4":"has-post-thumbnail","6":"product_cat-magasin-de-graines","8":"first","9":"instock","10":"taxable","11":"shipping-taxable","12":"purchasable","13":"product-type-variable"},"aioseo_notices":[],"_links":{"self":[{"href":"https:\/\/www.budream.com\/fr\/wp-json\/wp\/v2\/product\/180147","targetHints":{"allow":["GET"]}}],"collection":[{"href":"https:\/\/www.budream.com\/fr\/wp-json\/wp\/v2\/product"}],"about":[{"href":"https:\/\/www.budream.com\/fr\/wp-json\/wp\/v2\/types\/product"}],"replies":[{"embeddable":true,"href":"https:\/\/www.budream.com\/fr\/wp-json\/wp\/v2\/comments?post=180147"}],"wp:featuredmedia":[{"embeddable":true,"href":"https:\/\/www.budream.com\/fr\/wp-json\/wp\/v2\/media\/197231"}],"wp:attachment":[{"href":"https:\/\/www.budream.com\/fr\/wp-json\/wp\/v2\/media?parent=180147"}],"wp:term":[{"taxonomy":"product_brand","embeddable":true,"href":"https:\/\/www.budream.com\/fr\/wp-json\/wp\/v2\/product_brand?post=180147"},{"taxonomy":"product_cat","embeddable":true,"href":"https:\/\/www.budream.com\/fr\/wp-json\/wp\/v2\/product_cat?post=180147"},{"taxonomy":"product_tag","embeddable":true,"href":"https:\/\/www.budream.com\/fr\/wp-json\/wp\/v2\/product_tag?post=180147"}],"curies":[{"name":"wp","href":"https:\/\/api.w.org\/{rel}","templated":true}]}}