{"id":181178,"date":"2025-08-01T08:30:52","date_gmt":"2025-08-01T06:30:52","guid":{"rendered":"https:\/\/www.budream.com\/shop\/super-sativa-seed-club-gorilla-super-glue-fem\/"},"modified":"2026-03-24T21:20:14","modified_gmt":"2026-03-24T19:20:14","slug":"super-sativa-seed-club-gorilla-super-glue-fem","status":"publish","type":"product","link":"https:\/\/www.budream.com\/fr\/shop\/super-sativa-seed-club-gorilla-super-glue-fem\/","title":{"rendered":"SUPER SATIVA SEED CLUB &#8211; GORILLA SUPER GLUE FEM"},"content":{"rendered":"<div style=\"text-align: justify\">Notre meilleure Gorilla Glue est arriv\u00e9e ! Fabriqu\u00e9e en croisant la Chemdawg Diesel avec de la Gorilla Glue, puis en la croisant \u00e0 nouveau avec de la Gorilla Glue.<\/div>\n<p><span style=\"font-size: 12.222222328186px\"><br \/><\/span><\/p>\n<h2><strong>Caract\u00e9ristiques Gorilla Super Glue Fem :<\/strong><\/h2>\n<ul style=\"list-style-type: disc\">\n<li><strong>Genre :<\/strong> F\u00e9minis\u00e9e<\/li>\n<li><strong>G\u00e9notype :<\/strong> Hybride Indica\/Sativa<\/li>\n<li><strong>G\u00e9n\u00e9tique<\/strong>: Chemdawg Diesel x Gorilla Glue<\/li>\n<li><strong>Jours :<\/strong> n.d.<\/li>\n<\/ul>\n<div style=\"text-align: justify\"><em><strong><br \/>ATTENTION :<\/strong> Les graines de chanvre sont exclues de la notion l\u00e9gale de Cannabis, ce qui signifie qu&rsquo;elles ne doivent pas \u00eatre consid\u00e9r\u00e9es comme une substance stup\u00e9fiante (L. 412 de 1974, Art. 1, virgule 1, lett. B ; Convention unique sur les stup\u00e9fiants de New York de 1961 et tableau II du d\u00e9cret minist\u00e9riel 27\/7\/1992). En Italie, la culture du chanvre est interdite (articles 28 et 73 du d\u00e9cret pr\u00e9sidentiel 309\/90), sauf autorisation sp\u00e9ciale (article 17 du d\u00e9cret pr\u00e9sidentiel 309\/90). En l&rsquo;absence d&rsquo;autorisation, les semences ne peuvent \u00eatre utilis\u00e9es qu&rsquo;\u00e0 d&rsquo;autres fins (zootechniques, de collection, etc.). Les semences sont vendues sous r\u00e9serve qu&rsquo;elles ne soient pas utilis\u00e9es par des tiers en contradiction avec la loi.<\/em><\/div>\n","protected":false},"excerpt":{"rendered":"<p>Notre meilleure Gorilla Glue est arriv\u00e9e ! Fabriqu\u00e9e en croisant la Chemdawg Diesel avec de la Gorilla Glue, puis en<\/p>\n","protected":false},"featured_media":181171,"comment_status":"open","ping_status":"closed","template":"","meta":[],"product_brand":[],"product_cat":[7951],"product_tag":[],"class_list":{"0":"post-181178","1":"product","2":"type-product","3":"status-publish","4":"has-post-thumbnail","6":"product_cat-magasin-de-graines","8":"first","9":"instock","10":"sale","11":"taxable","12":"shipping-taxable","13":"purchasable","14":"product-type-variable"},"aioseo_notices":[],"_links":{"self":[{"href":"https:\/\/www.budream.com\/fr\/wp-json\/wp\/v2\/product\/181178","targetHints":{"allow":["GET"]}}],"collection":[{"href":"https:\/\/www.budream.com\/fr\/wp-json\/wp\/v2\/product"}],"about":[{"href":"https:\/\/www.budream.com\/fr\/wp-json\/wp\/v2\/types\/product"}],"replies":[{"embeddable":true,"href":"https:\/\/www.budream.com\/fr\/wp-json\/wp\/v2\/comments?post=181178"}],"version-history":[{"count":0,"href":"https:\/\/www.budream.com\/fr\/wp-json\/wp\/v2\/product\/181178\/revisions"}],"wp:featuredmedia":[{"embeddable":true,"href":"https:\/\/www.budream.com\/fr\/wp-json\/wp\/v2\/media\/181171"}],"wp:attachment":[{"href":"https:\/\/www.budream.com\/fr\/wp-json\/wp\/v2\/media?parent=181178"}],"wp:term":[{"taxonomy":"product_brand","embeddable":true,"href":"https:\/\/www.budream.com\/fr\/wp-json\/wp\/v2\/product_brand?post=181178"},{"taxonomy":"product_cat","embeddable":true,"href":"https:\/\/www.budream.com\/fr\/wp-json\/wp\/v2\/product_cat?post=181178"},{"taxonomy":"product_tag","embeddable":true,"href":"https:\/\/www.budream.com\/fr\/wp-json\/wp\/v2\/product_tag?post=181178"}],"curies":[{"name":"wp","href":"https:\/\/api.w.org\/{rel}","templated":true}]}}