{"id":183488,"date":"2025-08-01T10:18:25","date_gmt":"2025-08-01T08:18:25","guid":{"rendered":"https:\/\/www.budream.com\/shop\/royal-queen-seeds-alien-og-fem\/"},"modified":"2026-03-05T13:56:53","modified_gmt":"2026-03-05T11:56:53","slug":"royal-queen-seeds-alien-og-fem","status":"publish","type":"product","link":"https:\/\/www.budream.com\/fr\/shop\/royal-queen-seeds-alien-og-fem\/","title":{"rendered":"ROYAL QUEEN SEEDS &#8211; ALIEN OG FEM"},"content":{"rendered":"<div style=\"text-align: justify\">Originaire des \u00c9tats-Unis, l&rsquo;Alien OG est tr\u00e8s appr\u00e9ci\u00e9e dans les dispensaires.<br \/>Et c&rsquo;est pr\u00e9cis\u00e9ment l\u00e0 que nous sommes all\u00e9s chercher la g\u00e9n\u00e9tique de notre Alien OG. La premi\u00e8re souche de son pool g\u00e9n\u00e9tique est Alien Kush, un croisement californien renomm\u00e9 de LVPK et Alien Dawg. Le second parent est Tahoe OG, un ph\u00e9notype singulier de la OG Kush originale.<\/div>\n<p><\/p>\n<h2><strong>Caract\u00e9ristiques Alien OG Fem Royal Queen Seeds :<\/strong><\/h2>\n<ul style=\"list-style-type: disc\">\n<li><strong>Genre :<\/strong> F\u00e9minis\u00e9e<\/li>\n<li><strong>G\u00e9notype :<\/strong> Hybride 50% Sativa \/ 50% Indica<\/li>\n<li><strong>G\u00e9n\u00e9tique<\/strong>: Alien Kush x Tahoe OG Kush<\/li>\n<li><strong>Jours :<\/strong> 56-70<\/li>\n<\/ul>\n<p><\/p>\n<div style=\"text-align: justify\"><em><strong>ATTENTION :<\/strong> Les graines de chanvre sont exclues de la notion l\u00e9gale de Cannabis, ce qui signifie qu&rsquo;elles ne doivent pas \u00eatre consid\u00e9r\u00e9es comme une substance stup\u00e9fiante (L. 412 de 1974, art. 1, virgule 1, lett. B ; Convention unique sur les stup\u00e9fiants de New York de 1961 et tableau II du d\u00e9cret minist\u00e9riel 27\/7\/1992). En Italie, la culture du chanvre est interdite (articles 28 et 73 du d\u00e9cret pr\u00e9sidentiel 309\/90), sauf autorisation sp\u00e9ciale (article 17 du d\u00e9cret pr\u00e9sidentiel 309\/90). En l&rsquo;absence d&rsquo;autorisation, les semences ne peuvent \u00eatre utilis\u00e9es qu&rsquo;\u00e0 d&rsquo;autres fins (zootechniques, de collection, etc.). Les semences sont vendues sous r\u00e9serve qu&rsquo;elles ne soient pas utilis\u00e9es par des tiers en contradiction avec la loi.<\/em><\/div>\n","protected":false},"excerpt":{"rendered":"<p>Originaire des \u00c9tats-Unis, l&rsquo;Alien OG est tr\u00e8s appr\u00e9ci\u00e9e dans les dispensaires.Et c&rsquo;est pr\u00e9cis\u00e9ment l\u00e0 que nous sommes all\u00e9s chercher la<\/p>\n","protected":false},"featured_media":183478,"comment_status":"open","ping_status":"closed","template":"","meta":[],"product_brand":[],"product_cat":[7951],"product_tag":[],"class_list":{"0":"post-183488","1":"product","2":"type-product","3":"status-publish","4":"has-post-thumbnail","6":"product_cat-magasin-de-graines","8":"first","9":"instock","10":"sale","11":"taxable","12":"shipping-taxable","13":"purchasable","14":"product-type-variable"},"aioseo_notices":[],"_links":{"self":[{"href":"https:\/\/www.budream.com\/fr\/wp-json\/wp\/v2\/product\/183488","targetHints":{"allow":["GET"]}}],"collection":[{"href":"https:\/\/www.budream.com\/fr\/wp-json\/wp\/v2\/product"}],"about":[{"href":"https:\/\/www.budream.com\/fr\/wp-json\/wp\/v2\/types\/product"}],"replies":[{"embeddable":true,"href":"https:\/\/www.budream.com\/fr\/wp-json\/wp\/v2\/comments?post=183488"}],"version-history":[{"count":0,"href":"https:\/\/www.budream.com\/fr\/wp-json\/wp\/v2\/product\/183488\/revisions"}],"wp:featuredmedia":[{"embeddable":true,"href":"https:\/\/www.budream.com\/fr\/wp-json\/wp\/v2\/media\/183478"}],"wp:attachment":[{"href":"https:\/\/www.budream.com\/fr\/wp-json\/wp\/v2\/media?parent=183488"}],"wp:term":[{"taxonomy":"product_brand","embeddable":true,"href":"https:\/\/www.budream.com\/fr\/wp-json\/wp\/v2\/product_brand?post=183488"},{"taxonomy":"product_cat","embeddable":true,"href":"https:\/\/www.budream.com\/fr\/wp-json\/wp\/v2\/product_cat?post=183488"},{"taxonomy":"product_tag","embeddable":true,"href":"https:\/\/www.budream.com\/fr\/wp-json\/wp\/v2\/product_tag?post=183488"}],"curies":[{"name":"wp","href":"https:\/\/api.w.org\/{rel}","templated":true}]}}