{"id":183803,"date":"2025-08-01T10:32:56","date_gmt":"2025-08-01T08:32:56","guid":{"rendered":"https:\/\/www.budream.com\/shop\/royal-queen-seeds-special-queen-1-auto-fem\/"},"modified":"2026-03-05T14:03:39","modified_gmt":"2026-03-05T12:03:39","slug":"royal-queen-seeds-special-queen-1-auto-fem","status":"publish","type":"product","link":"https:\/\/www.budream.com\/fr\/shop\/royal-queen-seeds-special-queen-1-auto-fem\/","title":{"rendered":"ROYAL QUEEN SEEDS &#8211; SPECIAL QUEEN 1 AUTO FEM"},"content":{"rendered":"<div style=\"text-align: justify\">S\u00e9lectionn\u00e9e \u00e0 partir de la Power Bud comme g\u00e9n\u00e9tique de base, la Special Queen 1 Auto a h\u00e9rit\u00e9 d&rsquo;ar\u00f4mes sucr\u00e9s de Skunk. L&rsquo;ajout de la g\u00e9n\u00e9tique Big Skunk Auto a dot\u00e9 cette vari\u00e9t\u00e9 d&rsquo;une croissance rapide et d&rsquo;une faible hauteur. Dans l&rsquo;ensemble, elle contient 50 % d&rsquo;indica, 45 % de sativa et 5 % de ruderalis. Bien qu&rsquo;il s&rsquo;agisse d&rsquo;une vari\u00e9t\u00e9 \u00e0 autofloraison, Special Queen 1 Auto est vraiment \u00ab\u00a0sp\u00e9ciale\u00a0\u00bb et peut impressionner tout le monde par sa r\u00e9sistance.<\/div>\n<p><\/p>\n<h2><strong>Caract\u00e9ristiques Special Queen 1 Auto Fem Royal Queen Seeds :<\/strong><\/h2>\n<ul style=\"list-style-type: disc\">\n<li><strong>Genre :<\/strong> Autofloraison f\u00e9minis\u00e9e<\/li>\n<li><strong>G\u00e9notype :<\/strong> Hybride 45% Sativa \/ 50% Indica \/ 5% Ruderalis<\/li>\n<li><strong>G\u00e9n\u00e9tique :<\/strong> Power Bud x Big Skunk Auto<\/li>\n<li><strong>Jours :<\/strong> 70-84<\/li>\n<\/ul>\n<p><\/p>\n<div style=\"text-align: justify\"><em><strong>ATTENTION :<\/strong> Les graines de chanvre sont exclues de la notion l\u00e9gale de Cannabis, ce qui signifie qu&rsquo;elles ne doivent pas \u00eatre consid\u00e9r\u00e9es comme une substance stup\u00e9fiante (L. 412 de 1974, art. 1, alin\u00e9a 1, lettre B ; Convention unique sur les stup\u00e9fiants de New York de 1961 et tableau II du d\u00e9cret minist\u00e9riel 27\/7\/1992). En Italie, la culture du chanvre est interdite (articles 28 et 73 du d\u00e9cret pr\u00e9sidentiel 309\/90), sauf autorisation sp\u00e9ciale (article 17 du d\u00e9cret pr\u00e9sidentiel 309\/90). En l&rsquo;absence d&rsquo;autorisation, les semences ne peuvent \u00eatre utilis\u00e9es qu&rsquo;\u00e0 d&rsquo;autres fins (zootechniques, de collection, etc.). Les semences sont vendues sous r\u00e9serve qu&rsquo;elles ne soient pas utilis\u00e9es par des tiers en contradiction avec la loi.<\/em><\/div>\n","protected":false},"excerpt":{"rendered":"<p>S\u00e9lectionn\u00e9e \u00e0 partir de la Power Bud comme g\u00e9n\u00e9tique de base, la Special Queen 1 Auto a h\u00e9rit\u00e9 d&rsquo;ar\u00f4mes sucr\u00e9s<\/p>\n","protected":false},"featured_media":183793,"comment_status":"open","ping_status":"closed","template":"","meta":[],"product_brand":[],"product_cat":[7951],"product_tag":[],"class_list":{"0":"post-183803","1":"product","2":"type-product","3":"status-publish","4":"has-post-thumbnail","6":"product_cat-magasin-de-graines","8":"first","9":"instock","10":"sale","11":"taxable","12":"shipping-taxable","13":"purchasable","14":"product-type-variable"},"aioseo_notices":[],"_links":{"self":[{"href":"https:\/\/www.budream.com\/fr\/wp-json\/wp\/v2\/product\/183803","targetHints":{"allow":["GET"]}}],"collection":[{"href":"https:\/\/www.budream.com\/fr\/wp-json\/wp\/v2\/product"}],"about":[{"href":"https:\/\/www.budream.com\/fr\/wp-json\/wp\/v2\/types\/product"}],"replies":[{"embeddable":true,"href":"https:\/\/www.budream.com\/fr\/wp-json\/wp\/v2\/comments?post=183803"}],"version-history":[{"count":0,"href":"https:\/\/www.budream.com\/fr\/wp-json\/wp\/v2\/product\/183803\/revisions"}],"wp:featuredmedia":[{"embeddable":true,"href":"https:\/\/www.budream.com\/fr\/wp-json\/wp\/v2\/media\/183793"}],"wp:attachment":[{"href":"https:\/\/www.budream.com\/fr\/wp-json\/wp\/v2\/media?parent=183803"}],"wp:term":[{"taxonomy":"product_brand","embeddable":true,"href":"https:\/\/www.budream.com\/fr\/wp-json\/wp\/v2\/product_brand?post=183803"},{"taxonomy":"product_cat","embeddable":true,"href":"https:\/\/www.budream.com\/fr\/wp-json\/wp\/v2\/product_cat?post=183803"},{"taxonomy":"product_tag","embeddable":true,"href":"https:\/\/www.budream.com\/fr\/wp-json\/wp\/v2\/product_tag?post=183803"}],"curies":[{"name":"wp","href":"https:\/\/api.w.org\/{rel}","templated":true}]}}