{"id":183838,"date":"2025-08-01T10:34:45","date_gmt":"2025-08-01T08:34:45","guid":{"rendered":"https:\/\/www.budream.com\/shop\/royal-queen-seeds-forbidden-fruit-fem\/"},"modified":"2026-03-30T16:02:39","modified_gmt":"2026-03-30T14:02:39","slug":"royal-queen-seeds-forbidden-fruit-fem","status":"publish","type":"product","link":"https:\/\/www.budream.com\/fr\/shop\/royal-queen-seeds-forbidden-fruit-fem\/","title":{"rendered":"ROYAL QUEEN SEEDS &#8211; FORBIDDEN FRUIT FEM"},"content":{"rendered":"<div style=\"text-align: justify\">La Forbidden Fruit est n\u00e9e de l&rsquo;union de la Cherry Pie et de la Tangie, deux vari\u00e9t\u00e9s c\u00e9l\u00e8bres et populaires issues d&rsquo;une g\u00e9n\u00e9tique tout aussi illustre. Cherry Pie est l&rsquo;une des meilleures vari\u00e9t\u00e9s de Pie cr\u00e9\u00e9es par la banque de graines californienne Powerzzzup Genetics. Tangie, quant \u00e0 elle, est une sativa populaire aux ar\u00f4mes p\u00e9tillants. En croisant ces deux excellents hybrides, nos s\u00e9lectionneurs ont r\u00e9ussi \u00e0 cr\u00e9er une belle g\u00e9n\u00e9tique avec une pr\u00e9dominance indica de 70 %.<\/div>\n<p><\/p>\n<h2><strong>Caract\u00e9ristiques Forbidden Fruit Fem Royal Queen Seeds :<\/strong><\/h2>\n<ul style=\"list-style-type: disc\">\n<li><strong>Genre :<\/strong> F\u00e9minis\u00e9e<\/li>\n<li><strong>G\u00e9notype :<\/strong> Hybride 30% Sativa \/ 70% Indica<\/li>\n<li><strong>G\u00e9n\u00e9tique<\/strong>: Cherry Pie x Tangie<\/li>\n<li><strong>Jours :<\/strong> 56-70<\/li>\n<\/ul>\n<p><\/p>\n<div style=\"text-align: justify\"><em><strong>ATTENTION :<\/strong> Les graines de chanvre sont exclues de la notion l\u00e9gale de Cannabis, ce qui signifie qu&rsquo;elles ne doivent pas \u00eatre consid\u00e9r\u00e9es comme une substance stup\u00e9fiante (L. 412 de 1974, art. 1, virgule 1, lett. B ; Convention unique sur les stup\u00e9fiants de New York de 1961 et tableau II du d\u00e9cret minist\u00e9riel 27\/7\/1992). En Italie, la culture du chanvre est interdite (articles 28 et 73 du d\u00e9cret pr\u00e9sidentiel 309\/90), sauf autorisation sp\u00e9ciale (article 17 du d\u00e9cret pr\u00e9sidentiel 309\/90). En l&rsquo;absence d&rsquo;autorisation, les semences ne peuvent \u00eatre utilis\u00e9es qu&rsquo;\u00e0 d&rsquo;autres fins (zootechniques, de collection, etc.). Les semences sont vendues sous r\u00e9serve qu&rsquo;elles ne soient pas utilis\u00e9es par des tiers en contradiction avec la loi.<\/em><\/div>\n","protected":false},"excerpt":{"rendered":"<p>La Forbidden Fruit est n\u00e9e de l&rsquo;union de la Cherry Pie et de la Tangie, deux vari\u00e9t\u00e9s c\u00e9l\u00e8bres et populaires<\/p>\n","protected":false},"featured_media":183828,"comment_status":"open","ping_status":"closed","template":"","meta":[],"product_brand":[],"product_cat":[7951],"product_tag":[],"class_list":{"0":"post-183838","1":"product","2":"type-product","3":"status-publish","4":"has-post-thumbnail","6":"product_cat-magasin-de-graines","8":"first","9":"outofstock","10":"sale","11":"taxable","12":"shipping-taxable","13":"purchasable","14":"product-type-variable"},"aioseo_notices":[],"_links":{"self":[{"href":"https:\/\/www.budream.com\/fr\/wp-json\/wp\/v2\/product\/183838","targetHints":{"allow":["GET"]}}],"collection":[{"href":"https:\/\/www.budream.com\/fr\/wp-json\/wp\/v2\/product"}],"about":[{"href":"https:\/\/www.budream.com\/fr\/wp-json\/wp\/v2\/types\/product"}],"replies":[{"embeddable":true,"href":"https:\/\/www.budream.com\/fr\/wp-json\/wp\/v2\/comments?post=183838"}],"version-history":[{"count":0,"href":"https:\/\/www.budream.com\/fr\/wp-json\/wp\/v2\/product\/183838\/revisions"}],"wp:featuredmedia":[{"embeddable":true,"href":"https:\/\/www.budream.com\/fr\/wp-json\/wp\/v2\/media\/183828"}],"wp:attachment":[{"href":"https:\/\/www.budream.com\/fr\/wp-json\/wp\/v2\/media?parent=183838"}],"wp:term":[{"taxonomy":"product_brand","embeddable":true,"href":"https:\/\/www.budream.com\/fr\/wp-json\/wp\/v2\/product_brand?post=183838"},{"taxonomy":"product_cat","embeddable":true,"href":"https:\/\/www.budream.com\/fr\/wp-json\/wp\/v2\/product_cat?post=183838"},{"taxonomy":"product_tag","embeddable":true,"href":"https:\/\/www.budream.com\/fr\/wp-json\/wp\/v2\/product_tag?post=183838"}],"curies":[{"name":"wp","href":"https:\/\/api.w.org\/{rel}","templated":true}]}}