{"id":185815,"date":"2025-08-01T12:10:36","date_gmt":"2025-08-01T10:10:36","guid":{"rendered":"https:\/\/www.budream.com\/shop\/barneys-farm-gmo-cookies-fem\/"},"modified":"2026-04-16T13:59:13","modified_gmt":"2026-04-16T11:59:13","slug":"barneys-farm-gmo-cookies-fem","status":"publish","type":"product","link":"https:\/\/www.budream.com\/fr\/shop\/barneys-farm-gmo-cookies-fem\/","title":{"rendered":"BARNEY&rsquo;S FARM &#8211; GMO COOKIES FEM"},"content":{"rendered":"<div style=\"text-align: justify\">GMO Cookies est le r\u00e9sultat d&rsquo;une s\u00e9lection avanc\u00e9e de souches, combinant des ph\u00e9notypes s\u00e9lectionn\u00e9s des g\u00e9n\u00e9tiques Chemdawg et Girl Scout Cookies.<\/div>\n<p><\/p>\n<h2><strong>Caract\u00e9ristiques Barney&rsquo;s Farm GMO Cookies Fem :<\/strong><\/h2>\n<ul style=\"list-style-type: disc\">\n<li><strong>Genre :<\/strong> F\u00e9minis\u00e9e<\/li>\n<li><strong>G\u00e9notype :<\/strong> 90% Indica \/ 10% Sativa<\/li>\n<li><strong>G\u00e9n\u00e9tique :<\/strong> Souche Chemdawg x Souche Girl Scout Cookies<\/li>\n<li><strong>Jours<\/strong><strong>:<\/strong> 63-70 jours<\/li>\n<\/ul>\n<p><\/p>\n<div style=\"text-align: justify\"><span style=\"font-size: 11pt\"><em><strong>ATTENTION :<\/strong> Les graines de chanvre sont exclues de la notion l\u00e9gale de Cannabis, ce qui signifie qu&rsquo;elles ne doivent pas \u00eatre consid\u00e9r\u00e9es comme une substance stup\u00e9fiante (L. 412 de 1974, art. 1, paragraphe 1, lettre B ; Convention unique sur les stup\u00e9fiants de New York de 1961 et tableau II du d\u00e9cret minist\u00e9riel 27\/7\/1992). En Italie, la culture du chanvre est interdite (articles 28 et 73 du d\u00e9cret pr\u00e9sidentiel 309\/90), sauf autorisation sp\u00e9ciale (article 17 du d\u00e9cret pr\u00e9sidentiel 309\/90). En l&rsquo;absence d&rsquo;autorisation, les semences ne peuvent \u00eatre utilis\u00e9es qu&rsquo;\u00e0 d&rsquo;autres fins (zootechniques, de collection, etc.). Les semences sont vendues sous r\u00e9serve qu&rsquo;elles ne soient pas utilis\u00e9es par des tiers en contradiction avec la loi.<\/em><\/span><\/div>\n","protected":false},"excerpt":{"rendered":"<p>GMO Cookies est le r\u00e9sultat d&rsquo;une s\u00e9lection avanc\u00e9e de souches, combinant des ph\u00e9notypes s\u00e9lectionn\u00e9s des g\u00e9n\u00e9tiques Chemdawg et Girl Scout<\/p>\n","protected":false},"featured_media":185810,"comment_status":"open","ping_status":"closed","template":"","meta":[],"product_brand":[],"product_cat":[7951],"product_tag":[],"class_list":{"0":"post-185815","1":"product","2":"type-product","3":"status-publish","4":"has-post-thumbnail","6":"product_cat-magasin-de-graines","8":"first","9":"instock","10":"sale","11":"taxable","12":"shipping-taxable","13":"purchasable","14":"product-type-variable"},"_links":{"self":[{"href":"https:\/\/www.budream.com\/fr\/wp-json\/wp\/v2\/product\/185815","targetHints":{"allow":["GET"]}}],"collection":[{"href":"https:\/\/www.budream.com\/fr\/wp-json\/wp\/v2\/product"}],"about":[{"href":"https:\/\/www.budream.com\/fr\/wp-json\/wp\/v2\/types\/product"}],"replies":[{"embeddable":true,"href":"https:\/\/www.budream.com\/fr\/wp-json\/wp\/v2\/comments?post=185815"}],"version-history":[{"count":1,"href":"https:\/\/www.budream.com\/fr\/wp-json\/wp\/v2\/product\/185815\/revisions"}],"predecessor-version":[{"id":262107,"href":"https:\/\/www.budream.com\/fr\/wp-json\/wp\/v2\/product\/185815\/revisions\/262107"}],"wp:featuredmedia":[{"embeddable":true,"href":"https:\/\/www.budream.com\/fr\/wp-json\/wp\/v2\/media\/185810"}],"wp:attachment":[{"href":"https:\/\/www.budream.com\/fr\/wp-json\/wp\/v2\/media?parent=185815"}],"wp:term":[{"taxonomy":"product_brand","embeddable":true,"href":"https:\/\/www.budream.com\/fr\/wp-json\/wp\/v2\/product_brand?post=185815"},{"taxonomy":"product_cat","embeddable":true,"href":"https:\/\/www.budream.com\/fr\/wp-json\/wp\/v2\/product_cat?post=185815"},{"taxonomy":"product_tag","embeddable":true,"href":"https:\/\/www.budream.com\/fr\/wp-json\/wp\/v2\/product_tag?post=185815"}],"curies":[{"name":"wp","href":"https:\/\/api.w.org\/{rel}","templated":true}]}}