{"id":186098,"date":"2025-08-01T12:27:05","date_gmt":"2025-08-01T10:27:05","guid":{"rendered":"https:\/\/www.budream.com\/shop\/graines-douces-diablos-delight-xl-auto-fem-sws113\/"},"modified":"2026-04-10T08:49:26","modified_gmt":"2026-04-10T06:49:26","slug":"graines-douces-diablos-delight-xl-auto-fem-sws113","status":"publish","type":"product","link":"https:\/\/www.budream.com\/fr\/shop\/graines-douces-diablos-delight-xl-auto-fem-sws113\/","title":{"rendered":"GRAINES DOUCES &#8211; DIABLO&rsquo;S DELIGHT XL AUTO FEM (SWS113)"},"content":{"rendered":"<div style=\"text-align: justify\">Hybride autofloraison de 4\u00e8me g\u00e9n\u00e9ration. Croisement entre la d\u00e9licieuse Watermelon OG et l&rsquo;incroyable Diablo Rojo XL Auto&reg; (SWS110).<\/div>\n<p><\/p>\n<h2><strong>Caract\u00e9ristiques Diablo&rsquo;s Delight XL Auto Fem :<\/strong><\/h2>\n<ul style=\"list-style-type: disc\">\n<li><strong>Genre :<\/strong> Hybride f\u00e9minis\u00e9 \u00e0 autofloraison<\/li>\n<li><strong>G\u00e9notype :<\/strong> Indica : 53.4% \/ Sativa : 45% \/ 1.6% Ruderalis<\/li>\n<li><strong>G\u00e9n\u00e9tique : <\/strong>Past\u00e8que OG x Diablo Rojo XL Auto<\/li>\n<li>Jours<strong>:<\/strong> 56 jours<\/li>\n<\/ul>\n<p><\/p>\n<div style=\"text-align: justify\"><span style=\"font-size: 11pt\"><em><strong>ATTENTION :<\/strong> Les graines de chanvre sont exclues de la notion l\u00e9gale de Cannabis, ce qui signifie qu&rsquo;elles ne doivent pas \u00eatre consid\u00e9r\u00e9es comme une substance stup\u00e9fiante (L. 412 de 1974, art. 1, alin\u00e9a 1, lettre B ; Convention unique sur les stup\u00e9fiants de New York de 1961 et tableau II du d\u00e9cret minist\u00e9riel 27\/7\/1992). En Italie, la culture du chanvre est interdite (articles 28 et 73 du d\u00e9cret pr\u00e9sidentiel 309\/90), sauf autorisation sp\u00e9ciale (article 17 du d\u00e9cret pr\u00e9sidentiel 309\/90). En l&rsquo;absence d&rsquo;autorisation, les semences ne peuvent \u00eatre utilis\u00e9es qu&rsquo;\u00e0 d&rsquo;autres fins (zootechniques, de collection, etc.). Les semences sont vendues sous r\u00e9serve qu&rsquo;elles ne soient pas utilis\u00e9es par des tiers en contradiction avec la loi.<\/em><\/span><\/div>\n","protected":false},"excerpt":{"rendered":"<p>Hybride autofloraison de 4\u00e8me g\u00e9n\u00e9ration. Croisement entre la d\u00e9licieuse Watermelon OG et l&rsquo;incroyable Diablo Rojo XL Auto&reg; (SWS110). Caract\u00e9ristiques Diablo&rsquo;s<\/p>\n","protected":false},"featured_media":186088,"comment_status":"open","ping_status":"closed","template":"","meta":[],"product_brand":[],"product_cat":[7910],"product_tag":[],"class_list":{"0":"post-186098","1":"product","2":"type-product","3":"status-publish","4":"has-post-thumbnail","6":"product_cat-vaporisateurs","8":"first","9":"instock","10":"sale","11":"taxable","12":"shipping-taxable","13":"purchasable","14":"product-type-variable"},"aioseo_notices":[],"_links":{"self":[{"href":"https:\/\/www.budream.com\/fr\/wp-json\/wp\/v2\/product\/186098","targetHints":{"allow":["GET"]}}],"collection":[{"href":"https:\/\/www.budream.com\/fr\/wp-json\/wp\/v2\/product"}],"about":[{"href":"https:\/\/www.budream.com\/fr\/wp-json\/wp\/v2\/types\/product"}],"replies":[{"embeddable":true,"href":"https:\/\/www.budream.com\/fr\/wp-json\/wp\/v2\/comments?post=186098"}],"version-history":[{"count":1,"href":"https:\/\/www.budream.com\/fr\/wp-json\/wp\/v2\/product\/186098\/revisions"}],"predecessor-version":[{"id":262130,"href":"https:\/\/www.budream.com\/fr\/wp-json\/wp\/v2\/product\/186098\/revisions\/262130"}],"wp:featuredmedia":[{"embeddable":true,"href":"https:\/\/www.budream.com\/fr\/wp-json\/wp\/v2\/media\/186088"}],"wp:attachment":[{"href":"https:\/\/www.budream.com\/fr\/wp-json\/wp\/v2\/media?parent=186098"}],"wp:term":[{"taxonomy":"product_brand","embeddable":true,"href":"https:\/\/www.budream.com\/fr\/wp-json\/wp\/v2\/product_brand?post=186098"},{"taxonomy":"product_cat","embeddable":true,"href":"https:\/\/www.budream.com\/fr\/wp-json\/wp\/v2\/product_cat?post=186098"},{"taxonomy":"product_tag","embeddable":true,"href":"https:\/\/www.budream.com\/fr\/wp-json\/wp\/v2\/product_tag?post=186098"}],"curies":[{"name":"wp","href":"https:\/\/api.w.org\/{rel}","templated":true}]}}