{"id":186133,"date":"2025-08-01T12:28:54","date_gmt":"2025-08-01T10:28:54","guid":{"rendered":"https:\/\/www.budream.com\/shop\/graines-douces-studio-54-stardust-auto-fem-sws116\/"},"modified":"2026-03-23T21:42:18","modified_gmt":"2026-03-23T19:42:18","slug":"graines-douces-studio-54-stardust-auto-fem-sws116","status":"publish","type":"product","link":"https:\/\/www.budream.com\/fr\/shop\/graines-douces-studio-54-stardust-auto-fem-sws116\/","title":{"rendered":"GRAINES DOUCES &#8211; STUDIO 54 STARDUST AUTO FEM (SWS116)"},"content":{"rendered":"<div style=\"text-align: justify\">Autofloraison de 5\u00e8me g\u00e9n\u00e9ration combinant la g\u00e9n\u00e9tique californienne Studio 54 (Sunset Sherbert x OZ Kush #54) avec notre Red Strawberry Banana Auto&reg; (SWS90).<\/div>\n<p><\/p>\n<h2><strong>Caract\u00e9ristiques Studio 54 Stardust Auto Fem :<\/strong><\/h2>\n<ul style=\"list-style-type: disc\">\n<li><strong>Genre :<\/strong> Hybride F\u00e9minis\u00e9 Autofloraison<\/li>\n<li><strong>G\u00e9notype :<\/strong> Indica : 61.7% \/ Sativa : 37.5% \/ 0.8% Ruderalis<\/li>\n<li><strong>G\u00e9n\u00e9tique : <\/strong>Studio 54 x Red Strawberry Banana Auto<\/li>\n<li>Jours<strong>:<\/strong> 56 jours<\/li>\n<\/ul>\n<p><\/p>\n<div style=\"text-align: justify\"><span style=\"font-size: 11pt\"><em><strong>ATTENTION :<\/strong> Les graines de chanvre sont exclues de la notion l\u00e9gale de Cannabis, ce qui signifie qu&rsquo;elles ne doivent pas \u00eatre consid\u00e9r\u00e9es comme une substance stup\u00e9fiante (L. 412 de 1974, Art. 1, paragraphe 1, lett. B ; Convention unique sur les stup\u00e9fiants de New York de 1961 et tableau II du d\u00e9cret minist\u00e9riel 27\/7\/1992). En Italie, la culture du chanvre est interdite (articles 28 et 73 du d\u00e9cret pr\u00e9sidentiel 309\/90), sauf autorisation sp\u00e9ciale (article 17 du d\u00e9cret pr\u00e9sidentiel 309\/90). En l&rsquo;absence d&rsquo;autorisation, les semences ne peuvent \u00eatre utilis\u00e9es qu&rsquo;\u00e0 d&rsquo;autres fins (zootechniques, de collection, etc.). Les semences sont vendues sous r\u00e9serve qu&rsquo;elles ne soient pas utilis\u00e9es par des tiers en contradiction avec la loi.<\/em><\/span><\/div>\n","protected":false},"excerpt":{"rendered":"<p>Autofloraison de 5\u00e8me g\u00e9n\u00e9ration combinant la g\u00e9n\u00e9tique californienne Studio 54 (Sunset Sherbert x OZ Kush #54) avec notre Red Strawberry<\/p>\n","protected":false},"featured_media":186123,"comment_status":"open","ping_status":"closed","template":"","meta":[],"product_brand":[],"product_cat":[7951],"product_tag":[],"class_list":{"0":"post-186133","1":"product","2":"type-product","3":"status-publish","4":"has-post-thumbnail","6":"product_cat-magasin-de-graines","8":"first","9":"instock","10":"sale","11":"taxable","12":"shipping-taxable","13":"purchasable","14":"product-type-variable"},"aioseo_notices":[],"_links":{"self":[{"href":"https:\/\/www.budream.com\/fr\/wp-json\/wp\/v2\/product\/186133","targetHints":{"allow":["GET"]}}],"collection":[{"href":"https:\/\/www.budream.com\/fr\/wp-json\/wp\/v2\/product"}],"about":[{"href":"https:\/\/www.budream.com\/fr\/wp-json\/wp\/v2\/types\/product"}],"replies":[{"embeddable":true,"href":"https:\/\/www.budream.com\/fr\/wp-json\/wp\/v2\/comments?post=186133"}],"version-history":[{"count":0,"href":"https:\/\/www.budream.com\/fr\/wp-json\/wp\/v2\/product\/186133\/revisions"}],"wp:featuredmedia":[{"embeddable":true,"href":"https:\/\/www.budream.com\/fr\/wp-json\/wp\/v2\/media\/186123"}],"wp:attachment":[{"href":"https:\/\/www.budream.com\/fr\/wp-json\/wp\/v2\/media?parent=186133"}],"wp:term":[{"taxonomy":"product_brand","embeddable":true,"href":"https:\/\/www.budream.com\/fr\/wp-json\/wp\/v2\/product_brand?post=186133"},{"taxonomy":"product_cat","embeddable":true,"href":"https:\/\/www.budream.com\/fr\/wp-json\/wp\/v2\/product_cat?post=186133"},{"taxonomy":"product_tag","embeddable":true,"href":"https:\/\/www.budream.com\/fr\/wp-json\/wp\/v2\/product_tag?post=186133"}],"curies":[{"name":"wp","href":"https:\/\/api.w.org\/{rel}","templated":true}]}}