{"id":186168,"date":"2025-08-01T12:30:50","date_gmt":"2025-08-01T10:30:50","guid":{"rendered":"https:\/\/www.budream.com\/shop\/sweet-seeds-permanent-jealousy-xl-auto-fem-sws115\/"},"modified":"2026-03-24T22:12:45","modified_gmt":"2026-03-24T20:12:45","slug":"sweet-seeds-permanent-jealousy-xl-auto-fem-sws115","status":"publish","type":"product","link":"https:\/\/www.budream.com\/fr\/shop\/sweet-seeds-permanent-jealousy-xl-auto-fem-sws115\/","title":{"rendered":"SWEET SEEDS &#8211; PERMANENT JEALOUSY XL AUTO FEM (SWS115)"},"content":{"rendered":"<div style=\"text-align: justify\">Autofloraison de 7\u00e8me g\u00e9n\u00e9ration et de haute stature. R\u00e9sultat d&rsquo;un croisement entre un clone \u00e9lite &lsquo;Super Strong&rsquo; de Permanent Marker et notre d\u00e9licieuse Jealousy Z XL Auto&reg; (SWS108). Permanent Marker [(Biscuits x Jealousy) x Sherb Bx1] a atteint une grande reconnaissance mondiale, ayant \u00e9t\u00e9 r\u00e9compens\u00e9e comme &lsquo;Strain of the Year&rsquo; par High Times en 2022 et par Leafly en 2023.<\/div>\n<p><\/p>\n<h2><strong>Caract\u00e9ristiques Permanet Jealousy XL Auto Fem :<\/strong><\/h2>\n<ul style=\"list-style-type: disc\">\n<li><strong>Genre :<\/strong> Hybride F\u00e9minis\u00e9 \u00e0 Auto-Floraison<\/li>\n<li><strong>G\u00e9notype :<\/strong> Indica : 63.2% \/ Sativa : 36.6% \/ 0.2% Ruderalis<\/li>\n<li><strong>G\u00e9n\u00e9tique : <\/strong>Permanent Marker x Jealousy Z XL Auto<\/li>\n<li>Jours<strong>:<\/strong> 56 jours<\/li>\n<\/ul>\n<p><\/p>\n<div style=\"text-align: justify\"><span style=\"font-size: 11pt\"><em><strong>ATTENTION :<\/strong> Les graines de chanvre sont exclues de la notion l\u00e9gale de Cannabis, ce qui signifie qu&rsquo;elles ne doivent pas \u00eatre consid\u00e9r\u00e9es comme une substance narcotique (Loi 412 de 1974, Art. 1, paragraphe 1, lettre B ; Convention Unique sur les Stup\u00e9fiants de New York de 1961 et tableau II du D\u00e9cret Minist\u00e9riel 27\/7\/1992). En Italie, la culture du chanvre est interdite (articles 28 et 73 du d\u00e9cret pr\u00e9sidentiel 309\/90), sauf autorisation sp\u00e9ciale (article 17 du d\u00e9cret pr\u00e9sidentiel 309\/90). En l&rsquo;absence d&rsquo;autorisation, les semences ne peuvent \u00eatre utilis\u00e9es qu&rsquo;\u00e0 d&rsquo;autres fins (zootechniques, de collection, etc.). Les semences sont vendues sous r\u00e9serve qu&rsquo;elles ne soient pas utilis\u00e9es par des tiers en contradiction avec la loi.<\/em><\/span><\/div>\n","protected":false},"excerpt":{"rendered":"<p>Autofloraison de 7\u00e8me g\u00e9n\u00e9ration et de haute stature. R\u00e9sultat d&rsquo;un croisement entre un clone \u00e9lite &lsquo;Super Strong&rsquo; de Permanent Marker<\/p>\n","protected":false},"featured_media":186158,"comment_status":"open","ping_status":"closed","template":"","meta":[],"product_brand":[],"product_cat":[1175],"product_tag":[],"class_list":{"0":"post-186168","1":"product","2":"type-product","3":"status-publish","4":"has-post-thumbnail","6":"product_cat-seedshop","8":"first","9":"instock","10":"taxable","11":"shipping-taxable","12":"purchasable","13":"product-type-variable"},"aioseo_notices":[],"_links":{"self":[{"href":"https:\/\/www.budream.com\/fr\/wp-json\/wp\/v2\/product\/186168","targetHints":{"allow":["GET"]}}],"collection":[{"href":"https:\/\/www.budream.com\/fr\/wp-json\/wp\/v2\/product"}],"about":[{"href":"https:\/\/www.budream.com\/fr\/wp-json\/wp\/v2\/types\/product"}],"replies":[{"embeddable":true,"href":"https:\/\/www.budream.com\/fr\/wp-json\/wp\/v2\/comments?post=186168"}],"version-history":[{"count":0,"href":"https:\/\/www.budream.com\/fr\/wp-json\/wp\/v2\/product\/186168\/revisions"}],"wp:featuredmedia":[{"embeddable":true,"href":"https:\/\/www.budream.com\/fr\/wp-json\/wp\/v2\/media\/186158"}],"wp:attachment":[{"href":"https:\/\/www.budream.com\/fr\/wp-json\/wp\/v2\/media?parent=186168"}],"wp:term":[{"taxonomy":"product_brand","embeddable":true,"href":"https:\/\/www.budream.com\/fr\/wp-json\/wp\/v2\/product_brand?post=186168"},{"taxonomy":"product_cat","embeddable":true,"href":"https:\/\/www.budream.com\/fr\/wp-json\/wp\/v2\/product_cat?post=186168"},{"taxonomy":"product_tag","embeddable":true,"href":"https:\/\/www.budream.com\/fr\/wp-json\/wp\/v2\/product_tag?post=186168"}],"curies":[{"name":"wp","href":"https:\/\/api.w.org\/{rel}","templated":true}]}}