{"id":186609,"date":"2025-08-01T12:53:31","date_gmt":"2025-08-01T10:53:31","guid":{"rendered":"https:\/\/www.budream.com\/shop\/royal-queen-seeds-gaia-f1-autofloraison\/"},"modified":"2026-02-19T15:36:24","modified_gmt":"2026-02-19T13:36:24","slug":"royal-queen-seeds-gaia-f1-autofloraison","status":"publish","type":"product","link":"https:\/\/www.budream.com\/fr\/shop\/royal-queen-seeds-gaia-f1-autofloraison\/","title":{"rendered":"ROYAL QUEEN SEEDS &#8211; GAIA F1 AUTOFLORAISON"},"content":{"rendered":"<div style=\"text-align: justify\">Nos s\u00e9lectionneurs ont d\u00e9velopp\u00e9 cette vari\u00e9t\u00e9 \u00e0 partir des prestigieuses vari\u00e9t\u00e9s parentales New Breed Auto, Black Domina et Sin Tra Bajo, en r\u00e9alisant un vaste projet de s\u00e9lection qui a abouti au croisement de trois lign\u00e9es consanguines extr\u00eamement pures.<\/div>\n<p><\/p>\n<h2><strong>Caract\u00e9ristiques Gaia F1 Autofloraison Royal Queen Seeds :<\/strong><\/h2>\n<ul style=\"list-style-type: disc\">\n<li><strong>Genre :<\/strong> Autofloraison F\u00e9minis\u00e9e<\/li>\n<li><strong>G\u00e9notype :<\/strong> Hybride F1 \u00e0 autofloraison<\/li>\n<li><strong>G\u00e9n\u00e9tique :<\/strong> New Breed Auto x Black Domina x Sin Trabajo<\/li>\n<li><strong>Jours :<\/strong> 65-70<\/li>\n<\/ul>\n<p><\/p>\n<div style=\"text-align: justify\"><em><strong>ATTENTION :<\/strong> Les graines de chanvre sont exclues de la notion l\u00e9gale de Cannabis, ce qui signifie qu&rsquo;elles ne doivent pas \u00eatre consid\u00e9r\u00e9es comme une substance stup\u00e9fiante (L. 412 de 1974, art. 1, alin\u00e9a 1, lettre B ; Convention unique sur les stup\u00e9fiants de New York de 1961 et tableau II du d\u00e9cret minist\u00e9riel 27\/7\/1992). En Italie, la culture du chanvre est interdite (articles 28 et 73 du d\u00e9cret pr\u00e9sidentiel 309\/90), sauf autorisation sp\u00e9ciale (article 17 du d\u00e9cret pr\u00e9sidentiel 309\/90). En l&rsquo;absence d&rsquo;autorisation, les semences ne peuvent \u00eatre utilis\u00e9es qu&rsquo;\u00e0 d&rsquo;autres fins (zootechniques, de collection, etc.). Les semences sont vendues sous r\u00e9serve qu&rsquo;elles ne soient pas utilis\u00e9es par des tiers en contradiction avec la loi.<\/em><\/div>\n","protected":false},"excerpt":{"rendered":"<p>Nos s\u00e9lectionneurs ont d\u00e9velopp\u00e9 cette vari\u00e9t\u00e9 \u00e0 partir des prestigieuses vari\u00e9t\u00e9s parentales New Breed Auto, Black Domina et Sin Tra<\/p>\n","protected":false},"featured_media":186599,"comment_status":"open","ping_status":"closed","template":"","meta":[],"product_brand":[],"product_cat":[7951],"product_tag":[],"class_list":{"0":"post-186609","1":"product","2":"type-product","3":"status-publish","4":"has-post-thumbnail","6":"product_cat-magasin-de-graines","8":"first","9":"instock","10":"sale","11":"taxable","12":"shipping-taxable","13":"purchasable","14":"product-type-variable"},"_links":{"self":[{"href":"https:\/\/www.budream.com\/fr\/wp-json\/wp\/v2\/product\/186609","targetHints":{"allow":["GET"]}}],"collection":[{"href":"https:\/\/www.budream.com\/fr\/wp-json\/wp\/v2\/product"}],"about":[{"href":"https:\/\/www.budream.com\/fr\/wp-json\/wp\/v2\/types\/product"}],"replies":[{"embeddable":true,"href":"https:\/\/www.budream.com\/fr\/wp-json\/wp\/v2\/comments?post=186609"}],"version-history":[{"count":0,"href":"https:\/\/www.budream.com\/fr\/wp-json\/wp\/v2\/product\/186609\/revisions"}],"wp:featuredmedia":[{"embeddable":true,"href":"https:\/\/www.budream.com\/fr\/wp-json\/wp\/v2\/media\/186599"}],"wp:attachment":[{"href":"https:\/\/www.budream.com\/fr\/wp-json\/wp\/v2\/media?parent=186609"}],"wp:term":[{"taxonomy":"product_brand","embeddable":true,"href":"https:\/\/www.budream.com\/fr\/wp-json\/wp\/v2\/product_brand?post=186609"},{"taxonomy":"product_cat","embeddable":true,"href":"https:\/\/www.budream.com\/fr\/wp-json\/wp\/v2\/product_cat?post=186609"},{"taxonomy":"product_tag","embeddable":true,"href":"https:\/\/www.budream.com\/fr\/wp-json\/wp\/v2\/product_tag?post=186609"}],"curies":[{"name":"wp","href":"https:\/\/api.w.org\/{rel}","templated":true}]}}