{"id":187388,"date":"2025-08-01T13:40:43","date_gmt":"2025-08-01T11:40:43","guid":{"rendered":"https:\/\/www.budream.com\/shop\/barneys-farm-cookie-casket-fem\/"},"modified":"2026-02-06T11:12:36","modified_gmt":"2026-02-06T09:12:36","slug":"barneys-farm-cookie-casket-fem","status":"publish","type":"product","link":"https:\/\/www.budream.com\/fr\/shop\/barneys-farm-cookie-casket-fem\/","title":{"rendered":"BARNEY&rsquo;S FARM &#8211; COOKIE CASKET FEM"},"content":{"rendered":"<div style=\"text-align: justify\">La vari\u00e9t\u00e9 Cookie Casket repr\u00e9sente une avanc\u00e9e significative n\u00e9e de la collaboration strat\u00e9gique entre Barney&rsquo;s Farm et Doja Exclusive. Ce partenariat associe des d\u00e9cennies d&rsquo;exp\u00e9rience de Barney&rsquo;s Farm \u00e0 la s\u00e9lection g\u00e9n\u00e9tique innovante de Doja Exclusive, ce qui a donn\u00e9 naissance \u00e0 un hybride sophistiqu\u00e9 \u00e0 dominante Indica 70\/30.<\/div>\n<p><\/p>\n<h2><strong>Caract\u00e9ristiques Barney&rsquo;s Farm Cookie Casket Fem :<\/strong><\/h2>\n<ul style=\"list-style-type: disc\">\n<li><strong>Genre :<\/strong> F\u00e9minis\u00e9e<\/li>\n<li><strong>G\u00e9notype :<\/strong> 70% Indica \/ 30% Sativa<\/li>\n<li><strong>G\u00e9n\u00e9tique<\/strong>: The Hearse Strain x Thin Mint Cookies<\/li>\n<li><strong>Jours<\/strong><strong>:<\/strong> 63-70 jours<\/li>\n<\/ul>\n<p><\/p>\n<div style=\"text-align: justify\"><span style=\"font-size: 11pt\"><em><strong>ATTENTION :<\/strong> Les graines de chanvre sont exclues de la notion l\u00e9gale de Cannabis, ce qui signifie qu&rsquo;elles ne doivent pas \u00eatre consid\u00e9r\u00e9es comme une substance stup\u00e9fiante (L. 412 de 1974, art. 1, virgule 1, lett. B ; Convention unique sur les stup\u00e9fiants de New York de 1961 et tableau II du d\u00e9cret minist\u00e9riel 27\/7\/1992). En Italie, la culture du chanvre est interdite (articles 28 et 73 du d\u00e9cret pr\u00e9sidentiel 309\/90), sauf autorisation sp\u00e9ciale (article 17 du d\u00e9cret pr\u00e9sidentiel 309\/90). En l&rsquo;absence d&rsquo;autorisation, les semences ne peuvent \u00eatre utilis\u00e9es qu&rsquo;\u00e0 d&rsquo;autres fins (zootechniques, de collection, etc.). Les semences sont vendues sous r\u00e9serve qu&rsquo;elles ne soient pas utilis\u00e9es par des tiers en contradiction avec la loi.<\/em><\/span><\/div>\n","protected":false},"excerpt":{"rendered":"<p>La vari\u00e9t\u00e9 Cookie Casket repr\u00e9sente une avanc\u00e9e significative n\u00e9e de la collaboration strat\u00e9gique entre Barney&rsquo;s Farm et Doja Exclusive. Ce<\/p>\n","protected":false},"featured_media":187383,"comment_status":"open","ping_status":"closed","template":"","meta":[],"product_brand":[],"product_cat":[7951],"product_tag":[],"class_list":{"0":"post-187388","1":"product","2":"type-product","3":"status-publish","4":"has-post-thumbnail","6":"product_cat-magasin-de-graines","8":"first","9":"instock","10":"taxable","11":"shipping-taxable","12":"purchasable","13":"product-type-variable"},"aioseo_notices":[],"_links":{"self":[{"href":"https:\/\/www.budream.com\/fr\/wp-json\/wp\/v2\/product\/187388","targetHints":{"allow":["GET"]}}],"collection":[{"href":"https:\/\/www.budream.com\/fr\/wp-json\/wp\/v2\/product"}],"about":[{"href":"https:\/\/www.budream.com\/fr\/wp-json\/wp\/v2\/types\/product"}],"replies":[{"embeddable":true,"href":"https:\/\/www.budream.com\/fr\/wp-json\/wp\/v2\/comments?post=187388"}],"version-history":[{"count":0,"href":"https:\/\/www.budream.com\/fr\/wp-json\/wp\/v2\/product\/187388\/revisions"}],"wp:featuredmedia":[{"embeddable":true,"href":"https:\/\/www.budream.com\/fr\/wp-json\/wp\/v2\/media\/187383"}],"wp:attachment":[{"href":"https:\/\/www.budream.com\/fr\/wp-json\/wp\/v2\/media?parent=187388"}],"wp:term":[{"taxonomy":"product_brand","embeddable":true,"href":"https:\/\/www.budream.com\/fr\/wp-json\/wp\/v2\/product_brand?post=187388"},{"taxonomy":"product_cat","embeddable":true,"href":"https:\/\/www.budream.com\/fr\/wp-json\/wp\/v2\/product_cat?post=187388"},{"taxonomy":"product_tag","embeddable":true,"href":"https:\/\/www.budream.com\/fr\/wp-json\/wp\/v2\/product_tag?post=187388"}],"curies":[{"name":"wp","href":"https:\/\/api.w.org\/{rel}","templated":true}]}}