{"id":187533,"date":"2025-08-01T13:48:40","date_gmt":"2025-08-01T11:48:40","guid":{"rendered":"https:\/\/www.budream.com\/shop\/barneys-farm-candy-pack-fem\/"},"modified":"2026-03-23T16:46:29","modified_gmt":"2026-03-23T14:46:29","slug":"barneys-farm-candy-pack-fem","status":"publish","type":"product","link":"https:\/\/www.budream.com\/fr\/shop\/barneys-farm-candy-pack-fem\/","title":{"rendered":"BARNEY&rsquo;S FARM &#8211; CANDY PACK FEM"},"content":{"rendered":"<div style=\"text-align: justify\">Barney&rsquo;s Farm a le plaisir d&rsquo;annoncer la sortie de son nouveau Candy Pack, une d\u00e9licieuse collection de cinq vari\u00e9t\u00e9s exceptionnelles.<\/div>\n<p><\/p>\n<h2><strong>Caract\u00e9ristiques Barney&rsquo;s Farm Candy Pack Fem :<\/strong><\/h2>\n<ul style=\"list-style-type: disc\">\n<li><strong>Genre :<\/strong> F\u00e9minis\u00e9e 1 graine x souche<\/li>\n<li><strong>Cherry Poppers<\/strong>: Cette vari\u00e9t\u00e9 repr\u00e9sente une fusion sophistiqu\u00e9e des g\u00e9n\u00e9tiques Lemon Kush et Cherry Zkittlez, se pr\u00e9sentant comme un hybride 60% sativa ;<\/li>\n<li><strong>Superboof<\/strong> Leafly Strain of the Year : Superboof est un hybride bien \u00e9quilibr\u00e9, parfait pour la relaxation et la cr\u00e9ativit\u00e9 ;<\/li>\n<li><strong>Jealousy<\/strong>: une vari\u00e9t\u00e9 qui attire l&rsquo;attention avec un profil terp\u00e9nique unique ;<\/li>\n<li><strong>Lemon Cherry Gelato<\/strong> &#8211; Barney&rsquo;s Farm x Backpack Boyz : cette deuxi\u00e8me collaboration dynamique entre Barney&rsquo;s Farm et Backpack Boyz est connue pour ses tons vibrants d&rsquo;agrumes et de cerises ;<\/li>\n<li><strong>White Runtz<\/strong> repr\u00e9sente un d\u00e9veloppement hybride avanc\u00e9, combinant les g\u00e9n\u00e9tiques Gelato et Zkittlez dans un ratio \u00e0 dominance Indica (55\/45).<\/li>\n<\/ul>\n<p><\/p>\n<div style=\"text-align: justify\"><span style=\"font-size: 11pt\"><em><strong>AVERTISSEMENT :<\/strong> Les graines de chanvre sont exclues de la notion l\u00e9gale de Cannabis, ce qui signifie qu&rsquo;elles ne doivent pas \u00eatre consid\u00e9r\u00e9es comme une substance narcotique (Loi 412 de 1974, art. 1, paragraphe 1, lettre B ; Convention unique sur les stup\u00e9fiants de New York de 1961 et tableau II du d\u00e9cret minist\u00e9riel 27\/7\/1992). En Italie, la culture du chanvre est interdite (articles 28 et 73 du d\u00e9cret pr\u00e9sidentiel 309\/90), sauf autorisation sp\u00e9ciale (article 17 du d\u00e9cret pr\u00e9sidentiel 309\/90). En l&rsquo;absence d&rsquo;autorisation, les semences ne peuvent \u00eatre utilis\u00e9es qu&rsquo;\u00e0 d&rsquo;autres fins (zootechniques, de collection, etc.). Les semences sont vendues sous r\u00e9serve qu&rsquo;elles ne soient pas utilis\u00e9es par des tiers en contradiction avec la loi.<\/em><\/span><\/div>\n","protected":false},"excerpt":{"rendered":"<p>Barney&rsquo;s Farm a le plaisir d&rsquo;annoncer la sortie de son nouveau Candy Pack, une d\u00e9licieuse collection de cinq vari\u00e9t\u00e9s exceptionnelles.<\/p>\n","protected":false},"featured_media":187528,"comment_status":"open","ping_status":"closed","template":"","meta":[],"product_brand":[],"product_cat":[7951],"product_tag":[],"class_list":{"0":"post-187533","1":"product","2":"type-product","3":"status-publish","4":"has-post-thumbnail","6":"product_cat-magasin-de-graines","8":"first","9":"instock","10":"taxable","11":"shipping-taxable","12":"purchasable","13":"product-type-variable"},"aioseo_notices":[],"_links":{"self":[{"href":"https:\/\/www.budream.com\/fr\/wp-json\/wp\/v2\/product\/187533","targetHints":{"allow":["GET"]}}],"collection":[{"href":"https:\/\/www.budream.com\/fr\/wp-json\/wp\/v2\/product"}],"about":[{"href":"https:\/\/www.budream.com\/fr\/wp-json\/wp\/v2\/types\/product"}],"replies":[{"embeddable":true,"href":"https:\/\/www.budream.com\/fr\/wp-json\/wp\/v2\/comments?post=187533"}],"version-history":[{"count":0,"href":"https:\/\/www.budream.com\/fr\/wp-json\/wp\/v2\/product\/187533\/revisions"}],"wp:featuredmedia":[{"embeddable":true,"href":"https:\/\/www.budream.com\/fr\/wp-json\/wp\/v2\/media\/187528"}],"wp:attachment":[{"href":"https:\/\/www.budream.com\/fr\/wp-json\/wp\/v2\/media?parent=187533"}],"wp:term":[{"taxonomy":"product_brand","embeddable":true,"href":"https:\/\/www.budream.com\/fr\/wp-json\/wp\/v2\/product_brand?post=187533"},{"taxonomy":"product_cat","embeddable":true,"href":"https:\/\/www.budream.com\/fr\/wp-json\/wp\/v2\/product_cat?post=187533"},{"taxonomy":"product_tag","embeddable":true,"href":"https:\/\/www.budream.com\/fr\/wp-json\/wp\/v2\/product_tag?post=187533"}],"curies":[{"name":"wp","href":"https:\/\/api.w.org\/{rel}","templated":true}]}}