{"id":188251,"date":"2025-08-01T14:21:57","date_gmt":"2025-08-01T12:21:57","guid":{"rendered":"https:\/\/www.budream.com\/shop\/dutch-passion-auto-strawberry-soda-fem\/"},"modified":"2026-04-07T15:53:20","modified_gmt":"2026-04-07T13:53:20","slug":"dutch-passion-auto-strawberry-soda-fem","status":"publish","type":"product","link":"https:\/\/www.budream.com\/fr\/shop\/dutch-passion-auto-strawberry-soda-fem\/","title":{"rendered":"DUTCH PASSION &#8211; AUTO STRAWBERRY SODA FEM"},"content":{"rendered":"<div style=\"text-align: justify\">Auto Strawberry Soda est un hybride autoflorissant \u00e0 dominance Indica avec de magnifiques couleurs violettes. Le croisement d&rsquo;une Strawberry Cough violette extr\u00eamement fruit\u00e9e avec notre Blue Auto Mazar a donn\u00e9 naissance \u00e0 un hybride autofloraison unique aux terp\u00e8nes super doux et fruit\u00e9s.<\/div>\n<p><\/p>\n<h2><strong>Caract\u00e9ristiques : Auto Strawberry Soda Fem Dutch Passion :<\/strong><\/h2>\n<ul style=\"list-style-type: disc\">\n<li><strong>Genre :<\/strong> Autofloraison f\u00e9minis\u00e9e<\/li>\n<li><strong>G\u00e9notype :<\/strong> Hybride \u00e0 dominance indica<\/li>\n<li><strong>G\u00e9n\u00e9tique :<\/strong> Strawberry Cough x Blue Auto Mazar<\/li>\n<li><strong>Jours :<\/strong> 70-77 jours<\/li>\n<\/ul>\n<p><\/p>\n<div style=\"text-align: justify\"><span style=\"font-size: 11pt\"><em><strong>ATTENTION :<\/strong> Les graines de chanvre sont exclues de la notion l\u00e9gale de Cannabis, ce qui signifie qu&rsquo;elles ne doivent pas \u00eatre consid\u00e9r\u00e9es comme une substance stup\u00e9fiante (L. 412 de 1974, art. 1, alin\u00e9a 1, lettre B ; Convention unique sur les stup\u00e9fiants de New York de 1961 et tableau II du d\u00e9cret minist\u00e9riel 27\/7\/1992). En Italie, la culture du chanvre est interdite (articles 28 et 73 du d\u00e9cret pr\u00e9sidentiel 309\/90), sauf autorisation sp\u00e9ciale (article 17 du d\u00e9cret pr\u00e9sidentiel 309\/90). En l&rsquo;absence d&rsquo;autorisation, les semences ne peuvent \u00eatre utilis\u00e9es qu&rsquo;\u00e0 d&rsquo;autres fins (zootechniques, de collection, etc.). Les semences sont vendues sous r\u00e9serve qu&rsquo;elles ne soient pas utilis\u00e9es par des tiers en contradiction avec la loi.<\/em><\/span><\/div>\n","protected":false},"excerpt":{"rendered":"<p>Auto Strawberry Soda est un hybride autoflorissant \u00e0 dominance Indica avec de magnifiques couleurs violettes. Le croisement d&rsquo;une Strawberry Cough<\/p>\n","protected":false},"featured_media":188246,"comment_status":"open","ping_status":"closed","template":"","meta":[],"product_brand":[],"product_cat":[7951],"product_tag":[],"class_list":{"0":"post-188251","1":"product","2":"type-product","3":"status-publish","4":"has-post-thumbnail","6":"product_cat-magasin-de-graines","8":"first","9":"instock","10":"taxable","11":"shipping-taxable","12":"purchasable","13":"product-type-variable"},"aioseo_notices":[],"_links":{"self":[{"href":"https:\/\/www.budream.com\/fr\/wp-json\/wp\/v2\/product\/188251","targetHints":{"allow":["GET"]}}],"collection":[{"href":"https:\/\/www.budream.com\/fr\/wp-json\/wp\/v2\/product"}],"about":[{"href":"https:\/\/www.budream.com\/fr\/wp-json\/wp\/v2\/types\/product"}],"replies":[{"embeddable":true,"href":"https:\/\/www.budream.com\/fr\/wp-json\/wp\/v2\/comments?post=188251"}],"version-history":[{"count":1,"href":"https:\/\/www.budream.com\/fr\/wp-json\/wp\/v2\/product\/188251\/revisions"}],"predecessor-version":[{"id":262295,"href":"https:\/\/www.budream.com\/fr\/wp-json\/wp\/v2\/product\/188251\/revisions\/262295"}],"wp:featuredmedia":[{"embeddable":true,"href":"https:\/\/www.budream.com\/fr\/wp-json\/wp\/v2\/media\/188246"}],"wp:attachment":[{"href":"https:\/\/www.budream.com\/fr\/wp-json\/wp\/v2\/media?parent=188251"}],"wp:term":[{"taxonomy":"product_brand","embeddable":true,"href":"https:\/\/www.budream.com\/fr\/wp-json\/wp\/v2\/product_brand?post=188251"},{"taxonomy":"product_cat","embeddable":true,"href":"https:\/\/www.budream.com\/fr\/wp-json\/wp\/v2\/product_cat?post=188251"},{"taxonomy":"product_tag","embeddable":true,"href":"https:\/\/www.budream.com\/fr\/wp-json\/wp\/v2\/product_tag?post=188251"}],"curies":[{"name":"wp","href":"https:\/\/api.w.org\/{rel}","templated":true}]}}