{"id":189566,"date":"2025-08-01T15:13:59","date_gmt":"2025-08-01T13:13:59","guid":{"rendered":"https:\/\/www.budream.com\/shop\/barneys-farm-tropicana-cherry-fem\/"},"modified":"2026-03-11T17:39:39","modified_gmt":"2026-03-11T15:39:39","slug":"barneys-farm-tropicana-cherry-fem","status":"publish","type":"product","link":"https:\/\/www.budream.com\/fr\/shop\/barneys-farm-tropicana-cherry-fem\/","title":{"rendered":"BARNEY&rsquo;S FARM &#8211; TROPICANA CHERRY FEM"},"content":{"rendered":"<div style=\"text-align: justify\">La vari\u00e9t\u00e9 Tropicana Cherry est un hybride exceptionnel cr\u00e9\u00e9 en croisant les l\u00e9gendaires Tropicana Cookies et Cherry Cookies, maintenant avec la touche &lsquo;Evo&rsquo; de Barney&rsquo;s Farm. Profitez du meilleur des deux mondes avec le profil \u00e9quilibr\u00e9 60% Sativa et 40% Indica de la Tropicana Cherry.<\/div>\n<p><\/p>\n<h2><strong>Caract\u00e9ristiques Tropicana Cherry Fem :<\/strong><\/h2>\n<ul style=\"list-style-type: disc\">\n<li><strong>Genre :<\/strong> F\u00e9minis\u00e9e<\/li>\n<li><strong>G\u00e9notype :<\/strong> 40% Indica \/ 60% Sativa<\/li>\n<li><strong>G\u00e9n\u00e9tique :<\/strong> Tropicana Cookies x Tropicanna Cherry<\/li>\n<li><strong>Jours :<\/strong> 60 &#8211; 65 jours<\/li>\n<\/ul>\n<div style=\"text-align: justify\"><span style=\"font-size: 11pt\"><em><strong><br \/>ATTENTION :<\/strong> Les graines de chanvre sont exclues de la notion l\u00e9gale de Cannabis, ce qui signifie qu&rsquo;elles ne doivent pas \u00eatre consid\u00e9r\u00e9es comme une substance stup\u00e9fiante (L. 412 de 1974, art. 1, paragraphe 1, lettre B ; Convention unique sur les stup\u00e9fiants de New York de 1961 et tableau II du d\u00e9cret minist\u00e9riel 27\/7\/1992). En Italie, la culture du chanvre est interdite (articles 28 et 73 du d\u00e9cret pr\u00e9sidentiel 309\/90), sauf autorisation sp\u00e9ciale (article 17 du d\u00e9cret pr\u00e9sidentiel 309\/90). En l&rsquo;absence d&rsquo;autorisation, les semences ne peuvent \u00eatre utilis\u00e9es qu&rsquo;\u00e0 d&rsquo;autres fins (zootechniques, de collection, etc.). Les semences sont vendues sous r\u00e9serve qu&rsquo;elles ne soient pas utilis\u00e9es par des tiers en contradiction avec la loi.<\/em><\/span><\/div>\n","protected":false},"excerpt":{"rendered":"<p>La vari\u00e9t\u00e9 Tropicana Cherry est un hybride exceptionnel cr\u00e9\u00e9 en croisant les l\u00e9gendaires Tropicana Cookies et Cherry Cookies, maintenant avec<\/p>\n","protected":false},"featured_media":189561,"comment_status":"open","ping_status":"closed","template":"","meta":[],"product_brand":[],"product_cat":[7951],"product_tag":[],"class_list":{"0":"post-189566","1":"product","2":"type-product","3":"status-publish","4":"has-post-thumbnail","6":"product_cat-magasin-de-graines","8":"first","9":"instock","10":"taxable","11":"shipping-taxable","12":"purchasable","13":"product-type-variable"},"aioseo_notices":[],"_links":{"self":[{"href":"https:\/\/www.budream.com\/fr\/wp-json\/wp\/v2\/product\/189566","targetHints":{"allow":["GET"]}}],"collection":[{"href":"https:\/\/www.budream.com\/fr\/wp-json\/wp\/v2\/product"}],"about":[{"href":"https:\/\/www.budream.com\/fr\/wp-json\/wp\/v2\/types\/product"}],"replies":[{"embeddable":true,"href":"https:\/\/www.budream.com\/fr\/wp-json\/wp\/v2\/comments?post=189566"}],"version-history":[{"count":0,"href":"https:\/\/www.budream.com\/fr\/wp-json\/wp\/v2\/product\/189566\/revisions"}],"wp:featuredmedia":[{"embeddable":true,"href":"https:\/\/www.budream.com\/fr\/wp-json\/wp\/v2\/media\/189561"}],"wp:attachment":[{"href":"https:\/\/www.budream.com\/fr\/wp-json\/wp\/v2\/media?parent=189566"}],"wp:term":[{"taxonomy":"product_brand","embeddable":true,"href":"https:\/\/www.budream.com\/fr\/wp-json\/wp\/v2\/product_brand?post=189566"},{"taxonomy":"product_cat","embeddable":true,"href":"https:\/\/www.budream.com\/fr\/wp-json\/wp\/v2\/product_cat?post=189566"},{"taxonomy":"product_tag","embeddable":true,"href":"https:\/\/www.budream.com\/fr\/wp-json\/wp\/v2\/product_tag?post=189566"}],"curies":[{"name":"wp","href":"https:\/\/api.w.org\/{rel}","templated":true}]}}