{"id":189943,"date":"2025-08-01T15:34:17","date_gmt":"2025-08-01T13:34:17","guid":{"rendered":"https:\/\/www.budream.com\/shop\/purize-filtres-de-carbone-actif-xtra-slim-100pcs\/"},"modified":"2026-04-21T17:09:41","modified_gmt":"2026-04-21T15:09:41","slug":"purize-filtres-de-carbone-actif-xtra-slim-100pcs","status":"publish","type":"product","link":"https:\/\/www.budream.com\/fr\/shop\/purize-filtres-de-carbone-actif-xtra-slim-100pcs\/","title":{"rendered":"PURIZE &#8211; FILTRES DE CARBONE ACTIF | XTRA SLIM 100pcs"},"content":{"rendered":"<p>Purize poursuit la vision de montrer aux fumeurs orient\u00e9s vers le plaisir &#8211; \u00e0 l&rsquo;aide d&rsquo;un filtre \u00e0 charbon actif <strong>PURIZE&reg;<\/strong>&#8211; une exp\u00e9rience nettement plus agr\u00e9able et moins polluante.<\/p>\n<p>Le charbon actif \u00e0 base de noix de coco r\u00e9duit consid\u00e9rablement l&rsquo;absorption de <strong>substances nocives<\/strong> et vous offre une exp\u00e9rience de fumer fra\u00eeche, s\u00e8che et aromatique, b\u00e9n\u00e9fique pour vos poumons. Nos filtres \u00e0 charbon actif conviennent \u00e0 TOUS les types de consommation !<\/p>\n<p>Les filtres PURIZE&reg; sont \u00e9cologiques et \u00ab\u00a0Made in Germany\u00a0\u00bb.<\/p>\n<p>Les deux embouts \u00e9tant en <strong>c\u00e9ramique<\/strong>, il n&rsquo;y a pas de sens d&rsquo;insertion ou de vissage.<\/p>\n<p>Les filtres <strong>Purize Xtra Slim<\/strong> en paquets de <strong>100<\/strong> sont livr\u00e9s dans un magnifique <strong>bocal en verre<\/strong> que vous pouvez r\u00e9utiliser pour stocker et conserver vos d\u00e9lices !<\/p>\n<h2><span style=\"text-decoration: underline\">Avantages Les filtres \u00e0 charbon actif Purize Xtra Slim<\/span>:<\/h2>\n<ul style=\"list-style-type: disc\">\n<li>Exp\u00e9rience tabagique nettement plus agr\u00e9able ;<\/li>\n<li>Go\u00fbt plus intense ;<\/li>\n<li>R\u00e9duction des polluants ;<\/li>\n<li>Produit naturel et durable ;<\/li>\n<li>100% biod\u00e9gradable ;<\/li>\n<\/ul>\n<h2><span style=\"text-decoration: underline\">Caract\u00e9ristiques des filtres \u00e0 charbon actif Purize <\/span><span style=\"text-decoration: underline\">Xtra Slim<\/span>:<\/h2>\n<ul style=\"list-style-type: disc\">\n<li>Taille du filtre : &oslash; 5,9 mm x 26,9 mm ;<\/li>\n<li>Contenu : charbon actif \u00e0 base de noix de coco ;<\/li>\n<li>Couleur : blanc \/ organique \/ lilas \/ arc-en-ciel ;<\/li>\n<li>Quantit\u00e9 : 100 pi\u00e8ces ;<\/li>\n<li>Type d&#8217;emballage : pot en verre ;<\/li>\n<\/ul>\n","protected":false},"excerpt":{"rendered":"<p>Purize poursuit la vision de montrer aux fumeurs orient\u00e9s vers le plaisir &#8211; \u00e0 l&rsquo;aide d&rsquo;un filtre \u00e0 charbon actif<\/p>\n","protected":false},"featured_media":134934,"comment_status":"open","ping_status":"closed","template":"","meta":[],"product_brand":[],"product_cat":[1173],"product_tag":[],"class_list":{"0":"post-189943","1":"product","2":"type-product","3":"status-publish","4":"has-post-thumbnail","6":"product_cat-headshop","8":"first","9":"outofstock","10":"taxable","11":"shipping-taxable","12":"product-type-variable"},"aioseo_notices":[],"_links":{"self":[{"href":"https:\/\/www.budream.com\/fr\/wp-json\/wp\/v2\/product\/189943","targetHints":{"allow":["GET"]}}],"collection":[{"href":"https:\/\/www.budream.com\/fr\/wp-json\/wp\/v2\/product"}],"about":[{"href":"https:\/\/www.budream.com\/fr\/wp-json\/wp\/v2\/types\/product"}],"replies":[{"embeddable":true,"href":"https:\/\/www.budream.com\/fr\/wp-json\/wp\/v2\/comments?post=189943"}],"version-history":[{"count":1,"href":"https:\/\/www.budream.com\/fr\/wp-json\/wp\/v2\/product\/189943\/revisions"}],"predecessor-version":[{"id":262212,"href":"https:\/\/www.budream.com\/fr\/wp-json\/wp\/v2\/product\/189943\/revisions\/262212"}],"wp:featuredmedia":[{"embeddable":true,"href":"https:\/\/www.budream.com\/fr\/wp-json\/wp\/v2\/media\/134934"}],"wp:attachment":[{"href":"https:\/\/www.budream.com\/fr\/wp-json\/wp\/v2\/media?parent=189943"}],"wp:term":[{"taxonomy":"product_brand","embeddable":true,"href":"https:\/\/www.budream.com\/fr\/wp-json\/wp\/v2\/product_brand?post=189943"},{"taxonomy":"product_cat","embeddable":true,"href":"https:\/\/www.budream.com\/fr\/wp-json\/wp\/v2\/product_cat?post=189943"},{"taxonomy":"product_tag","embeddable":true,"href":"https:\/\/www.budream.com\/fr\/wp-json\/wp\/v2\/product_tag?post=189943"}],"curies":[{"name":"wp","href":"https:\/\/api.w.org\/{rel}","templated":true}]}}