{"id":193601,"date":"2025-08-06T16:21:58","date_gmt":"2025-08-06T14:21:58","guid":{"rendered":"https:\/\/www.budream.com\/shop\/barneys-farm-zkittlez-og-auto-fem\/"},"modified":"2026-03-31T02:58:25","modified_gmt":"2026-03-31T00:58:25","slug":"barneys-farm-zkittlez-og-auto-fem","status":"publish","type":"product","link":"https:\/\/www.budream.com\/fr\/shop\/barneys-farm-zkittlez-og-auto-fem\/","title":{"rendered":"BARNEY&rsquo;S FARM &#8211; ZKITTLEZ OG AUTO FEM"},"content":{"rendered":"<div style=\"text-align: justify\">La combinaison de saveurs fruit\u00e9es et de l&rsquo;OG prim\u00e9e a \u00e9t\u00e9 r\u00e9alis\u00e9e avec tant de soin qu&rsquo;elle a donn\u00e9 lieu \u00e0 quelque chose que nous n&rsquo;aurions jamais cru possible dans une vari\u00e9t\u00e9 \u00e0 autofloraison.<\/div>\n<p><\/p>\n<h2><strong>Caract\u00e9ristiques Zkittlez OG Auto Fem :<\/strong><\/h2>\n<ul style=\"list-style-type: disc\">\n<li><strong>Genre :<\/strong> Autofloraison<\/li>\n<li><strong>G\u00e9notype :<\/strong> 50% Indica \/ 50% Sativa<\/li>\n<li><strong>G\u00e9n\u00e9tique :<\/strong> Zkittlez x OG Kush x BF Super Auto #1<\/li>\n<li><strong>Jours :<\/strong> 70 &#8211; 77 jours<\/li>\n<\/ul>\n<p><\/p>\n<div style=\"text-align: justify\"><em><strong>ATTENTION :<\/strong> Les graines de chanvre sont exclues de la notion l\u00e9gale de Cannabis, ce qui signifie qu&rsquo;elles ne doivent pas \u00eatre consid\u00e9r\u00e9es comme des substances narcotiques (Loi 412 de 1974, art.1, paragraphe 1, lettre B ; Convention Unique de New York sur les Stup\u00e9fiants de 1961 et tableau II du D\u00e9cret Minist\u00e9riel 27\/7\/1992). En Italie, la culture du chanvre est interdite (articles 28 et 73 du d\u00e9cret pr\u00e9sidentiel 309\/90) sans l&rsquo;autorisation appropri\u00e9e (article 17 du d\u00e9cret pr\u00e9sidentiel 309\/90). En l&rsquo;absence d&rsquo;autorisation, les semences ne peuvent \u00eatre utilis\u00e9es qu&rsquo;\u00e0 d&rsquo;autres fins (zootechniques, de collection, etc.). Les semences sont vendues \u00e0 condition qu&rsquo;elles ne soient pas utilis\u00e9es par des tiers en violation de la loi.<\/em><\/div>\n","protected":false},"excerpt":{"rendered":"<p>La combinaison de saveurs fruit\u00e9es et de l&rsquo;OG prim\u00e9e a \u00e9t\u00e9 r\u00e9alis\u00e9e avec tant de soin qu&rsquo;elle a donn\u00e9 lieu<\/p>\n","protected":false},"featured_media":142027,"comment_status":"open","ping_status":"closed","template":"","meta":[],"product_brand":[],"product_cat":[7951],"product_tag":[],"class_list":{"0":"post-193601","1":"product","2":"type-product","3":"status-publish","4":"has-post-thumbnail","6":"product_cat-magasin-de-graines","8":"first","9":"instock","10":"taxable","11":"shipping-taxable","12":"purchasable","13":"product-type-variable"},"aioseo_notices":[],"_links":{"self":[{"href":"https:\/\/www.budream.com\/fr\/wp-json\/wp\/v2\/product\/193601","targetHints":{"allow":["GET"]}}],"collection":[{"href":"https:\/\/www.budream.com\/fr\/wp-json\/wp\/v2\/product"}],"about":[{"href":"https:\/\/www.budream.com\/fr\/wp-json\/wp\/v2\/types\/product"}],"replies":[{"embeddable":true,"href":"https:\/\/www.budream.com\/fr\/wp-json\/wp\/v2\/comments?post=193601"}],"version-history":[{"count":0,"href":"https:\/\/www.budream.com\/fr\/wp-json\/wp\/v2\/product\/193601\/revisions"}],"wp:featuredmedia":[{"embeddable":true,"href":"https:\/\/www.budream.com\/fr\/wp-json\/wp\/v2\/media\/142027"}],"wp:attachment":[{"href":"https:\/\/www.budream.com\/fr\/wp-json\/wp\/v2\/media?parent=193601"}],"wp:term":[{"taxonomy":"product_brand","embeddable":true,"href":"https:\/\/www.budream.com\/fr\/wp-json\/wp\/v2\/product_brand?post=193601"},{"taxonomy":"product_cat","embeddable":true,"href":"https:\/\/www.budream.com\/fr\/wp-json\/wp\/v2\/product_cat?post=193601"},{"taxonomy":"product_tag","embeddable":true,"href":"https:\/\/www.budream.com\/fr\/wp-json\/wp\/v2\/product_tag?post=193601"}],"curies":[{"name":"wp","href":"https:\/\/api.w.org\/{rel}","templated":true}]}}