{"id":194631,"date":"2025-08-06T17:28:00","date_gmt":"2025-08-06T15:28:00","guid":{"rendered":"https:\/\/www.budream.com\/shop\/phonix-extracteur-de-pollen-sec\/"},"modified":"2026-03-10T16:14:03","modified_gmt":"2026-03-10T14:14:03","slug":"phonix-extracteur-de-pollen-sec","status":"publish","type":"product","link":"https:\/\/www.budream.com\/fr\/shop\/phonix-extracteur-de-pollen-sec\/","title":{"rendered":"PH\u00d6NIX &#8211; EXTRACTEUR DE POLLEN SEC"},"content":{"rendered":"<p><strong>Les extracteurs de pollen sec Ph&ouml;nix sont des tamis m\u00e9caniques de haute qualit\u00e9<\/strong> de diff\u00e9rentes capacit\u00e9s. Ces tamis permettent de traiter les feuilles et les inflorescences de diverses plantes et de s\u00e9parer le pollen du mat\u00e9riel v\u00e9g\u00e9tal. En rempla\u00e7ant les diff\u00e9rentes tailles de mailles, on obtient diff\u00e9rentes qualit\u00e9s de pollen.<\/p>\n<p>La <strong>vitesse du tambour est r\u00e9glable d&rsquo;environ 8 \u00e0 35 tr\/min (en 7 \u00e9tapes)<\/strong> et le sens de rotation peut \u00eatre modifi\u00e9 en changeant la polarit\u00e9 de la fiche. La taille standard des mailles est de <strong>150&mu;<\/strong>m.<\/p>\n<h2><strong><u>Caract\u00e9ristiques des extracteurs de pollen Ph&ouml;nix<\/u><\/strong><strong>:<br \/><\/strong><\/h2>\n<ul style=\"list-style-type: disc\">\n<li>Construction robuste et composants en aluminium et en acier inoxydable de haute qualit\u00e9.<\/li>\n<li>Simple et facile \u00e0 nettoyer (tamis lavable).<\/li>\n<li>Le tamis peut \u00eatre chang\u00e9 facilement, disponible en trois tailles.<\/li>\n<li>Remplissage facile gr\u00e2ce \u00e0 la grande ouverture de remplissage<\/li>\n<li>Le couvercle scell\u00e9 peut \u00eatre ouvert sans vis<\/li>\n<\/ul>\n","protected":false},"excerpt":{"rendered":"<p>Les extracteurs de pollen sec Ph&ouml;nix sont des tamis m\u00e9caniques de haute qualit\u00e9 de diff\u00e9rentes capacit\u00e9s. Ces tamis permettent de<\/p>\n","protected":false},"featured_media":141532,"comment_status":"open","ping_status":"closed","template":"","meta":[],"product_brand":[],"product_cat":[7949],"product_tag":[],"class_list":{"0":"post-194631","1":"product","2":"type-product","3":"status-publish","4":"has-post-thumbnail","6":"product_cat-headshop-fr","8":"first","9":"instock","10":"taxable","11":"shipping-taxable","12":"purchasable","13":"product-type-variable"},"aioseo_notices":[],"_links":{"self":[{"href":"https:\/\/www.budream.com\/fr\/wp-json\/wp\/v2\/product\/194631","targetHints":{"allow":["GET"]}}],"collection":[{"href":"https:\/\/www.budream.com\/fr\/wp-json\/wp\/v2\/product"}],"about":[{"href":"https:\/\/www.budream.com\/fr\/wp-json\/wp\/v2\/types\/product"}],"replies":[{"embeddable":true,"href":"https:\/\/www.budream.com\/fr\/wp-json\/wp\/v2\/comments?post=194631"}],"version-history":[{"count":0,"href":"https:\/\/www.budream.com\/fr\/wp-json\/wp\/v2\/product\/194631\/revisions"}],"wp:featuredmedia":[{"embeddable":true,"href":"https:\/\/www.budream.com\/fr\/wp-json\/wp\/v2\/media\/141532"}],"wp:attachment":[{"href":"https:\/\/www.budream.com\/fr\/wp-json\/wp\/v2\/media?parent=194631"}],"wp:term":[{"taxonomy":"product_brand","embeddable":true,"href":"https:\/\/www.budream.com\/fr\/wp-json\/wp\/v2\/product_brand?post=194631"},{"taxonomy":"product_cat","embeddable":true,"href":"https:\/\/www.budream.com\/fr\/wp-json\/wp\/v2\/product_cat?post=194631"},{"taxonomy":"product_tag","embeddable":true,"href":"https:\/\/www.budream.com\/fr\/wp-json\/wp\/v2\/product_tag?post=194631"}],"curies":[{"name":"wp","href":"https:\/\/api.w.org\/{rel}","templated":true}]}}