{"id":194741,"date":"2025-08-06T17:35:35","date_gmt":"2025-08-06T15:35:35","guid":{"rendered":"https:\/\/www.budream.com\/shop\/royal-queen-seeds-royal-cookies-automatic\/"},"modified":"2026-03-10T15:14:04","modified_gmt":"2026-03-10T13:14:04","slug":"royal-queen-seeds-royal-cookies-automatic","status":"publish","type":"product","link":"https:\/\/www.budream.com\/fr\/shop\/royal-queen-seeds-royal-cookies-automatic\/","title":{"rendered":"ROYAL QUEEN SEEDS &#8211; ROYAL COOKIES AUTOMATIC"},"content":{"rendered":"<p>La Royal Cookies apporte le meilleur de la g\u00e9n\u00e9tique californienne en Europe. Il s&rsquo;agit d&rsquo;un croisement de deux sp\u00e9cimens de Forum Cookies S1, ce qui donne une vari\u00e9t\u00e9 de Cookie si puissante que m\u00eame le plus tenace des Cookie Monster se d\u00e9chirerait !<\/p>\n<h2><strong>Caract\u00e9ristiques Royal Cookies Automatic Royal Queen Seeds :<\/strong><\/h2>\n<ul style=\"list-style-type: disc\">\n<li><strong>Genre :<\/strong> Autofloraison f\u00e9minis\u00e9e<\/li>\n<li><strong>G\u00e9notype :<\/strong> Hybride 20% Sativa 60% Indica 20% Ruderalis<\/li>\n<li><strong>G\u00e9n\u00e9tique :<\/strong> Girl Scout Cookies x Ruderalis (auto thunderfuck bx2)<\/li>\n<li><strong>Jours :<\/strong> 56-70<\/li>\n<\/ul>\n<p><em><strong>ATTENTION :<\/strong> Les graines de chanvre sont exclues de la notion l\u00e9gale de Cannabis, ce qui signifie qu&rsquo;elles ne doivent pas \u00eatre consid\u00e9r\u00e9es comme une substance stup\u00e9fiante (L. 412 de 1974, art. 1, virgule 1, lett. B ; Convention unique sur les stup\u00e9fiants de New York de 1961 et tableau II du d\u00e9cret minist\u00e9riel 27\/7\/1992). En Italie, la culture du chanvre est interdite (articles 28 et 73 du d\u00e9cret pr\u00e9sidentiel 309\/90), sauf autorisation sp\u00e9ciale (article 17 du d\u00e9cret pr\u00e9sidentiel 309\/90). En l&rsquo;absence d&rsquo;autorisation, les semences ne peuvent \u00eatre utilis\u00e9es qu&rsquo;\u00e0 d&rsquo;autres fins (zootechniques, de collection, etc.). Les semences sont vendues sous r\u00e9serve qu&rsquo;elles ne soient pas utilis\u00e9es par des tiers en contradiction avec la loi.<\/em><\/p>\n","protected":false},"excerpt":{"rendered":"<p>La Royal Cookies apporte le meilleur de la g\u00e9n\u00e9tique californienne en Europe. Il s&rsquo;agit d&rsquo;un croisement de deux sp\u00e9cimens de<\/p>\n","protected":false},"featured_media":160407,"comment_status":"open","ping_status":"closed","template":"","meta":[],"product_brand":[],"product_cat":[7951],"product_tag":[],"class_list":{"0":"post-194741","1":"product","2":"type-product","3":"status-publish","4":"has-post-thumbnail","6":"product_cat-magasin-de-graines","8":"first","9":"instock","10":"sale","11":"taxable","12":"shipping-taxable","13":"purchasable","14":"product-type-variable"},"aioseo_notices":[],"_links":{"self":[{"href":"https:\/\/www.budream.com\/fr\/wp-json\/wp\/v2\/product\/194741","targetHints":{"allow":["GET"]}}],"collection":[{"href":"https:\/\/www.budream.com\/fr\/wp-json\/wp\/v2\/product"}],"about":[{"href":"https:\/\/www.budream.com\/fr\/wp-json\/wp\/v2\/types\/product"}],"replies":[{"embeddable":true,"href":"https:\/\/www.budream.com\/fr\/wp-json\/wp\/v2\/comments?post=194741"}],"version-history":[{"count":0,"href":"https:\/\/www.budream.com\/fr\/wp-json\/wp\/v2\/product\/194741\/revisions"}],"wp:featuredmedia":[{"embeddable":true,"href":"https:\/\/www.budream.com\/fr\/wp-json\/wp\/v2\/media\/160407"}],"wp:attachment":[{"href":"https:\/\/www.budream.com\/fr\/wp-json\/wp\/v2\/media?parent=194741"}],"wp:term":[{"taxonomy":"product_brand","embeddable":true,"href":"https:\/\/www.budream.com\/fr\/wp-json\/wp\/v2\/product_brand?post=194741"},{"taxonomy":"product_cat","embeddable":true,"href":"https:\/\/www.budream.com\/fr\/wp-json\/wp\/v2\/product_cat?post=194741"},{"taxonomy":"product_tag","embeddable":true,"href":"https:\/\/www.budream.com\/fr\/wp-json\/wp\/v2\/product_tag?post=194741"}],"curies":[{"name":"wp","href":"https:\/\/api.w.org\/{rel}","templated":true}]}}