{"id":194776,"date":"2025-08-06T17:38:04","date_gmt":"2025-08-06T15:38:04","guid":{"rendered":"https:\/\/www.budream.com\/shop\/royal-queen-seeds-purple-punch-automatic-fem-usa-premium\/"},"modified":"2026-02-26T13:35:34","modified_gmt":"2026-02-26T11:35:34","slug":"royal-queen-seeds-purple-punch-automatic-fem-usa-premium","status":"publish","type":"product","link":"https:\/\/www.budream.com\/fr\/shop\/royal-queen-seeds-purple-punch-automatic-fem-usa-premium\/","title":{"rendered":"ROYAL QUEEN SEEDS &#8211; PURPLE PUNCH AUTOMATIC FEM (USA PREMIUM)"},"content":{"rendered":"<p style=\"text-align: justify\">L&rsquo;incroyable Purple Punch, c\u00e9l\u00e8bre pour ses saveurs de baies sucr\u00e9es et de bonbons, a re\u00e7u le traitement autofloraison tant attendu. Les s\u00e9lectionneurs de RQS ont cr\u00e9\u00e9 une version automatique de cette vari\u00e9t\u00e9 de dessert populaire en la croisant avec la Old Skunk Auto. De ce croisement est n\u00e9e la Purple Punch Automatic, une vari\u00e9t\u00e9 compos\u00e9e de 75% d&rsquo;indica, 20% de sativa et 5% de g\u00e9n\u00e9tique ruderalis.<\/p>\n<p><\/p>\n<h2><strong>Caract\u00e9ristiques Purple Punch Automatic Royal Queen Seeds :<\/strong><\/h2>\n<ul style=\"list-style-type: disc\">\n<li><strong>Genre :<\/strong> Autofloraison f\u00e9minis\u00e9e<\/li>\n<li><strong>G\u00e9notype :<\/strong> Hybride 20% Sativa 75% Indica 5% Ruderalis<\/li>\n<li><strong>G\u00e9n\u00e9tique :<\/strong> Purple Punch x Old Skunk Auto<\/li>\n<li><strong>Jours :<\/strong> 49 &#8211; 56<\/li>\n<\/ul>\n<p><\/p>\n<div style=\"text-align: justify\"><em><strong>ATTENTION :<\/strong> Les graines de chanvre sont exclues de la notion l\u00e9gale de Cannabis, ce qui signifie qu&rsquo;elles ne doivent pas \u00eatre consid\u00e9r\u00e9es comme une substance stup\u00e9fiante (L. 412 de 1974, art. 1, alin\u00e9a 1, lettre B ; Convention unique sur les stup\u00e9fiants de New York de 1961 et tableau II du d\u00e9cret minist\u00e9riel 27\/7\/1992). En Italie, la culture du chanvre est interdite (articles 28 et 73 du d\u00e9cret pr\u00e9sidentiel 309\/90), sauf autorisation sp\u00e9ciale (article 17 du d\u00e9cret pr\u00e9sidentiel 309\/90). En l&rsquo;absence d&rsquo;autorisation, les semences ne peuvent \u00eatre utilis\u00e9es qu&rsquo;\u00e0 d&rsquo;autres fins (zootechniques, de collection, etc.). Les semences sont vendues sous r\u00e9serve qu&rsquo;elles ne soient pas utilis\u00e9es par des tiers en contradiction avec la loi.<\/em><\/div>\n","protected":false},"excerpt":{"rendered":"<p>L&rsquo;incroyable Purple Punch, c\u00e9l\u00e8bre pour ses saveurs de baies sucr\u00e9es et de bonbons, a re\u00e7u le traitement autofloraison tant attendu.<\/p>\n","protected":false},"featured_media":160322,"comment_status":"open","ping_status":"closed","template":"","meta":[],"product_brand":[],"product_cat":[7951],"product_tag":[],"class_list":{"0":"post-194776","1":"product","2":"type-product","3":"status-publish","4":"has-post-thumbnail","6":"product_cat-magasin-de-graines","8":"first","9":"instock","10":"sale","11":"taxable","12":"shipping-taxable","13":"purchasable","14":"product-type-variable"},"aioseo_notices":[],"_links":{"self":[{"href":"https:\/\/www.budream.com\/fr\/wp-json\/wp\/v2\/product\/194776","targetHints":{"allow":["GET"]}}],"collection":[{"href":"https:\/\/www.budream.com\/fr\/wp-json\/wp\/v2\/product"}],"about":[{"href":"https:\/\/www.budream.com\/fr\/wp-json\/wp\/v2\/types\/product"}],"replies":[{"embeddable":true,"href":"https:\/\/www.budream.com\/fr\/wp-json\/wp\/v2\/comments?post=194776"}],"version-history":[{"count":0,"href":"https:\/\/www.budream.com\/fr\/wp-json\/wp\/v2\/product\/194776\/revisions"}],"wp:featuredmedia":[{"embeddable":true,"href":"https:\/\/www.budream.com\/fr\/wp-json\/wp\/v2\/media\/160322"}],"wp:attachment":[{"href":"https:\/\/www.budream.com\/fr\/wp-json\/wp\/v2\/media?parent=194776"}],"wp:term":[{"taxonomy":"product_brand","embeddable":true,"href":"https:\/\/www.budream.com\/fr\/wp-json\/wp\/v2\/product_brand?post=194776"},{"taxonomy":"product_cat","embeddable":true,"href":"https:\/\/www.budream.com\/fr\/wp-json\/wp\/v2\/product_cat?post=194776"},{"taxonomy":"product_tag","embeddable":true,"href":"https:\/\/www.budream.com\/fr\/wp-json\/wp\/v2\/product_tag?post=194776"}],"curies":[{"name":"wp","href":"https:\/\/api.w.org\/{rel}","templated":true}]}}