{"id":194946,"date":"2025-08-06T17:48:57","date_gmt":"2025-08-06T15:48:57","guid":{"rendered":"https:\/\/www.budream.com\/shop\/variete-de-graines-de-chanvre-santhica-ce-2\/"},"modified":"2025-12-23T03:32:15","modified_gmt":"2025-12-23T01:32:15","slug":"variete-de-graines-de-chanvre-santhica-ce-2","status":"publish","type":"product","link":"https:\/\/www.budream.com\/fr\/shop\/variete-de-graines-de-chanvre-santhica-ce-2\/","title":{"rendered":"VARI\u00c9T\u00c9 DE GRAINES DE CHANVRE SANTHICA CE"},"content":{"rendered":"<p>Il s&rsquo;agit de g\u00e9n\u00e9tiques d\u00e9velopp\u00e9es pour produire des semences mais aussi des quantit\u00e9s satisfaisantes de biomasse (balles s\u00e8ches).<br \/>Voici une liste des principales caract\u00e9ristiques :<\/p>\n<p><strong>G\u00e9notype<\/strong>: mono\u00efque<br \/><strong>Adaptabilit\u00e9 climatique :<\/strong> Europe centrale, Europe du Nord<br \/><strong>Cycle v\u00e9g\u00e9tatif :<\/strong> 120\/140 jours<br \/><strong>Hauteur :<\/strong> 2,0 &#8211; 2,5 m\u00e8tres<br \/><strong>Pleine floraison :<\/strong> ao\u00fbt<\/p>\n<p><strong>Rendement en graines kg\/ha :<\/strong> 500 &#8211; 700<br \/><strong>Rendement en balles T\/ha<\/strong>: 9 &#8211; 10<br \/><strong>Rendement en inflorescences (s\u00e8ches) : Kg\/ha :<\/strong> 100<\/p>\n<p><strong>THC :<\/strong> &lt; 0,2 %.<br \/><strong>CBD<\/strong>: jusqu&rsquo;\u00e0 3 %.<\/p>\n<p>Conserv\u00e9e dans un endroit frais et sec, la graine conserve son pouvoir germinatif jusqu&rsquo;\u00e0 l&rsquo;ann\u00e9e suivante.<\/p>\n","protected":false},"excerpt":{"rendered":"<p>Il s&rsquo;agit de g\u00e9n\u00e9tiques d\u00e9velopp\u00e9es pour produire des semences mais aussi des quantit\u00e9s satisfaisantes de biomasse (balles s\u00e8ches).Voici une liste<\/p>\n","protected":false},"featured_media":155475,"comment_status":"open","ping_status":"closed","template":"","meta":[],"product_brand":[],"product_cat":[7951],"product_tag":[],"class_list":{"0":"post-194946","1":"product","2":"type-product","3":"status-publish","4":"has-post-thumbnail","6":"product_cat-magasin-de-graines","8":"first","9":"outofstock","10":"sale","11":"taxable","12":"shipping-taxable","13":"purchasable","14":"product-type-variable"},"aioseo_notices":[],"_links":{"self":[{"href":"https:\/\/www.budream.com\/fr\/wp-json\/wp\/v2\/product\/194946","targetHints":{"allow":["GET"]}}],"collection":[{"href":"https:\/\/www.budream.com\/fr\/wp-json\/wp\/v2\/product"}],"about":[{"href":"https:\/\/www.budream.com\/fr\/wp-json\/wp\/v2\/types\/product"}],"replies":[{"embeddable":true,"href":"https:\/\/www.budream.com\/fr\/wp-json\/wp\/v2\/comments?post=194946"}],"version-history":[{"count":0,"href":"https:\/\/www.budream.com\/fr\/wp-json\/wp\/v2\/product\/194946\/revisions"}],"wp:featuredmedia":[{"embeddable":true,"href":"https:\/\/www.budream.com\/fr\/wp-json\/wp\/v2\/media\/155475"}],"wp:attachment":[{"href":"https:\/\/www.budream.com\/fr\/wp-json\/wp\/v2\/media?parent=194946"}],"wp:term":[{"taxonomy":"product_brand","embeddable":true,"href":"https:\/\/www.budream.com\/fr\/wp-json\/wp\/v2\/product_brand?post=194946"},{"taxonomy":"product_cat","embeddable":true,"href":"https:\/\/www.budream.com\/fr\/wp-json\/wp\/v2\/product_cat?post=194946"},{"taxonomy":"product_tag","embeddable":true,"href":"https:\/\/www.budream.com\/fr\/wp-json\/wp\/v2\/product_tag?post=194946"}],"curies":[{"name":"wp","href":"https:\/\/api.w.org\/{rel}","templated":true}]}}