{"id":195071,"date":"2025-08-06T17:56:54","date_gmt":"2025-08-06T15:56:54","guid":{"rendered":"https:\/\/www.budream.com\/shop\/sensi-seeds-bank-super-skunk-fem\/"},"modified":"2026-04-30T16:43:23","modified_gmt":"2026-04-30T14:43:23","slug":"sensi-seeds-bank-super-skunk-fem","status":"publish","type":"product","link":"https:\/\/www.budream.com\/fr\/shop\/sensi-seeds-bank-super-skunk-fem\/","title":{"rendered":"SENSI SEEDS BANK &#8211; SUPER SKUNK FEM"},"content":{"rendered":"<p>La Super Skunk f\u00e9minis\u00e9e est une vari\u00e9t\u00e9 de cannabis qui a remport\u00e9 de nombreux prix et r\u00e9compenses depuis sa sortie en 1990. La Super Skunk est le r\u00e9sultat d&rsquo;un croisement entre la Skunk #1 et une vari\u00e9t\u00e9 afghane.<\/p>\n<h2><strong>Caract\u00e9ristiques Super Skunk Fem Sensi Seeds Bank :<\/strong><\/h2>\n<ul style=\"list-style-type: disc\">\n<li><strong>Genre :<\/strong> F\u00e9minis\u00e9e<\/li>\n<li><strong>G\u00e9notype :<\/strong> Hybride 80% Indica 20% Sativa<\/li>\n<li><strong>G\u00e9n\u00e9tique : <\/strong>Skunk<strong> #1 <\/strong> x Afghani #1<\/li>\n<li><strong>Jours :<\/strong> 45-50 jours<\/li>\n<\/ul>\n<p><span style=\"font-size: 11pt\"><em><strong>ATTENTION :<\/strong> Les graines de chanvre sont exclues de la notion l\u00e9gale de Cannabis, ce qui signifie qu&rsquo;elles ne doivent pas \u00eatre consid\u00e9r\u00e9es comme une substance stup\u00e9fiante (L. 412 de 1974, art. 1, virgule 1, lett. B ; Convention unique sur les stup\u00e9fiants de New York de 1961 et tableau II du d\u00e9cret minist\u00e9riel 27\/7\/1992). En Italie, la culture du chanvre est interdite (articles 28 et 73 du d\u00e9cret pr\u00e9sidentiel 309\/90), sauf autorisation sp\u00e9ciale (article 17 du d\u00e9cret pr\u00e9sidentiel 309\/90). En l&rsquo;absence d&rsquo;autorisation, les semences ne peuvent \u00eatre utilis\u00e9es qu&rsquo;\u00e0 d&rsquo;autres fins (zootechniques, de collection, etc.). Les semences sont vendues sous r\u00e9serve qu&rsquo;elles ne soient pas utilis\u00e9es par des tiers en contradiction avec la loi.<\/em><\/span><\/p>\n","protected":false},"excerpt":{"rendered":"<p>La Super Skunk f\u00e9minis\u00e9e est une vari\u00e9t\u00e9 de cannabis qui a remport\u00e9 de nombreux prix et r\u00e9compenses depuis sa sortie<\/p>\n","protected":false},"featured_media":197176,"comment_status":"open","ping_status":"closed","template":"","meta":[],"product_brand":[],"product_cat":[1175],"product_tag":[],"class_list":{"0":"post-195071","1":"product","2":"type-product","3":"status-publish","4":"has-post-thumbnail","6":"product_cat-seedshop","8":"first","9":"instock","10":"taxable","11":"shipping-taxable","12":"purchasable","13":"product-type-variable"},"aioseo_notices":[],"_links":{"self":[{"href":"https:\/\/www.budream.com\/fr\/wp-json\/wp\/v2\/product\/195071","targetHints":{"allow":["GET"]}}],"collection":[{"href":"https:\/\/www.budream.com\/fr\/wp-json\/wp\/v2\/product"}],"about":[{"href":"https:\/\/www.budream.com\/fr\/wp-json\/wp\/v2\/types\/product"}],"replies":[{"embeddable":true,"href":"https:\/\/www.budream.com\/fr\/wp-json\/wp\/v2\/comments?post=195071"}],"version-history":[{"count":1,"href":"https:\/\/www.budream.com\/fr\/wp-json\/wp\/v2\/product\/195071\/revisions"}],"predecessor-version":[{"id":262180,"href":"https:\/\/www.budream.com\/fr\/wp-json\/wp\/v2\/product\/195071\/revisions\/262180"}],"wp:featuredmedia":[{"embeddable":true,"href":"https:\/\/www.budream.com\/fr\/wp-json\/wp\/v2\/media\/197176"}],"wp:attachment":[{"href":"https:\/\/www.budream.com\/fr\/wp-json\/wp\/v2\/media?parent=195071"}],"wp:term":[{"taxonomy":"product_brand","embeddable":true,"href":"https:\/\/www.budream.com\/fr\/wp-json\/wp\/v2\/product_brand?post=195071"},{"taxonomy":"product_cat","embeddable":true,"href":"https:\/\/www.budream.com\/fr\/wp-json\/wp\/v2\/product_cat?post=195071"},{"taxonomy":"product_tag","embeddable":true,"href":"https:\/\/www.budream.com\/fr\/wp-json\/wp\/v2\/product_tag?post=195071"}],"curies":[{"name":"wp","href":"https:\/\/api.w.org\/{rel}","templated":true}]}}