{"id":195126,"date":"2025-08-06T18:00:25","date_gmt":"2025-08-06T16:00:25","guid":{"rendered":"https:\/\/www.budream.com\/shop\/sensi-seeds-bank-skunk-1-fem\/"},"modified":"2026-04-30T16:45:10","modified_gmt":"2026-04-30T14:45:10","slug":"sensi-seeds-bank-skunk-1-fem","status":"publish","type":"product","link":"https:\/\/www.budream.com\/fr\/shop\/sensi-seeds-bank-skunk-1-fem\/","title":{"rendered":"SENSI SEEDS BANK &#8211; SKUNK #1 FEM"},"content":{"rendered":"<p><span style=\"font-family: arial, helvetica, sans-serif\"><span style=\"font-family: arial, helvetica, sans-serif\">La Skunk #1 de Sensi Seeds fait vibrer les amateurs du monde entier depuis plus d&rsquo;un quart de si\u00e8cle. Elle est maintenant disponible en tant que vari\u00e9t\u00e9 f\u00e9minis\u00e9e premium.<\/p>\n<p><\/span><\/span><\/p>\n<h2><strong>Caract\u00e9ristiques Skunk #1 Fem Sensi Seeds Bank :<\/strong><\/h2>\n<ul style=\"list-style-type: disc\">\n<li><strong>Genre :<\/strong> F\u00e9minis\u00e9e<\/li>\n<li><strong>G\u00e9notype :<\/strong> Hybride 65% Indica 35% Sativa<\/li>\n<li><strong>G\u00e9n\u00e9tique :<\/strong> Am\u00e9rique centrale <span class=\"cross\">x<\/span> Afghanistan <span class=\"cross\">x<\/span> Tha\u00eflande<\/li>\n<li><strong>Jours :<\/strong> 45-50 jours<\/li>\n<\/ul>\n<p><span style=\"font-family: arial, helvetica, sans-serif\"><br \/><span style=\"font-size: 11pt\"><em><strong>ATTENTION :<\/strong> Les graines de chanvre sont exclues de la notion l\u00e9gale de Cannabis, ce qui signifie qu&rsquo;elles ne doivent pas \u00eatre consid\u00e9r\u00e9es comme une substance stup\u00e9fiante (L. 412 de 1974, art. 1, alin\u00e9a 1, lettre B ; Convention unique sur les stup\u00e9fiants de New York de 1961 et tableau II du d\u00e9cret minist\u00e9riel 27\/7\/1992). En Italie, la culture du chanvre est interdite (articles 28 et 73 du d\u00e9cret pr\u00e9sidentiel 309\/90), sauf autorisation sp\u00e9ciale (article 17 du d\u00e9cret pr\u00e9sidentiel 309\/90). En l&rsquo;absence d&rsquo;autorisation, les semences ne peuvent \u00eatre utilis\u00e9es qu&rsquo;\u00e0 d&rsquo;autres fins (zootechniques, de collection, etc.). Les semences sont vendues sous r\u00e9serve qu&rsquo;elles ne soient pas utilis\u00e9es par des tiers en contradiction avec la loi.<\/em><\/span><\/span><\/p>\n","protected":false},"excerpt":{"rendered":"<p>La Skunk #1 de Sensi Seeds fait vibrer les amateurs du monde entier depuis plus d&rsquo;un quart de si\u00e8cle. Elle<\/p>\n","protected":false},"featured_media":197156,"comment_status":"open","ping_status":"closed","template":"","meta":[],"product_brand":[],"product_cat":[1175],"product_tag":[],"class_list":{"0":"post-195126","1":"product","2":"type-product","3":"status-publish","4":"has-post-thumbnail","6":"product_cat-seedshop","8":"first","9":"instock","10":"taxable","11":"shipping-taxable","12":"purchasable","13":"product-type-variable"},"aioseo_notices":[],"_links":{"self":[{"href":"https:\/\/www.budream.com\/fr\/wp-json\/wp\/v2\/product\/195126","targetHints":{"allow":["GET"]}}],"collection":[{"href":"https:\/\/www.budream.com\/fr\/wp-json\/wp\/v2\/product"}],"about":[{"href":"https:\/\/www.budream.com\/fr\/wp-json\/wp\/v2\/types\/product"}],"replies":[{"embeddable":true,"href":"https:\/\/www.budream.com\/fr\/wp-json\/wp\/v2\/comments?post=195126"}],"version-history":[{"count":1,"href":"https:\/\/www.budream.com\/fr\/wp-json\/wp\/v2\/product\/195126\/revisions"}],"predecessor-version":[{"id":262577,"href":"https:\/\/www.budream.com\/fr\/wp-json\/wp\/v2\/product\/195126\/revisions\/262577"}],"wp:featuredmedia":[{"embeddable":true,"href":"https:\/\/www.budream.com\/fr\/wp-json\/wp\/v2\/media\/197156"}],"wp:attachment":[{"href":"https:\/\/www.budream.com\/fr\/wp-json\/wp\/v2\/media?parent=195126"}],"wp:term":[{"taxonomy":"product_brand","embeddable":true,"href":"https:\/\/www.budream.com\/fr\/wp-json\/wp\/v2\/product_brand?post=195126"},{"taxonomy":"product_cat","embeddable":true,"href":"https:\/\/www.budream.com\/fr\/wp-json\/wp\/v2\/product_cat?post=195126"},{"taxonomy":"product_tag","embeddable":true,"href":"https:\/\/www.budream.com\/fr\/wp-json\/wp\/v2\/product_tag?post=195126"}],"curies":[{"name":"wp","href":"https:\/\/api.w.org\/{rel}","templated":true}]}}