{"id":196408,"date":"2025-09-03T16:38:51","date_gmt":"2025-09-03T14:38:51","guid":{"rendered":"https:\/\/www.budream.com\/shop\/egrappoir-manuel-de-table-original-420\/"},"modified":"2026-04-14T15:17:17","modified_gmt":"2026-04-14T13:17:17","slug":"egrappoir-manuel-de-table-original-420","status":"publish","type":"product","link":"https:\/\/www.budream.com\/fr\/shop\/egrappoir-manuel-de-table-original-420\/","title":{"rendered":"QNUBU &#8211; BUCKER MANUAL FLOWER DESTIMER"},"content":{"rendered":"<p>Qnubu pr\u00e9sente le nouveau d\u00e9sileur manuel de table.<br \/>Les diff\u00e9rentes fentes permettent l&rsquo;utilisation avec diff\u00e9rents diam\u00e8tres de tiges et de bourgeons, et le plastique r\u00e9sistant garantit la durabilit\u00e9. <\/p>\n<p>Facile \u00e0 utiliser, il permet d&rsquo;\u00e9grapper les fleurs rapidement et en toute s\u00e9curit\u00e9, jusqu&rsquo;\u00e0 80 % plus rapidement qu&rsquo;avec des ciseaux.<\/p>\n<h2><span style=\"text-decoration: underline\">Avantages de l&rsquo;effeuilleuse DeBudder Qnubu :<\/span><\/h2>\n<ul style=\"list-style-type: disc\">\n<li>N&rsquo;endommage pas la fleur<\/li>\n<li>10 vis de montage incluses <\/li>\n<li>Convient \u00e0 diff\u00e9rentes tiges<\/li>\n<li>Peut \u00eatre utilis\u00e9 sur des tables en bois, en plastique ou en m\u00e9tal.<\/li>\n<\/ul>\n","protected":false},"excerpt":{"rendered":"<p>Qnubu pr\u00e9sente le nouveau d\u00e9sileur manuel de table.Les diff\u00e9rentes fentes permettent l&rsquo;utilisation avec diff\u00e9rents diam\u00e8tres de tiges et de bourgeons,<\/p>\n","protected":false},"featured_media":196421,"comment_status":"open","ping_status":"closed","template":"","meta":[],"product_brand":[],"product_cat":[2597],"product_tag":[],"class_list":{"0":"post-196408","1":"product","2":"type-product","3":"status-publish","4":"has-post-thumbnail","6":"product_cat-growshop","8":"first","9":"instock","10":"taxable","11":"shipping-taxable","12":"purchasable","13":"product-type-simple"},"aioseo_notices":[],"_links":{"self":[{"href":"https:\/\/www.budream.com\/fr\/wp-json\/wp\/v2\/product\/196408","targetHints":{"allow":["GET"]}}],"collection":[{"href":"https:\/\/www.budream.com\/fr\/wp-json\/wp\/v2\/product"}],"about":[{"href":"https:\/\/www.budream.com\/fr\/wp-json\/wp\/v2\/types\/product"}],"replies":[{"embeddable":true,"href":"https:\/\/www.budream.com\/fr\/wp-json\/wp\/v2\/comments?post=196408"}],"version-history":[{"count":1,"href":"https:\/\/www.budream.com\/fr\/wp-json\/wp\/v2\/product\/196408\/revisions"}],"predecessor-version":[{"id":262870,"href":"https:\/\/www.budream.com\/fr\/wp-json\/wp\/v2\/product\/196408\/revisions\/262870"}],"wp:featuredmedia":[{"embeddable":true,"href":"https:\/\/www.budream.com\/fr\/wp-json\/wp\/v2\/media\/196421"}],"wp:attachment":[{"href":"https:\/\/www.budream.com\/fr\/wp-json\/wp\/v2\/media?parent=196408"}],"wp:term":[{"taxonomy":"product_brand","embeddable":true,"href":"https:\/\/www.budream.com\/fr\/wp-json\/wp\/v2\/product_brand?post=196408"},{"taxonomy":"product_cat","embeddable":true,"href":"https:\/\/www.budream.com\/fr\/wp-json\/wp\/v2\/product_cat?post=196408"},{"taxonomy":"product_tag","embeddable":true,"href":"https:\/\/www.budream.com\/fr\/wp-json\/wp\/v2\/product_tag?post=196408"}],"curies":[{"name":"wp","href":"https:\/\/api.w.org\/{rel}","templated":true}]}}