{"id":196418,"date":"2025-09-03T16:39:16","date_gmt":"2025-09-03T14:39:16","guid":{"rendered":"https:\/\/www.budream.com\/shop\/bio-nova-terre-vivante-220gr\/"},"modified":"2026-02-26T10:12:03","modified_gmt":"2026-02-26T08:12:03","slug":"bio-nova-terre-vivante-220gr","status":"publish","type":"product","link":"https:\/\/www.budream.com\/fr\/shop\/bio-nova-terre-vivante-220gr\/","title":{"rendered":"BIO NOVA &#8211; LIVING SOIL | 220GR"},"content":{"rendered":"<p class=\"p1\"><strong>Living Soil<\/strong> est un engrais granulaire compos\u00e9 d&rsquo;<strong>ingr\u00e9dients 100 % naturels<\/strong>. Il contient tous les macro- et micronutriments essentiels pour un cycle complet de 12 semaines. Pendant cette p\u00e9riode, l&rsquo;engrais est lib\u00e9r\u00e9 lentement, ce qui permet aux plantes d&rsquo;absorber exactement ce dont elles ont besoin. <\/p>\n<p>Qu&rsquo;est-ce qui fait de ce produit un v\u00e9ritable Living Soil ? Living Soil est <strong>riche en micro-organismes, mycorhizes, bacilles, enzymes, acides amin\u00e9s et vitamines<\/strong>. La forte concentration de ces composants dans ce produit cr\u00e9e un \u00e9cosyst\u00e8me de sol prosp\u00e8re, permettant \u00e0 vos plantes de s&rsquo;\u00e9panouir !<\/p>\n<p><strong><span style=\"text-decoration: underline\">Comment utiliser Living Soil Bio Nova :<br \/><\/span><\/strong><span style=\"text-decoration: underline\"><br \/><\/span>Chaque paquet contient 220 grammes de Living Soil, id\u00e9al \u00e0 m\u00e9langer avec 15-20 litres de substrat. Une fois arros\u00e9, le Living Soil se dissout progressivement, lib\u00e9rant tous les \u00e9l\u00e9ments naturels au fil du temps. Avec Living Soil, cultiver devient simple et 100% naturel !<strong><span style=\"text-decoration: underline\"><br \/><\/span><\/strong><\/p>\n<p><span class=\"s1\"><strong>Dosage :<\/strong> 220 g pour 15\/20 litres de substrat<\/p>\n<p><\/span><b><b>Composition : engrais EC &#8211; NPK 6-5-7 + Microorganismes<\/p>\n<p><\/b><\/b><\/p>\n<ul>\n<li><strong>6% d&rsquo;azote total (N) dont :<\/strong>\n<ul>\n<li>2% Azote ammoniacal<\/li>\n<li>4% Azote nitrique<\/li>\n<\/ul>\n<\/li>\n<li><strong>5% Anhydride phosphorique (P2O5)<\/strong><\/li>\n<li><strong>7% Oxyde de potassium (K2O)<\/strong><\/li>\n<li><strong>3% Dioxyde de soufre (SO3)<\/strong><\/li>\n<\/ul>\n<p><b><br \/>Ingr\u00e9dients naturels : <\/p>\n<p><\/b>Micro-organismes, Mycorhizes (voir liste compl\u00e8te ci-dessous), Bacillus (voir liste compl\u00e8te ci-dessous), Bentonite, algues, chaux, marc, cacoapellets, enzymes, acides amin\u00e9s, vitamines C &#8211; B1 &#8211; E, humates, oligo-\u00e9l\u00e9ments ch\u00e9lat\u00e9s naturels, min\u00e9raux argileux, compost et Ascophillum Nodosum (algues laminaires).<b><br \/><\/b><br \/><strong>Esp\u00e8ces mycorhiziennes<\/strong> (Endo et Ecto) :<br \/>Glomus intraradices Glomus deserticola Rhizopogon amylopogon<br \/>Glomus mosseae Glomus brasillianum Rhizopogon villosuli<br \/>Glomus aggregatum Gigaspora margarita Rhizopogon fulvigleba<br \/>Glomus clarum Pisolithus tinctorius Rhizopogon luteolus<br \/>Glomus monosporus Laccaria bicolor Sceloderma citrinum<br \/>Glomus etunicatum Laccaria laccata Scleroderma cepa<\/p>\n<p><strong>Micro-organismes<\/strong> &#8211; Esp\u00e8ces Bacillus :<br \/>B. licheniformis B. subtilis<br \/>B. pasteurii B. laevolacticus<br \/>B. amyloliquefaciens B. Azotofixa<\/p>\n","protected":false},"excerpt":{"rendered":"<p>Living Soil est un engrais granulaire compos\u00e9 d&rsquo;ingr\u00e9dients 100 % naturels. Il contient tous les macro- et micronutriments essentiels pour<\/p>\n","protected":false},"featured_media":196413,"comment_status":"open","ping_status":"closed","template":"","meta":[],"product_brand":[],"product_cat":[7926],"product_tag":[],"class_list":{"0":"post-196418","1":"product","2":"type-product","3":"status-publish","4":"has-post-thumbnail","6":"product_cat-growshop-fr","8":"first","9":"outofstock","10":"taxable","11":"shipping-taxable","12":"purchasable","13":"product-type-simple"},"aioseo_notices":[],"_links":{"self":[{"href":"https:\/\/www.budream.com\/fr\/wp-json\/wp\/v2\/product\/196418","targetHints":{"allow":["GET"]}}],"collection":[{"href":"https:\/\/www.budream.com\/fr\/wp-json\/wp\/v2\/product"}],"about":[{"href":"https:\/\/www.budream.com\/fr\/wp-json\/wp\/v2\/types\/product"}],"replies":[{"embeddable":true,"href":"https:\/\/www.budream.com\/fr\/wp-json\/wp\/v2\/comments?post=196418"}],"version-history":[{"count":0,"href":"https:\/\/www.budream.com\/fr\/wp-json\/wp\/v2\/product\/196418\/revisions"}],"wp:featuredmedia":[{"embeddable":true,"href":"https:\/\/www.budream.com\/fr\/wp-json\/wp\/v2\/media\/196413"}],"wp:attachment":[{"href":"https:\/\/www.budream.com\/fr\/wp-json\/wp\/v2\/media?parent=196418"}],"wp:term":[{"taxonomy":"product_brand","embeddable":true,"href":"https:\/\/www.budream.com\/fr\/wp-json\/wp\/v2\/product_brand?post=196418"},{"taxonomy":"product_cat","embeddable":true,"href":"https:\/\/www.budream.com\/fr\/wp-json\/wp\/v2\/product_cat?post=196418"},{"taxonomy":"product_tag","embeddable":true,"href":"https:\/\/www.budream.com\/fr\/wp-json\/wp\/v2\/product_tag?post=196418"}],"curies":[{"name":"wp","href":"https:\/\/api.w.org\/{rel}","templated":true}]}}