{"id":196453,"date":"2025-09-03T16:48:14","date_gmt":"2025-09-03T14:48:14","guid":{"rendered":"https:\/\/www.budream.com\/shop\/egrappoir-manuel-de-table-original-420-2\/"},"modified":"2026-04-14T15:17:36","modified_gmt":"2026-04-14T13:17:36","slug":"egrappoir-manuel-de-table-original-420-2","status":"publish","type":"product","link":"https:\/\/www.budream.com\/fr\/shop\/egrappoir-manuel-de-table-original-420-2\/","title":{"rendered":"QNUBU &#8211; D\u00c9SILEUSE DE FLEURS \u00c0 GODET MANUELLE"},"content":{"rendered":"<p>Qnubu pr\u00e9sente le nouvel \u00e9grappoir manuel pour seaux et godets.<br \/>Les diff\u00e9rentes fentes permettent une utilisation avec diff\u00e9rents diam\u00e8tres de tiges et de bourgeons, et le plastique r\u00e9sistant garantit la durabilit\u00e9. <\/p>\n<p>Facile \u00e0 utiliser, il permet de d\u00e9samorcer les fleurs rapidement et en toute s\u00e9curit\u00e9, jusqu&rsquo;\u00e0 80 % plus rapidement qu&rsquo;avec des ciseaux.<\/p>\n<p>Fonctionne avec des seaux standard de 19 litres (5 gallons)<\/p>\n<h2><span style=\"text-decoration: underline\">Avantages du d\u00e9sempileur DeBudder Qnubu<\/span><\/h2>\n<ul style=\"list-style-type: disc\">\n<li>N&rsquo;endommage pas la fleur<\/li>\n<li>S&rsquo;adapte \u00e0 diff\u00e9rentes tiges<\/li>\n<li>Convient \u00e0 tous les seaux de 19 litres<\/li>\n<li>Diam\u00e8tre de 30 cm<\/li>\n<\/ul>\n","protected":false},"excerpt":{"rendered":"<p>Qnubu pr\u00e9sente le nouvel \u00e9grappoir manuel pour seaux et godets.Les diff\u00e9rentes fentes permettent une utilisation avec diff\u00e9rents diam\u00e8tres de tiges<\/p>\n","protected":false},"featured_media":196438,"comment_status":"open","ping_status":"closed","template":"","meta":[],"product_brand":[],"product_cat":[7926],"product_tag":[],"class_list":{"0":"post-196453","1":"product","2":"type-product","3":"status-publish","4":"has-post-thumbnail","6":"product_cat-growshop-fr","8":"first","9":"instock","10":"taxable","11":"shipping-taxable","12":"purchasable","13":"product-type-simple"},"_links":{"self":[{"href":"https:\/\/www.budream.com\/fr\/wp-json\/wp\/v2\/product\/196453","targetHints":{"allow":["GET"]}}],"collection":[{"href":"https:\/\/www.budream.com\/fr\/wp-json\/wp\/v2\/product"}],"about":[{"href":"https:\/\/www.budream.com\/fr\/wp-json\/wp\/v2\/types\/product"}],"replies":[{"embeddable":true,"href":"https:\/\/www.budream.com\/fr\/wp-json\/wp\/v2\/comments?post=196453"}],"version-history":[{"count":1,"href":"https:\/\/www.budream.com\/fr\/wp-json\/wp\/v2\/product\/196453\/revisions"}],"predecessor-version":[{"id":262873,"href":"https:\/\/www.budream.com\/fr\/wp-json\/wp\/v2\/product\/196453\/revisions\/262873"}],"wp:featuredmedia":[{"embeddable":true,"href":"https:\/\/www.budream.com\/fr\/wp-json\/wp\/v2\/media\/196438"}],"wp:attachment":[{"href":"https:\/\/www.budream.com\/fr\/wp-json\/wp\/v2\/media?parent=196453"}],"wp:term":[{"taxonomy":"product_brand","embeddable":true,"href":"https:\/\/www.budream.com\/fr\/wp-json\/wp\/v2\/product_brand?post=196453"},{"taxonomy":"product_cat","embeddable":true,"href":"https:\/\/www.budream.com\/fr\/wp-json\/wp\/v2\/product_cat?post=196453"},{"taxonomy":"product_tag","embeddable":true,"href":"https:\/\/www.budream.com\/fr\/wp-json\/wp\/v2\/product_tag?post=196453"}],"curies":[{"name":"wp","href":"https:\/\/api.w.org\/{rel}","templated":true}]}}