{"id":196478,"date":"2025-09-03T16:58:51","date_gmt":"2025-09-03T14:58:51","guid":{"rendered":"https:\/\/www.budream.com\/?post_type=product&#038;p=196478"},"modified":"2025-12-18T15:44:08","modified_gmt":"2025-12-18T13:44:08","slug":"bio-nova-sticky-clean-wipes-pack-100pcs","status":"publish","type":"product","link":"https:\/\/www.budream.com\/fr\/shop\/bio-nova-sticky-clean-wipes-pack-100pcs\/","title":{"rendered":"BIO NOVA &#8211; STICKY CLEAN WIPES | PACK 100PCS"},"content":{"rendered":"<p class=\"p1\"><strong>Sticky<\/strong> Clean est une lingette nettoyante pr\u00e9-humidifi\u00e9e, pr\u00eate \u00e0 l&#8217;emploi, con\u00e7ue pour \u00e9liminer les r\u00e9sidus de r\u00e9sine sur n&rsquo;importe quelle surface.<\/p>\n<ul data-start=\"505\" data-end=\"731\">\n<li data-start=\"505\" data-end=\"551\">Test\u00e9 et approuv\u00e9 dermatologiquement<\/li>\n<li data-start=\"552\" data-end=\"598\">Formule biod\u00e9gradable et respectueuse de l&rsquo;environnement<\/li>\n<li data-start=\"599\" data-end=\"640\">Ne laisse pas d&rsquo;aur\u00e9ole ni de contamination<\/li>\n<li data-start=\"641\" data-end=\"731\">S\u00fbre et exempte de pictogrammes CLP &rarr; Aucune restriction en mati\u00e8re de transport ou de stockage<\/li>\n<\/ul>\n<p data-start=\"733\" data-end=\"767\"><strong>Nettoyage en profondeur et polyvalent : <\/strong>gr\u00e2ce \u00e0 sa formule unique, Sticky Clean \u00e9limine efficacement<\/p>\n<ul data-start=\"841\" data-end=\"964\">\n<li data-start=\"841\" data-end=\"873\">les r\u00e9sines<\/li>\n<li data-start=\"874\" data-end=\"916\">Les vernis, les peintures, les adh\u00e9sifs et les produits d&rsquo;\u00e9tanch\u00e9it\u00e9<\/li>\n<li data-start=\"917\" data-end=\"964\">les graisses, les huiles, les lubrifiants et la salet\u00e9 en g\u00e9n\u00e9ral.<\/li>\n<\/ul>\n<p data-start=\"966\" data-end=\"1001\">Les lingettes en viscose-rayonne \u00e0 tissage micro-perfor\u00e9 capturent les r\u00e9sines \u00e0 l&rsquo;int\u00e9rieur du tissu, garantissant ainsi un nettoyage sup\u00e9rieur et durable.<\/p>\n<p data-start=\"1155\" data-end=\"1194\"><strong>La commodit\u00e9 toujours \u00e0 port\u00e9e de main :<\/strong><\/p>\n<ul data-start=\"1195\" data-end=\"1434\">\n<li data-start=\"1195\" data-end=\"1272\"><strong data-start=\"1197\" data-end=\"1233\">Distribution rapide et sans effort<\/strong> &rarr; disponible en bidon ou en seau<\/li>\n<li data-start=\"1273\" data-end=\"1364\"><strong data-start=\"1275\" data-end=\"1314\">Couvercle intelligent refermable<\/strong> &rarr; les lingettes restent toujours fra\u00eeches et pr\u00eates \u00e0 l&#8217;emploi<\/li>\n<li data-start=\"1365\" data-end=\"1434\"><strong data-start=\"1367\" data-end=\"1399\">Pas de rin\u00e7age n\u00e9cessaire<\/strong> &rarr; les mains et les instruments sont imm\u00e9diatement propres<\/li>\n<\/ul>\n<h3 data-start=\"1436\" data-end=\"1456\">Mode d&#8217;emploi :<\/h3>\n<ol data-start=\"1457\" data-end=\"1711\">\n<li data-start=\"1457\" data-end=\"1489\">Prendre une lingette humide.<\/li>\n<li data-start=\"1490\" data-end=\"1520\">Humidifiez la surface.<\/li>\n<li data-start=\"1521\" data-end=\"1567\">Passez la lingette sur la zone \u00e0 traiter.<\/li>\n<li data-start=\"1568\" data-end=\"1628\">Laissez agir et d\u00e9couvrez le pouvoir nettoyant de Sticky Clean.<\/li>\n<li data-start=\"1629\" data-end=\"1711\">S&rsquo;assurer que les mains et les surfaces sont s\u00e8ches avant de reprendre le travail.<\/li>\n<\/ol>\n<p data-start=\"1713\" data-end=\"1743\"><strong>Un r\u00e9sultat optimal r\u00e9sulte de l&rsquo;\u00e9quilibre entre quatre facteurs :<\/strong><\/p>\n<ul data-start=\"1810\" data-end=\"2042\">\n<li data-start=\"1810\" data-end=\"1874\"><strong data-start=\"1812\" data-end=\"1823\">Chimique<\/strong>: le pH influence la dissolution de la salet\u00e9<\/li>\n<li data-start=\"1875\" data-end=\"1926\"><strong data-start=\"1877\" data-end=\"1888\">Friction<\/strong>: le frottement acc\u00e9l\u00e8re le nettoyage<\/li>\n<li data-start=\"1927\" data-end=\"1976\">Le<strong data-start=\"1929\" data-end=\"1938\">temps<\/strong>: laisser agir augmente l&rsquo;efficacit\u00e9<\/li>\n<li data-start=\"1977\" data-end=\"2042\"><strong data-start=\"1979\" data-end=\"1994\">Temp\u00e9rature<\/strong>: la chaleur favorise l&rsquo;\u00e9limination des r\u00e9sidus<\/li>\n<\/ul>\n<h3 data-start=\"2044\" data-end=\"2060\">Avertissements :<\/h3>\n<ul data-start=\"2061\" data-end=\"2242\">\n<li data-start=\"2061\" data-end=\"2153\">Ne pas utiliser sur les \u00e9crans LED, les lunettes, les tableaux de bord, les tableaux blancs ou les plastiques souples.<\/li>\n<li data-start=\"2154\" data-end=\"2242\">Toujours bien refermer le couvercle : si la lingette s\u00e8che, elle perd son efficacit\u00e9.<\/li>\n<\/ul>\n","protected":false},"excerpt":{"rendered":"<p>Sticky Clean est une lingette nettoyante pr\u00e9-humidifi\u00e9e, pr\u00eate \u00e0 l&#8217;emploi, con\u00e7ue pour \u00e9liminer les r\u00e9sidus de r\u00e9sine sur n&rsquo;importe quelle<\/p>\n","protected":false},"featured_media":196473,"comment_status":"open","ping_status":"closed","template":"","meta":[],"product_brand":[],"product_cat":[7949],"product_tag":[],"class_list":{"0":"post-196478","1":"product","2":"type-product","3":"status-publish","4":"has-post-thumbnail","6":"product_cat-headshop-fr","8":"first","9":"instock","10":"taxable","11":"shipping-taxable","12":"purchasable","13":"product-type-simple"},"_links":{"self":[{"href":"https:\/\/www.budream.com\/fr\/wp-json\/wp\/v2\/product\/196478","targetHints":{"allow":["GET"]}}],"collection":[{"href":"https:\/\/www.budream.com\/fr\/wp-json\/wp\/v2\/product"}],"about":[{"href":"https:\/\/www.budream.com\/fr\/wp-json\/wp\/v2\/types\/product"}],"replies":[{"embeddable":true,"href":"https:\/\/www.budream.com\/fr\/wp-json\/wp\/v2\/comments?post=196478"}],"version-history":[{"count":0,"href":"https:\/\/www.budream.com\/fr\/wp-json\/wp\/v2\/product\/196478\/revisions"}],"wp:featuredmedia":[{"embeddable":true,"href":"https:\/\/www.budream.com\/fr\/wp-json\/wp\/v2\/media\/196473"}],"wp:attachment":[{"href":"https:\/\/www.budream.com\/fr\/wp-json\/wp\/v2\/media?parent=196478"}],"wp:term":[{"taxonomy":"product_brand","embeddable":true,"href":"https:\/\/www.budream.com\/fr\/wp-json\/wp\/v2\/product_brand?post=196478"},{"taxonomy":"product_cat","embeddable":true,"href":"https:\/\/www.budream.com\/fr\/wp-json\/wp\/v2\/product_cat?post=196478"},{"taxonomy":"product_tag","embeddable":true,"href":"https:\/\/www.budream.com\/fr\/wp-json\/wp\/v2\/product_tag?post=196478"}],"curies":[{"name":"wp","href":"https:\/\/api.w.org\/{rel}","templated":true}]}}