{"id":196702,"date":"2025-09-12T12:02:07","date_gmt":"2025-09-12T10:02:07","guid":{"rendered":"https:\/\/www.budream.com\/?post_type=product&#038;p=196702"},"modified":"2026-03-23T12:27:42","modified_gmt":"2026-03-23T10:27:42","slug":"ortoled-controller-0-10-pwm-2-canaux-ec4330","status":"publish","type":"product","link":"https:\/\/www.budream.com\/fr\/shop\/ortoled-controller-0-10-pwm-2-canaux-ec4330\/","title":{"rendered":"ORTOLED &#8211; CONTROLLER 0-10 &amp; PWM 2 CANAUX EC4330"},"content":{"rendered":"<p class=\"p1\">Le contr\u00f4leur \u00e0 \u00e9cran tactile ORTOLED 0-10V &amp; PWM EC43340 2 SEPARATE CHANNELS est con\u00e7u pour le contr\u00f4le pr\u00e9cis des syst\u00e8mes d&rsquo;\u00e9clairage LED o\u00f9 plusieurs canaux doivent \u00eatre contr\u00f4l\u00e9s s\u00e9par\u00e9ment avec une seule connexion, offrant une sortie de signal 0-10V avec une puissance maximale de 50mA et un contr\u00f4le PWM avanc\u00e9. Aliment\u00e9 \u00e0 5V avec une consommation de 2A, l&rsquo;appareil peut contr\u00f4ler jusqu&rsquo;\u00e0 30 lampes LED, ce qui le rend id\u00e9al pour les applications d&rsquo;\u00e9clairage commerciales et r\u00e9sidentielles.<br \/>Une excellente solution pour contr\u00f4ler jusqu&rsquo;\u00e0 4 canaux.<\/p>\n<p class=\"p1\">Le design compact, avec des dimensions de 145x80x28 mm et un poids de 310 g, comprend des ports RJ14 pour le signal 0-10V, RJ19 pour le contr\u00f4le PWM et une entr\u00e9e d\u00e9di\u00e9e pour le capteur de temp\u00e9rature et d&rsquo;humidit\u00e9, afin d&rsquo;offrir un contr\u00f4le complet et fiable sur une plage de temp\u00e9rature de fonctionnement de 0&deg;C \u00e0 40&deg;C.<\/p>\n<p>Convient pour ORTOLED DUAL HL 780W cycle complet+UV<\/p>\n<p><\/p>\n<h2><span style=\"text-decoration: underline\"><strong>Caract\u00e9ristiques Contr\u00f4leur Ortoled 0-10 &amp; PWM EC4330 :<\/strong><\/span><\/h2>\n<p>&#8211; Lorsque les lampes de culture LED ont une fonction de commutation de spectre, notre contr\u00f4leur peut g\u00e9rer cette commutation.<br \/>&#8211; Contr\u00f4le \u00e0 quatre canaux.<br \/>&#8211; Contr\u00f4le de la puissance.<br \/>&#8211; R\u00e9glage du mode sc\u00e8ne.<br \/>&#8211; Contr\u00f4le de la puissance ou de l&rsquo;interrupteur avec division du temps.<br \/>&#8211; R\u00e9glages du lever et du coucher du soleil et surveillance du PPFD.<br \/>&#8211; R\u00e9duction de la puissance ou extinction de la lumi\u00e8re en cas de temp\u00e9rature \u00e9lev\u00e9e.<br \/>&#8211; Extension des fonctionnalit\u00e9s : test PPFD, prise intelligente, dioxyde de carbone.<br \/>&#8211; Contr\u00f4le de l&rsquo;aspiration et de la ventilation avec 2 canaux PWM<\/p>\n","protected":false},"excerpt":{"rendered":"<p>Le contr\u00f4leur \u00e0 \u00e9cran tactile ORTOLED 0-10V &amp; PWM EC43340 2 SEPARATE CHANNELS est con\u00e7u pour le contr\u00f4le pr\u00e9cis des<\/p>\n","protected":false},"featured_media":196707,"comment_status":"open","ping_status":"closed","template":"","meta":[],"product_brand":[],"product_cat":[7935],"product_tag":[],"class_list":{"0":"post-196702","1":"product","2":"type-product","3":"status-publish","4":"has-post-thumbnail","6":"product_cat-lampe-led","8":"first","9":"instock","10":"taxable","11":"shipping-taxable","12":"purchasable","13":"product-type-simple"},"_links":{"self":[{"href":"https:\/\/www.budream.com\/fr\/wp-json\/wp\/v2\/product\/196702","targetHints":{"allow":["GET"]}}],"collection":[{"href":"https:\/\/www.budream.com\/fr\/wp-json\/wp\/v2\/product"}],"about":[{"href":"https:\/\/www.budream.com\/fr\/wp-json\/wp\/v2\/types\/product"}],"replies":[{"embeddable":true,"href":"https:\/\/www.budream.com\/fr\/wp-json\/wp\/v2\/comments?post=196702"}],"version-history":[{"count":0,"href":"https:\/\/www.budream.com\/fr\/wp-json\/wp\/v2\/product\/196702\/revisions"}],"wp:featuredmedia":[{"embeddable":true,"href":"https:\/\/www.budream.com\/fr\/wp-json\/wp\/v2\/media\/196707"}],"wp:attachment":[{"href":"https:\/\/www.budream.com\/fr\/wp-json\/wp\/v2\/media?parent=196702"}],"wp:term":[{"taxonomy":"product_brand","embeddable":true,"href":"https:\/\/www.budream.com\/fr\/wp-json\/wp\/v2\/product_brand?post=196702"},{"taxonomy":"product_cat","embeddable":true,"href":"https:\/\/www.budream.com\/fr\/wp-json\/wp\/v2\/product_cat?post=196702"},{"taxonomy":"product_tag","embeddable":true,"href":"https:\/\/www.budream.com\/fr\/wp-json\/wp\/v2\/product_tag?post=196702"}],"curies":[{"name":"wp","href":"https:\/\/api.w.org\/{rel}","templated":true}]}}